{"id":279163,"date":"2025-07-22T21:45:59","date_gmt":"2025-07-22T19:45:59","guid":{"rendered":"https:\/\/mueller-trade.com\/shop\/unkategorisiert\/tablier-a-bavette-pour-femmes-70x61\/"},"modified":"2025-07-22T21:46:00","modified_gmt":"2025-07-22T19:46:00","slug":"tablier-a-bavette-pour-femmes-70x61","status":"publish","type":"product","link":"https:\/\/mueller-trade.com\/fr\/shop\/service-kueche\/sk-apron\/denimaprons-sk\/tablier-a-bavette-pour-femmes-70x61\/","title":{"rendered":"Tablier \u00e0 bavette pour femmes 70&#215;61"},"content":{"rendered":"<p>Tablier \u00e0 bavette pour femmes en denim 70 x 61 cm, largeur\/longueur 70 x 61 cm, poches plaqu\u00e9es, tour de cou r\u00e9glable. \u00b7Tissu : 98 % coton, 2 % \u00e9lasthanne, 310 g\/m\u00b2 TAILLES : TAILLE UNIQUE<\/p>\n","protected":false},"excerpt":{"rendered":"<p>Tablier \u00e0 bavette pour femmes en denim 70 x 61 cm, largeur\/longueur 70 x 61 cm, poches plaqu\u00e9es, tour de cou r\u00e9glable. \u00b7Tissu : 98 % coton, 2 % \u00e9lasthanne, 310 g\/m\u00b2 TAILLES : TAILLE UNIQUE [&#8230;]<\/p>\n<p><a class=\"btn btn-secondary understrap-read-more-link\" href=\"https:\/\/mueller-trade.com\/fr\/shop\/service-kueche\/sk-apron\/denimaprons-sk\/tablier-a-bavette-pour-femmes-70x61\/\">plus<span class=\"screen-reader-text\"> from Tablier \u00e0 bavette pour femmes 70&#215;61<\/span><\/a><\/p>\n","protected":false},"featured_media":279160,"template":"","meta":{"_acf_changed":false,"inline_featured_image":false},"pwb-brand":[],"product_cat":[384,404,33,511,512,509],"product_tag":[],"class_list":{"0":"post-279163","1":"product","2":"type-product","3":"status-publish","4":"has-post-thumbnail","6":"product_cat-all","7":"product_cat-apron","8":"product_cat-service-kueche","9":"product_cat-denimaprons-sk","10":"product_cat-bibaprons-sk","11":"product_cat-sk-apron","12":"pa_color-010-noir-denim","13":"pa_gender-femmes","15":"first","16":"instock","17":"sold-individually","18":"taxable","19":"shipping-taxable","20":"purchasable","21":"product-type-simple"},"yoast_head":"<title>Tablier \u00e0 bavette pour femmes 70x61 - M\u00fcller Trade<\/title>\n<meta name=\"description\" content=\"Tablier \u00e0 bavette pour femmes 70x61 - M\u00fcller Trade\" \/>\n<meta name=\"robots\" content=\"index, follow, max-snippet:-1, max-image-preview:large, max-video-preview:-1\" \/>\n<link rel=\"canonical\" href=\"https:\/\/mueller-trade.com\/fr\/shop\/service-kueche\/sk-apron\/denimaprons-sk\/tablier-a-bavette-pour-femmes-70x61\/\" \/>\n<meta property=\"og:locale\" content=\"fr_FR\" \/>\n<meta property=\"og:type\" content=\"article\" \/>\n<meta property=\"og:title\" content=\"Tablier \u00e0 bavette pour femmes 70x61 - M\u00fcller Trade\" \/>\n<meta property=\"og:description\" content=\"Tablier \u00e0 bavette pour femmes 70x61 - M\u00fcller Trade\" \/>\n<meta property=\"og:url\" content=\"https:\/\/mueller-trade.com\/fr\/shop\/service-kueche\/sk-apron\/denimaprons-sk\/tablier-a-bavette-pour-femmes-70x61\/\" \/>\n<meta property=\"og:site_name\" content=\"M\u00fcller Trade\" \/>\n<meta property=\"article:modified_time\" content=\"2025-07-22T19:46:00+00:00\" \/>\n<meta property=\"og:image\" content=\"https:\/\/mueller-trade.com\/wp-content\/uploads\/sites\/2\/44116_6900_010.jpg\" \/>\n\t<meta property=\"og:image:width\" content=\"1500\" \/>\n\t<meta property=\"og:image:height\" content=\"2275\" \/>\n\t<meta property=\"og:image:type\" content=\"image\/jpeg\" \/>\n<meta name=\"twitter:card\" content=\"summary_large_image\" \/>\n<script type=\"application\/ld+json\" class=\"yoast-schema-graph\">{\"@context\":\"https:\/\/schema.org\",\"@graph\":[{\"@type\":\"WebPage\",\"@id\":\"https:\/\/mueller-trade.com\/fr\/shop\/service-kueche\/sk-apron\/denimaprons-sk\/tablier-a-bavette-pour-femmes-70x61\/\",\"url\":\"https:\/\/mueller-trade.com\/fr\/shop\/service-kueche\/sk-apron\/denimaprons-sk\/tablier-a-bavette-pour-femmes-70x61\/\",\"name\":\"Tablier \u00e0 bavette pour femmes 70x61 - M\u00fcller Trade\",\"isPartOf\":{\"@id\":\"https:\/\/mueller-trade.com\/fr\/#website\"},\"primaryImageOfPage\":{\"@id\":\"https:\/\/mueller-trade.com\/fr\/shop\/service-kueche\/sk-apron\/denimaprons-sk\/tablier-a-bavette-pour-femmes-70x61\/#primaryimage\"},\"image\":{\"@id\":\"https:\/\/mueller-trade.com\/fr\/shop\/service-kueche\/sk-apron\/denimaprons-sk\/tablier-a-bavette-pour-femmes-70x61\/#primaryimage\"},\"thumbnailUrl\":\"https:\/\/mueller-trade.com\/wp-content\/uploads\/sites\/2\/44116_6900_010.jpg\",\"datePublished\":\"2025-07-22T19:45:59+00:00\",\"dateModified\":\"2025-07-22T19:46:00+00:00\",\"description\":\"Tablier \u00e0 bavette pour femmes 70x61 - M\u00fcller Trade\",\"breadcrumb\":{\"@id\":\"https:\/\/mueller-trade.com\/fr\/shop\/service-kueche\/sk-apron\/denimaprons-sk\/tablier-a-bavette-pour-femmes-70x61\/#breadcrumb\"},\"inLanguage\":\"fr-FR\",\"potentialAction\":[{\"@type\":\"ReadAction\",\"target\":[\"https:\/\/mueller-trade.com\/fr\/shop\/service-kueche\/sk-apron\/denimaprons-sk\/tablier-a-bavette-pour-femmes-70x61\/\"]}]},{\"@type\":\"ImageObject\",\"inLanguage\":\"fr-FR\",\"@id\":\"https:\/\/mueller-trade.com\/fr\/shop\/service-kueche\/sk-apron\/denimaprons-sk\/tablier-a-bavette-pour-femmes-70x61\/#primaryimage\",\"url\":\"https:\/\/mueller-trade.com\/wp-content\/uploads\/sites\/2\/44116_6900_010.jpg\",\"contentUrl\":\"https:\/\/mueller-trade.com\/wp-content\/uploads\/sites\/2\/44116_6900_010.jpg\",\"width\":1500,\"height\":2275},{\"@type\":\"BreadcrumbList\",\"@id\":\"https:\/\/mueller-trade.com\/fr\/shop\/service-kueche\/sk-apron\/denimaprons-sk\/tablier-a-bavette-pour-femmes-70x61\/#breadcrumb\",\"itemListElement\":[{\"@type\":\"ListItem\",\"position\":1,\"name\":\"Startseite\",\"item\":\"https:\/\/mueller-trade.com\/fr\/\"},{\"@type\":\"ListItem\",\"position\":2,\"name\":\"Shop\",\"item\":\"https:\/\/mueller-trade.com\/fr\/shop\/\"},{\"@type\":\"ListItem\",\"position\":3,\"name\":\"Tablier \u00e0 bavette pour femmes 70&#215;61\"}]},{\"@type\":\"WebSite\",\"@id\":\"https:\/\/mueller-trade.com\/fr\/#website\",\"url\":\"https:\/\/mueller-trade.com\/fr\/\",\"name\":\"M\u00fcller Trade\",\"description\":\"VOTRE BOUTIQUE B2B DE V\u00caTEMENTS PROFESSIONNELS\",\"publisher\":{\"@id\":\"https:\/\/mueller-trade.com\/fr\/#organization\"},\"potentialAction\":[{\"@type\":\"SearchAction\",\"target\":{\"@type\":\"EntryPoint\",\"urlTemplate\":\"https:\/\/mueller-trade.com\/fr\/?s={search_term_string}\"},\"query-input\":{\"@type\":\"PropertyValueSpecification\",\"valueRequired\":true,\"valueName\":\"search_term_string\"}}],\"inLanguage\":\"fr-FR\"},{\"@type\":\"Organization\",\"@id\":\"https:\/\/mueller-trade.com\/fr\/#organization\",\"name\":\"M\u00fcller Trade Corporate Clothing\",\"url\":\"https:\/\/mueller-trade.com\/fr\/\",\"logo\":{\"@type\":\"ImageObject\",\"inLanguage\":\"fr-FR\",\"@id\":\"https:\/\/mueller-trade.com\/fr\/#\/schema\/logo\/image\/\",\"url\":\"https:\/\/mueller-trade.com\/wp-content\/uploads\/sites\/2\/cropped-cropped-mt-icon.png\",\"contentUrl\":\"https:\/\/mueller-trade.com\/wp-content\/uploads\/sites\/2\/cropped-cropped-mt-icon.png\",\"width\":512,\"height\":512,\"caption\":\"M\u00fcller Trade Corporate Clothing\"},\"image\":{\"@id\":\"https:\/\/mueller-trade.com\/fr\/#\/schema\/logo\/image\/\"}}]}<\/script>","yoast_head_json":{"title":"Tablier \u00e0 bavette pour femmes 70x61 - M\u00fcller Trade","description":"Tablier \u00e0 bavette pour femmes 70x61 - M\u00fcller Trade","robots":{"index":"index","follow":"follow","max-snippet":"max-snippet:-1","max-image-preview":"max-image-preview:large","max-video-preview":"max-video-preview:-1"},"canonical":"https:\/\/mueller-trade.com\/fr\/shop\/service-kueche\/sk-apron\/denimaprons-sk\/tablier-a-bavette-pour-femmes-70x61\/","og_locale":"fr_FR","og_type":"article","og_title":"Tablier \u00e0 bavette pour femmes 70x61 - M\u00fcller Trade","og_description":"Tablier \u00e0 bavette pour femmes 70x61 - M\u00fcller Trade","og_url":"https:\/\/mueller-trade.com\/fr\/shop\/service-kueche\/sk-apron\/denimaprons-sk\/tablier-a-bavette-pour-femmes-70x61\/","og_site_name":"M\u00fcller Trade","article_modified_time":"2025-07-22T19:46:00+00:00","og_image":[{"width":1500,"height":2275,"url":"https:\/\/mueller-trade.com\/wp-content\/uploads\/sites\/2\/44116_6900_010.jpg","type":"image\/jpeg"}],"twitter_card":"summary_large_image","schema":{"@context":"https:\/\/schema.org","@graph":[{"@type":"WebPage","@id":"https:\/\/mueller-trade.com\/fr\/shop\/service-kueche\/sk-apron\/denimaprons-sk\/tablier-a-bavette-pour-femmes-70x61\/","url":"https:\/\/mueller-trade.com\/fr\/shop\/service-kueche\/sk-apron\/denimaprons-sk\/tablier-a-bavette-pour-femmes-70x61\/","name":"Tablier \u00e0 bavette pour femmes 70x61 - M\u00fcller Trade","isPartOf":{"@id":"https:\/\/mueller-trade.com\/fr\/#website"},"primaryImageOfPage":{"@id":"https:\/\/mueller-trade.com\/fr\/shop\/service-kueche\/sk-apron\/denimaprons-sk\/tablier-a-bavette-pour-femmes-70x61\/#primaryimage"},"image":{"@id":"https:\/\/mueller-trade.com\/fr\/shop\/service-kueche\/sk-apron\/denimaprons-sk\/tablier-a-bavette-pour-femmes-70x61\/#primaryimage"},"thumbnailUrl":"https:\/\/mueller-trade.com\/wp-content\/uploads\/sites\/2\/44116_6900_010.jpg","datePublished":"2025-07-22T19:45:59+00:00","dateModified":"2025-07-22T19:46:00+00:00","description":"Tablier \u00e0 bavette pour femmes 70x61 - M\u00fcller Trade","breadcrumb":{"@id":"https:\/\/mueller-trade.com\/fr\/shop\/service-kueche\/sk-apron\/denimaprons-sk\/tablier-a-bavette-pour-femmes-70x61\/#breadcrumb"},"inLanguage":"fr-FR","potentialAction":[{"@type":"ReadAction","target":["https:\/\/mueller-trade.com\/fr\/shop\/service-kueche\/sk-apron\/denimaprons-sk\/tablier-a-bavette-pour-femmes-70x61\/"]}]},{"@type":"ImageObject","inLanguage":"fr-FR","@id":"https:\/\/mueller-trade.com\/fr\/shop\/service-kueche\/sk-apron\/denimaprons-sk\/tablier-a-bavette-pour-femmes-70x61\/#primaryimage","url":"https:\/\/mueller-trade.com\/wp-content\/uploads\/sites\/2\/44116_6900_010.jpg","contentUrl":"https:\/\/mueller-trade.com\/wp-content\/uploads\/sites\/2\/44116_6900_010.jpg","width":1500,"height":2275},{"@type":"BreadcrumbList","@id":"https:\/\/mueller-trade.com\/fr\/shop\/service-kueche\/sk-apron\/denimaprons-sk\/tablier-a-bavette-pour-femmes-70x61\/#breadcrumb","itemListElement":[{"@type":"ListItem","position":1,"name":"Startseite","item":"https:\/\/mueller-trade.com\/fr\/"},{"@type":"ListItem","position":2,"name":"Shop","item":"https:\/\/mueller-trade.com\/fr\/shop\/"},{"@type":"ListItem","position":3,"name":"Tablier \u00e0 bavette pour femmes 70&#215;61"}]},{"@type":"WebSite","@id":"https:\/\/mueller-trade.com\/fr\/#website","url":"https:\/\/mueller-trade.com\/fr\/","name":"M\u00fcller Trade","description":"VOTRE BOUTIQUE B2B DE V\u00caTEMENTS PROFESSIONNELS","publisher":{"@id":"https:\/\/mueller-trade.com\/fr\/#organization"},"potentialAction":[{"@type":"SearchAction","target":{"@type":"EntryPoint","urlTemplate":"https:\/\/mueller-trade.com\/fr\/?s={search_term_string}"},"query-input":{"@type":"PropertyValueSpecification","valueRequired":true,"valueName":"search_term_string"}}],"inLanguage":"fr-FR"},{"@type":"Organization","@id":"https:\/\/mueller-trade.com\/fr\/#organization","name":"M\u00fcller Trade Corporate Clothing","url":"https:\/\/mueller-trade.com\/fr\/","logo":{"@type":"ImageObject","inLanguage":"fr-FR","@id":"https:\/\/mueller-trade.com\/fr\/#\/schema\/logo\/image\/","url":"https:\/\/mueller-trade.com\/wp-content\/uploads\/sites\/2\/cropped-cropped-mt-icon.png","contentUrl":"https:\/\/mueller-trade.com\/wp-content\/uploads\/sites\/2\/cropped-cropped-mt-icon.png","width":512,"height":512,"caption":"M\u00fcller Trade Corporate Clothing"},"image":{"@id":"https:\/\/mueller-trade.com\/fr\/#\/schema\/logo\/image\/"}}]}},"acf":[],"brands":[],"_links":{"self":[{"href":"https:\/\/mueller-trade.com\/fr\/wp-json\/wp\/v2\/product\/279163"}],"collection":[{"href":"https:\/\/mueller-trade.com\/fr\/wp-json\/wp\/v2\/product"}],"about":[{"href":"https:\/\/mueller-trade.com\/fr\/wp-json\/wp\/v2\/types\/product"}],"wp:featuredmedia":[{"embeddable":true,"href":"https:\/\/mueller-trade.com\/fr\/wp-json\/wp\/v2\/media\/279160"}],"wp:attachment":[{"href":"https:\/\/mueller-trade.com\/fr\/wp-json\/wp\/v2\/media?parent=279163"}],"wp:term":[{"taxonomy":"pwb-brand","embeddable":true,"href":"https:\/\/mueller-trade.com\/fr\/wp-json\/wp\/v2\/pwb-brand?post=279163"},{"taxonomy":"product_cat","embeddable":true,"href":"https:\/\/mueller-trade.com\/fr\/wp-json\/wp\/v2\/product_cat?post=279163"},{"taxonomy":"product_tag","embeddable":true,"href":"https:\/\/mueller-trade.com\/fr\/wp-json\/wp\/v2\/product_tag?post=279163"}],"curies":[{"name":"wp","href":"https:\/\/api.w.org\/{rel}","templated":true}]}}