{"id":276873,"date":"2025-07-22T20:06:31","date_gmt":"2025-07-22T18:06:31","guid":{"rendered":"https:\/\/mueller-trade.com\/shop\/unkategorisiert\/tunique-rf-pour-femmes\/"},"modified":"2025-09-01T11:10:11","modified_gmt":"2025-09-01T09:10:11","slug":"tunique-rf-pour-femmes","status":"publish","type":"product","link":"https:\/\/mueller-trade.com\/fr\/shop\/medical-fr\/tuniques-casaques-medical-fr\/manches-courtes-medical-fr\/tunique-rf-pour-femmes\/","title":{"rendered":"Tunique RF pour femmes"},"content":{"rendered":"<p>Tunique femme RF Care coupe classique, col montant, manches courtes, patte de boutonnage asym\u00e9trique, 2 poches plaqu\u00e9es, boutons-pression aspect nacr\u00e9, coutures viennoises \u00e0 l&rsquo;avant et dans le dos, porte-cl\u00e9s int\u00e9gr\u00e9 dans la poche gauche, longueur dos 71<\/p>\n","protected":false},"excerpt":{"rendered":"<p>Tunique femme RF Care coupe classique, col montant, manches courtes, patte de boutonnage asym\u00e9trique, 2 poches plaqu\u00e9es, boutons-pression aspect nacr\u00e9, coutures viennoises \u00e0 l&rsquo;avant et dans le dos, porte-cl\u00e9s int\u00e9gr\u00e9 dans la poche gauche, longueur dos 71 [&#8230;]<\/p>\n<p><a class=\"btn btn-secondary understrap-read-more-link\" href=\"https:\/\/mueller-trade.com\/fr\/shop\/medical-fr\/tuniques-casaques-medical-fr\/manches-courtes-medical-fr\/tunique-rf-pour-femmes\/\">plus<span class=\"screen-reader-text\"> from Tunique RF pour femmes<\/span><\/a><\/p>\n","protected":false},"featured_media":276870,"template":"","meta":{"_acf_changed":false,"inline_featured_image":false},"pwb-brand":[4547],"product_cat":[1262,3377,384,408,465,473,470,3444,3451,3449,475,486,483,3454,3465,3463],"product_tag":[],"class_list":{"0":"post-276873","1":"product","2":"type-product","3":"status-publish","4":"has-post-thumbnail","6":"pwb-brand-greiff-fr","7":"product_cat-tout","8":"product_cat-tuniques-casaques","9":"product_cat-all","10":"product_cat-tunicas","11":"product_cat-housekeeping","12":"product_cat-shortsleeve-tunics-hsk","13":"product_cat-hsk-tunicas","14":"product_cat-housekeeping-fr","15":"product_cat-manches-courtes-hsk-fr","16":"product_cat-tuniques-casaques-hsk-fr","17":"product_cat-medical","18":"product_cat-shortsleeve-tunics","19":"product_cat-tunicas-medical","20":"product_cat-medical-fr","21":"product_cat-manches-courtes-medical-fr","22":"product_cat-tuniques-casaques-medical-fr","23":"pa_color-010-noir","24":"pa_color-022-bleu-fonce","25":"pa_color-040-vert-fonce","26":"pa_color-053-bordeaux-1","27":"pa_color-090-blanc","28":"pa_fit-regular-fit","29":"pa_gender-femmes","30":"pa_size-international-xs-fr","31":"pa_size-international-s-fr","32":"pa_size-international-m-fr","33":"pa_size-international-l-fr","34":"pa_size-international-xl-fr","35":"pa_size-international-xxl-fr","36":"pa_size-international-3xl-fr","37":"pa_size-international-4xl-fr","39":"first","40":"instock","41":"sold-individually","42":"taxable","43":"shipping-taxable","44":"purchasable","45":"product-type-variable"},"yoast_head":"<title>Tunique RF pour femmes - M\u00fcller Trade<\/title>\n<meta name=\"description\" content=\"Tunique RF pour femmes - M\u00fcller Trade\" \/>\n<meta name=\"robots\" content=\"index, follow, max-snippet:-1, max-image-preview:large, max-video-preview:-1\" \/>\n<link rel=\"canonical\" href=\"https:\/\/mueller-trade.com\/fr\/shop\/medical-fr\/tuniques-casaques-medical-fr\/manches-courtes-medical-fr\/tunique-rf-pour-femmes\/\" \/>\n<meta property=\"og:locale\" content=\"fr_FR\" \/>\n<meta property=\"og:type\" content=\"article\" \/>\n<meta property=\"og:title\" content=\"Tunique RF pour femmes - M\u00fcller Trade\" \/>\n<meta property=\"og:description\" content=\"Tunique RF pour femmes - M\u00fcller Trade\" \/>\n<meta property=\"og:url\" content=\"https:\/\/mueller-trade.com\/fr\/shop\/medical-fr\/tuniques-casaques-medical-fr\/manches-courtes-medical-fr\/tunique-rf-pour-femmes\/\" \/>\n<meta property=\"og:site_name\" content=\"M\u00fcller Trade\" \/>\n<meta property=\"article:modified_time\" content=\"2025-09-01T09:10:11+00:00\" \/>\n<meta property=\"og:image\" content=\"https:\/\/mueller-trade.com\/wp-content\/uploads\/sites\/2\/5110_6560_022.jpg\" \/>\n\t<meta property=\"og:image:width\" content=\"1500\" \/>\n\t<meta property=\"og:image:height\" content=\"2275\" \/>\n\t<meta property=\"og:image:type\" content=\"image\/jpeg\" \/>\n<meta name=\"twitter:card\" content=\"summary_large_image\" \/>\n<script type=\"application\/ld+json\" class=\"yoast-schema-graph\">{\"@context\":\"https:\/\/schema.org\",\"@graph\":[{\"@type\":\"WebPage\",\"@id\":\"https:\/\/mueller-trade.com\/fr\/shop\/medical-fr\/tuniques-casaques-medical-fr\/manches-courtes-medical-fr\/tunique-rf-pour-femmes\/\",\"url\":\"https:\/\/mueller-trade.com\/fr\/shop\/medical-fr\/tuniques-casaques-medical-fr\/manches-courtes-medical-fr\/tunique-rf-pour-femmes\/\",\"name\":\"Tunique RF pour femmes - M\u00fcller Trade\",\"isPartOf\":{\"@id\":\"https:\/\/mueller-trade.com\/fr\/#website\"},\"primaryImageOfPage\":{\"@id\":\"https:\/\/mueller-trade.com\/fr\/shop\/medical-fr\/tuniques-casaques-medical-fr\/manches-courtes-medical-fr\/tunique-rf-pour-femmes\/#primaryimage\"},\"image\":{\"@id\":\"https:\/\/mueller-trade.com\/fr\/shop\/medical-fr\/tuniques-casaques-medical-fr\/manches-courtes-medical-fr\/tunique-rf-pour-femmes\/#primaryimage\"},\"thumbnailUrl\":\"https:\/\/mueller-trade.com\/wp-content\/uploads\/sites\/2\/5110_6560_022.jpg\",\"datePublished\":\"2025-07-22T18:06:31+00:00\",\"dateModified\":\"2025-09-01T09:10:11+00:00\",\"description\":\"Tunique RF pour femmes - M\u00fcller Trade\",\"breadcrumb\":{\"@id\":\"https:\/\/mueller-trade.com\/fr\/shop\/medical-fr\/tuniques-casaques-medical-fr\/manches-courtes-medical-fr\/tunique-rf-pour-femmes\/#breadcrumb\"},\"inLanguage\":\"fr-FR\",\"potentialAction\":[{\"@type\":\"ReadAction\",\"target\":[\"https:\/\/mueller-trade.com\/fr\/shop\/medical-fr\/tuniques-casaques-medical-fr\/manches-courtes-medical-fr\/tunique-rf-pour-femmes\/\"]}]},{\"@type\":\"ImageObject\",\"inLanguage\":\"fr-FR\",\"@id\":\"https:\/\/mueller-trade.com\/fr\/shop\/medical-fr\/tuniques-casaques-medical-fr\/manches-courtes-medical-fr\/tunique-rf-pour-femmes\/#primaryimage\",\"url\":\"https:\/\/mueller-trade.com\/wp-content\/uploads\/sites\/2\/5110_6560_022.jpg\",\"contentUrl\":\"https:\/\/mueller-trade.com\/wp-content\/uploads\/sites\/2\/5110_6560_022.jpg\",\"width\":1500,\"height\":2275},{\"@type\":\"BreadcrumbList\",\"@id\":\"https:\/\/mueller-trade.com\/fr\/shop\/medical-fr\/tuniques-casaques-medical-fr\/manches-courtes-medical-fr\/tunique-rf-pour-femmes\/#breadcrumb\",\"itemListElement\":[{\"@type\":\"ListItem\",\"position\":1,\"name\":\"Startseite\",\"item\":\"https:\/\/mueller-trade.com\/fr\/\"},{\"@type\":\"ListItem\",\"position\":2,\"name\":\"Shop\",\"item\":\"https:\/\/mueller-trade.com\/fr\/shop\/\"},{\"@type\":\"ListItem\",\"position\":3,\"name\":\"Tunique RF pour femmes\"}]},{\"@type\":\"WebSite\",\"@id\":\"https:\/\/mueller-trade.com\/fr\/#website\",\"url\":\"https:\/\/mueller-trade.com\/fr\/\",\"name\":\"M\u00fcller Trade\",\"description\":\"VOTRE BOUTIQUE B2B DE V\u00caTEMENTS PROFESSIONNELS\",\"publisher\":{\"@id\":\"https:\/\/mueller-trade.com\/fr\/#organization\"},\"potentialAction\":[{\"@type\":\"SearchAction\",\"target\":{\"@type\":\"EntryPoint\",\"urlTemplate\":\"https:\/\/mueller-trade.com\/fr\/?s={search_term_string}\"},\"query-input\":{\"@type\":\"PropertyValueSpecification\",\"valueRequired\":true,\"valueName\":\"search_term_string\"}}],\"inLanguage\":\"fr-FR\"},{\"@type\":\"Organization\",\"@id\":\"https:\/\/mueller-trade.com\/fr\/#organization\",\"name\":\"M\u00fcller Trade Corporate Clothing\",\"url\":\"https:\/\/mueller-trade.com\/fr\/\",\"logo\":{\"@type\":\"ImageObject\",\"inLanguage\":\"fr-FR\",\"@id\":\"https:\/\/mueller-trade.com\/fr\/#\/schema\/logo\/image\/\",\"url\":\"https:\/\/mueller-trade.com\/wp-content\/uploads\/sites\/2\/cropped-cropped-mt-icon.png\",\"contentUrl\":\"https:\/\/mueller-trade.com\/wp-content\/uploads\/sites\/2\/cropped-cropped-mt-icon.png\",\"width\":512,\"height\":512,\"caption\":\"M\u00fcller Trade Corporate Clothing\"},\"image\":{\"@id\":\"https:\/\/mueller-trade.com\/fr\/#\/schema\/logo\/image\/\"}}]}<\/script>","yoast_head_json":{"title":"Tunique RF pour femmes - M\u00fcller Trade","description":"Tunique RF pour femmes - M\u00fcller Trade","robots":{"index":"index","follow":"follow","max-snippet":"max-snippet:-1","max-image-preview":"max-image-preview:large","max-video-preview":"max-video-preview:-1"},"canonical":"https:\/\/mueller-trade.com\/fr\/shop\/medical-fr\/tuniques-casaques-medical-fr\/manches-courtes-medical-fr\/tunique-rf-pour-femmes\/","og_locale":"fr_FR","og_type":"article","og_title":"Tunique RF pour femmes - M\u00fcller Trade","og_description":"Tunique RF pour femmes - M\u00fcller Trade","og_url":"https:\/\/mueller-trade.com\/fr\/shop\/medical-fr\/tuniques-casaques-medical-fr\/manches-courtes-medical-fr\/tunique-rf-pour-femmes\/","og_site_name":"M\u00fcller Trade","article_modified_time":"2025-09-01T09:10:11+00:00","og_image":[{"width":1500,"height":2275,"url":"https:\/\/mueller-trade.com\/wp-content\/uploads\/sites\/2\/5110_6560_022.jpg","type":"image\/jpeg"}],"twitter_card":"summary_large_image","schema":{"@context":"https:\/\/schema.org","@graph":[{"@type":"WebPage","@id":"https:\/\/mueller-trade.com\/fr\/shop\/medical-fr\/tuniques-casaques-medical-fr\/manches-courtes-medical-fr\/tunique-rf-pour-femmes\/","url":"https:\/\/mueller-trade.com\/fr\/shop\/medical-fr\/tuniques-casaques-medical-fr\/manches-courtes-medical-fr\/tunique-rf-pour-femmes\/","name":"Tunique RF pour femmes - M\u00fcller Trade","isPartOf":{"@id":"https:\/\/mueller-trade.com\/fr\/#website"},"primaryImageOfPage":{"@id":"https:\/\/mueller-trade.com\/fr\/shop\/medical-fr\/tuniques-casaques-medical-fr\/manches-courtes-medical-fr\/tunique-rf-pour-femmes\/#primaryimage"},"image":{"@id":"https:\/\/mueller-trade.com\/fr\/shop\/medical-fr\/tuniques-casaques-medical-fr\/manches-courtes-medical-fr\/tunique-rf-pour-femmes\/#primaryimage"},"thumbnailUrl":"https:\/\/mueller-trade.com\/wp-content\/uploads\/sites\/2\/5110_6560_022.jpg","datePublished":"2025-07-22T18:06:31+00:00","dateModified":"2025-09-01T09:10:11+00:00","description":"Tunique RF pour femmes - M\u00fcller Trade","breadcrumb":{"@id":"https:\/\/mueller-trade.com\/fr\/shop\/medical-fr\/tuniques-casaques-medical-fr\/manches-courtes-medical-fr\/tunique-rf-pour-femmes\/#breadcrumb"},"inLanguage":"fr-FR","potentialAction":[{"@type":"ReadAction","target":["https:\/\/mueller-trade.com\/fr\/shop\/medical-fr\/tuniques-casaques-medical-fr\/manches-courtes-medical-fr\/tunique-rf-pour-femmes\/"]}]},{"@type":"ImageObject","inLanguage":"fr-FR","@id":"https:\/\/mueller-trade.com\/fr\/shop\/medical-fr\/tuniques-casaques-medical-fr\/manches-courtes-medical-fr\/tunique-rf-pour-femmes\/#primaryimage","url":"https:\/\/mueller-trade.com\/wp-content\/uploads\/sites\/2\/5110_6560_022.jpg","contentUrl":"https:\/\/mueller-trade.com\/wp-content\/uploads\/sites\/2\/5110_6560_022.jpg","width":1500,"height":2275},{"@type":"BreadcrumbList","@id":"https:\/\/mueller-trade.com\/fr\/shop\/medical-fr\/tuniques-casaques-medical-fr\/manches-courtes-medical-fr\/tunique-rf-pour-femmes\/#breadcrumb","itemListElement":[{"@type":"ListItem","position":1,"name":"Startseite","item":"https:\/\/mueller-trade.com\/fr\/"},{"@type":"ListItem","position":2,"name":"Shop","item":"https:\/\/mueller-trade.com\/fr\/shop\/"},{"@type":"ListItem","position":3,"name":"Tunique RF pour femmes"}]},{"@type":"WebSite","@id":"https:\/\/mueller-trade.com\/fr\/#website","url":"https:\/\/mueller-trade.com\/fr\/","name":"M\u00fcller Trade","description":"VOTRE BOUTIQUE B2B DE V\u00caTEMENTS PROFESSIONNELS","publisher":{"@id":"https:\/\/mueller-trade.com\/fr\/#organization"},"potentialAction":[{"@type":"SearchAction","target":{"@type":"EntryPoint","urlTemplate":"https:\/\/mueller-trade.com\/fr\/?s={search_term_string}"},"query-input":{"@type":"PropertyValueSpecification","valueRequired":true,"valueName":"search_term_string"}}],"inLanguage":"fr-FR"},{"@type":"Organization","@id":"https:\/\/mueller-trade.com\/fr\/#organization","name":"M\u00fcller Trade Corporate Clothing","url":"https:\/\/mueller-trade.com\/fr\/","logo":{"@type":"ImageObject","inLanguage":"fr-FR","@id":"https:\/\/mueller-trade.com\/fr\/#\/schema\/logo\/image\/","url":"https:\/\/mueller-trade.com\/wp-content\/uploads\/sites\/2\/cropped-cropped-mt-icon.png","contentUrl":"https:\/\/mueller-trade.com\/wp-content\/uploads\/sites\/2\/cropped-cropped-mt-icon.png","width":512,"height":512,"caption":"M\u00fcller Trade Corporate Clothing"},"image":{"@id":"https:\/\/mueller-trade.com\/fr\/#\/schema\/logo\/image\/"}}]}},"acf":[],"brands":[{"id":4547,"name":"Greiff","slug":"greiff-fr"}],"_links":{"self":[{"href":"https:\/\/mueller-trade.com\/fr\/wp-json\/wp\/v2\/product\/276873"}],"collection":[{"href":"https:\/\/mueller-trade.com\/fr\/wp-json\/wp\/v2\/product"}],"about":[{"href":"https:\/\/mueller-trade.com\/fr\/wp-json\/wp\/v2\/types\/product"}],"wp:featuredmedia":[{"embeddable":true,"href":"https:\/\/mueller-trade.com\/fr\/wp-json\/wp\/v2\/media\/276870"}],"wp:attachment":[{"href":"https:\/\/mueller-trade.com\/fr\/wp-json\/wp\/v2\/media?parent=276873"}],"wp:term":[{"taxonomy":"pwb-brand","embeddable":true,"href":"https:\/\/mueller-trade.com\/fr\/wp-json\/wp\/v2\/pwb-brand?post=276873"},{"taxonomy":"product_cat","embeddable":true,"href":"https:\/\/mueller-trade.com\/fr\/wp-json\/wp\/v2\/product_cat?post=276873"},{"taxonomy":"product_tag","embeddable":true,"href":"https:\/\/mueller-trade.com\/fr\/wp-json\/wp\/v2\/product_tag?post=276873"}],"curies":[{"name":"wp","href":"https:\/\/api.w.org\/{rel}","templated":true}]}}