{"id":272371,"date":"2025-07-22T15:36:14","date_gmt":"2025-07-22T13:36:14","guid":{"rendered":"https:\/\/mueller-trade.com\/shop\/unkategorisiert\/blazer-long-en-jersey-pour-femmes-rf\/"},"modified":"2025-09-01T10:13:26","modified_gmt":"2025-09-01T08:13:26","slug":"blazer-long-en-jersey-pour-femmes-rf","status":"publish","type":"product","link":"https:\/\/mueller-trade.com\/fr\/shop\/tout\/blazers-vestes\/blazer-long-en-jersey-pour-femmes-rf\/","title":{"rendered":"Blazer long en jersey pour femmes RF"},"content":{"rendered":"<p>Blazer long en jersey pour femmes RF Coupe d\u00e9contract\u00e9e, 2 boutons, coupe en pointe, 2 poches plaqu\u00e9es, 1 poche poitrine, fentes lat\u00e9rales, semi-doubl\u00e9, longueur dos 68 cm | Taille 38. \u00b7Tissu : 53 % polyester, 43 % viscose, 4 % \u00e9lasthanne, 270 g\/m\u00b2 Doublu<\/p>\n","protected":false},"excerpt":{"rendered":"<p>Blazer long en jersey pour femmes RF Coupe d\u00e9contract\u00e9e, 2 boutons, coupe en pointe, 2 poches plaqu\u00e9es, 1 poche poitrine, fentes lat\u00e9rales, semi-doubl\u00e9, longueur dos 68 cm | Taille 38. \u00b7Tissu : 53 % polyester, 43 % viscose, 4 % \u00e9lasthanne, 270 g\/m\u00b2 Doublu [&#8230;]<\/p>\n<p><a class=\"btn btn-secondary understrap-read-more-link\" href=\"https:\/\/mueller-trade.com\/fr\/shop\/tout\/blazers-vestes\/blazer-long-en-jersey-pour-femmes-rf\/\">plus<span class=\"screen-reader-text\"> from Blazer long en jersey pour femmes RF<\/span><\/a><\/p>\n","protected":false},"featured_media":272368,"template":"","meta":{"_acf_changed":false,"inline_featured_image":false},"pwb-brand":[4547],"product_cat":[1262,1264,384,386],"product_tag":[],"class_list":{"0":"post-272371","1":"product","2":"type-product","3":"status-publish","4":"has-post-thumbnail","6":"pwb-brand-greiff-fr","7":"product_cat-tout","8":"product_cat-blazers-vestes","9":"product_cat-all","10":"product_cat-jackets","11":"pa_color-011-glencheck-anthracite","12":"pa_color-021-glencheck-bleu","13":"pa_fit-regular-fit","14":"pa_gender-femmes","16":"first","17":"instock","18":"sold-individually","19":"taxable","20":"shipping-taxable","21":"purchasable","22":"product-type-variable"},"yoast_head":"<title>Blazer long en jersey pour femmes RF - M\u00fcller Trade<\/title>\n<meta name=\"description\" content=\"Blazer long en jersey pour femmes RF - M\u00fcller Trade\" \/>\n<meta name=\"robots\" content=\"index, follow, max-snippet:-1, max-image-preview:large, max-video-preview:-1\" \/>\n<link rel=\"canonical\" href=\"https:\/\/mueller-trade.com\/fr\/shop\/tout\/blazers-vestes\/blazer-long-en-jersey-pour-femmes-rf\/\" \/>\n<meta property=\"og:locale\" content=\"fr_FR\" \/>\n<meta property=\"og:type\" content=\"article\" \/>\n<meta property=\"og:title\" content=\"Blazer long en jersey pour femmes RF - M\u00fcller Trade\" \/>\n<meta property=\"og:description\" content=\"Blazer long en jersey pour femmes RF - M\u00fcller Trade\" \/>\n<meta property=\"og:url\" content=\"https:\/\/mueller-trade.com\/fr\/shop\/tout\/blazers-vestes\/blazer-long-en-jersey-pour-femmes-rf\/\" \/>\n<meta property=\"og:site_name\" content=\"M\u00fcller Trade\" \/>\n<meta property=\"article:modified_time\" content=\"2025-09-01T08:13:26+00:00\" \/>\n<meta property=\"og:image\" content=\"https:\/\/mueller-trade.com\/wp-content\/uploads\/sites\/2\/1449_2120_011.jpg\" \/>\n\t<meta property=\"og:image:width\" content=\"1500\" \/>\n\t<meta property=\"og:image:height\" content=\"2275\" \/>\n\t<meta property=\"og:image:type\" content=\"image\/jpeg\" \/>\n<meta name=\"twitter:card\" content=\"summary_large_image\" \/>\n<script type=\"application\/ld+json\" class=\"yoast-schema-graph\">{\"@context\":\"https:\/\/schema.org\",\"@graph\":[{\"@type\":\"WebPage\",\"@id\":\"https:\/\/mueller-trade.com\/fr\/shop\/tout\/blazers-vestes\/blazer-long-en-jersey-pour-femmes-rf\/\",\"url\":\"https:\/\/mueller-trade.com\/fr\/shop\/tout\/blazers-vestes\/blazer-long-en-jersey-pour-femmes-rf\/\",\"name\":\"Blazer long en jersey pour femmes RF - M\u00fcller Trade\",\"isPartOf\":{\"@id\":\"https:\/\/mueller-trade.com\/fr\/#website\"},\"primaryImageOfPage\":{\"@id\":\"https:\/\/mueller-trade.com\/fr\/shop\/tout\/blazers-vestes\/blazer-long-en-jersey-pour-femmes-rf\/#primaryimage\"},\"image\":{\"@id\":\"https:\/\/mueller-trade.com\/fr\/shop\/tout\/blazers-vestes\/blazer-long-en-jersey-pour-femmes-rf\/#primaryimage\"},\"thumbnailUrl\":\"https:\/\/mueller-trade.com\/wp-content\/uploads\/sites\/2\/1449_2120_011.jpg\",\"datePublished\":\"2025-07-22T13:36:14+00:00\",\"dateModified\":\"2025-09-01T08:13:26+00:00\",\"description\":\"Blazer long en jersey pour femmes RF - M\u00fcller Trade\",\"breadcrumb\":{\"@id\":\"https:\/\/mueller-trade.com\/fr\/shop\/tout\/blazers-vestes\/blazer-long-en-jersey-pour-femmes-rf\/#breadcrumb\"},\"inLanguage\":\"fr-FR\",\"potentialAction\":[{\"@type\":\"ReadAction\",\"target\":[\"https:\/\/mueller-trade.com\/fr\/shop\/tout\/blazers-vestes\/blazer-long-en-jersey-pour-femmes-rf\/\"]}]},{\"@type\":\"ImageObject\",\"inLanguage\":\"fr-FR\",\"@id\":\"https:\/\/mueller-trade.com\/fr\/shop\/tout\/blazers-vestes\/blazer-long-en-jersey-pour-femmes-rf\/#primaryimage\",\"url\":\"https:\/\/mueller-trade.com\/wp-content\/uploads\/sites\/2\/1449_2120_011.jpg\",\"contentUrl\":\"https:\/\/mueller-trade.com\/wp-content\/uploads\/sites\/2\/1449_2120_011.jpg\",\"width\":1500,\"height\":2275},{\"@type\":\"BreadcrumbList\",\"@id\":\"https:\/\/mueller-trade.com\/fr\/shop\/tout\/blazers-vestes\/blazer-long-en-jersey-pour-femmes-rf\/#breadcrumb\",\"itemListElement\":[{\"@type\":\"ListItem\",\"position\":1,\"name\":\"Startseite\",\"item\":\"https:\/\/mueller-trade.com\/fr\/\"},{\"@type\":\"ListItem\",\"position\":2,\"name\":\"Shop\",\"item\":\"https:\/\/mueller-trade.com\/fr\/shop\/\"},{\"@type\":\"ListItem\",\"position\":3,\"name\":\"Blazer long en jersey pour femmes RF\"}]},{\"@type\":\"WebSite\",\"@id\":\"https:\/\/mueller-trade.com\/fr\/#website\",\"url\":\"https:\/\/mueller-trade.com\/fr\/\",\"name\":\"M\u00fcller Trade\",\"description\":\"VOTRE BOUTIQUE B2B DE V\u00caTEMENTS PROFESSIONNELS\",\"publisher\":{\"@id\":\"https:\/\/mueller-trade.com\/fr\/#organization\"},\"potentialAction\":[{\"@type\":\"SearchAction\",\"target\":{\"@type\":\"EntryPoint\",\"urlTemplate\":\"https:\/\/mueller-trade.com\/fr\/?s={search_term_string}\"},\"query-input\":{\"@type\":\"PropertyValueSpecification\",\"valueRequired\":true,\"valueName\":\"search_term_string\"}}],\"inLanguage\":\"fr-FR\"},{\"@type\":\"Organization\",\"@id\":\"https:\/\/mueller-trade.com\/fr\/#organization\",\"name\":\"M\u00fcller Trade Corporate Clothing\",\"url\":\"https:\/\/mueller-trade.com\/fr\/\",\"logo\":{\"@type\":\"ImageObject\",\"inLanguage\":\"fr-FR\",\"@id\":\"https:\/\/mueller-trade.com\/fr\/#\/schema\/logo\/image\/\",\"url\":\"https:\/\/mueller-trade.com\/wp-content\/uploads\/sites\/2\/cropped-cropped-mt-icon.png\",\"contentUrl\":\"https:\/\/mueller-trade.com\/wp-content\/uploads\/sites\/2\/cropped-cropped-mt-icon.png\",\"width\":512,\"height\":512,\"caption\":\"M\u00fcller Trade Corporate Clothing\"},\"image\":{\"@id\":\"https:\/\/mueller-trade.com\/fr\/#\/schema\/logo\/image\/\"}}]}<\/script>","yoast_head_json":{"title":"Blazer long en jersey pour femmes RF - M\u00fcller Trade","description":"Blazer long en jersey pour femmes RF - M\u00fcller Trade","robots":{"index":"index","follow":"follow","max-snippet":"max-snippet:-1","max-image-preview":"max-image-preview:large","max-video-preview":"max-video-preview:-1"},"canonical":"https:\/\/mueller-trade.com\/fr\/shop\/tout\/blazers-vestes\/blazer-long-en-jersey-pour-femmes-rf\/","og_locale":"fr_FR","og_type":"article","og_title":"Blazer long en jersey pour femmes RF - M\u00fcller Trade","og_description":"Blazer long en jersey pour femmes RF - M\u00fcller Trade","og_url":"https:\/\/mueller-trade.com\/fr\/shop\/tout\/blazers-vestes\/blazer-long-en-jersey-pour-femmes-rf\/","og_site_name":"M\u00fcller Trade","article_modified_time":"2025-09-01T08:13:26+00:00","og_image":[{"width":1500,"height":2275,"url":"https:\/\/mueller-trade.com\/wp-content\/uploads\/sites\/2\/1449_2120_011.jpg","type":"image\/jpeg"}],"twitter_card":"summary_large_image","schema":{"@context":"https:\/\/schema.org","@graph":[{"@type":"WebPage","@id":"https:\/\/mueller-trade.com\/fr\/shop\/tout\/blazers-vestes\/blazer-long-en-jersey-pour-femmes-rf\/","url":"https:\/\/mueller-trade.com\/fr\/shop\/tout\/blazers-vestes\/blazer-long-en-jersey-pour-femmes-rf\/","name":"Blazer long en jersey pour femmes RF - M\u00fcller Trade","isPartOf":{"@id":"https:\/\/mueller-trade.com\/fr\/#website"},"primaryImageOfPage":{"@id":"https:\/\/mueller-trade.com\/fr\/shop\/tout\/blazers-vestes\/blazer-long-en-jersey-pour-femmes-rf\/#primaryimage"},"image":{"@id":"https:\/\/mueller-trade.com\/fr\/shop\/tout\/blazers-vestes\/blazer-long-en-jersey-pour-femmes-rf\/#primaryimage"},"thumbnailUrl":"https:\/\/mueller-trade.com\/wp-content\/uploads\/sites\/2\/1449_2120_011.jpg","datePublished":"2025-07-22T13:36:14+00:00","dateModified":"2025-09-01T08:13:26+00:00","description":"Blazer long en jersey pour femmes RF - M\u00fcller Trade","breadcrumb":{"@id":"https:\/\/mueller-trade.com\/fr\/shop\/tout\/blazers-vestes\/blazer-long-en-jersey-pour-femmes-rf\/#breadcrumb"},"inLanguage":"fr-FR","potentialAction":[{"@type":"ReadAction","target":["https:\/\/mueller-trade.com\/fr\/shop\/tout\/blazers-vestes\/blazer-long-en-jersey-pour-femmes-rf\/"]}]},{"@type":"ImageObject","inLanguage":"fr-FR","@id":"https:\/\/mueller-trade.com\/fr\/shop\/tout\/blazers-vestes\/blazer-long-en-jersey-pour-femmes-rf\/#primaryimage","url":"https:\/\/mueller-trade.com\/wp-content\/uploads\/sites\/2\/1449_2120_011.jpg","contentUrl":"https:\/\/mueller-trade.com\/wp-content\/uploads\/sites\/2\/1449_2120_011.jpg","width":1500,"height":2275},{"@type":"BreadcrumbList","@id":"https:\/\/mueller-trade.com\/fr\/shop\/tout\/blazers-vestes\/blazer-long-en-jersey-pour-femmes-rf\/#breadcrumb","itemListElement":[{"@type":"ListItem","position":1,"name":"Startseite","item":"https:\/\/mueller-trade.com\/fr\/"},{"@type":"ListItem","position":2,"name":"Shop","item":"https:\/\/mueller-trade.com\/fr\/shop\/"},{"@type":"ListItem","position":3,"name":"Blazer long en jersey pour femmes RF"}]},{"@type":"WebSite","@id":"https:\/\/mueller-trade.com\/fr\/#website","url":"https:\/\/mueller-trade.com\/fr\/","name":"M\u00fcller Trade","description":"VOTRE BOUTIQUE B2B DE V\u00caTEMENTS PROFESSIONNELS","publisher":{"@id":"https:\/\/mueller-trade.com\/fr\/#organization"},"potentialAction":[{"@type":"SearchAction","target":{"@type":"EntryPoint","urlTemplate":"https:\/\/mueller-trade.com\/fr\/?s={search_term_string}"},"query-input":{"@type":"PropertyValueSpecification","valueRequired":true,"valueName":"search_term_string"}}],"inLanguage":"fr-FR"},{"@type":"Organization","@id":"https:\/\/mueller-trade.com\/fr\/#organization","name":"M\u00fcller Trade Corporate Clothing","url":"https:\/\/mueller-trade.com\/fr\/","logo":{"@type":"ImageObject","inLanguage":"fr-FR","@id":"https:\/\/mueller-trade.com\/fr\/#\/schema\/logo\/image\/","url":"https:\/\/mueller-trade.com\/wp-content\/uploads\/sites\/2\/cropped-cropped-mt-icon.png","contentUrl":"https:\/\/mueller-trade.com\/wp-content\/uploads\/sites\/2\/cropped-cropped-mt-icon.png","width":512,"height":512,"caption":"M\u00fcller Trade Corporate Clothing"},"image":{"@id":"https:\/\/mueller-trade.com\/fr\/#\/schema\/logo\/image\/"}}]}},"acf":[],"brands":[{"id":4547,"name":"Greiff","slug":"greiff-fr"}],"_links":{"self":[{"href":"https:\/\/mueller-trade.com\/fr\/wp-json\/wp\/v2\/product\/272371"}],"collection":[{"href":"https:\/\/mueller-trade.com\/fr\/wp-json\/wp\/v2\/product"}],"about":[{"href":"https:\/\/mueller-trade.com\/fr\/wp-json\/wp\/v2\/types\/product"}],"wp:featuredmedia":[{"embeddable":true,"href":"https:\/\/mueller-trade.com\/fr\/wp-json\/wp\/v2\/media\/272368"}],"wp:attachment":[{"href":"https:\/\/mueller-trade.com\/fr\/wp-json\/wp\/v2\/media?parent=272371"}],"wp:term":[{"taxonomy":"pwb-brand","embeddable":true,"href":"https:\/\/mueller-trade.com\/fr\/wp-json\/wp\/v2\/pwb-brand?post=272371"},{"taxonomy":"product_cat","embeddable":true,"href":"https:\/\/mueller-trade.com\/fr\/wp-json\/wp\/v2\/product_cat?post=272371"},{"taxonomy":"product_tag","embeddable":true,"href":"https:\/\/mueller-trade.com\/fr\/wp-json\/wp\/v2\/product_tag?post=272371"}],"curies":[{"name":"wp","href":"https:\/\/api.w.org\/{rel}","templated":true}]}}