{"id":271057,"date":"2025-07-22T14:06:39","date_gmt":"2025-07-22T12:06:39","guid":{"rendered":"https:\/\/mueller-trade.com\/shop\/unkategorisiert\/pantalon-pour-hommes-rf-premium\/"},"modified":"2025-09-01T10:00:25","modified_gmt":"2025-09-01T08:00:25","slug":"pantalon-pour-hommes-rf-premium","status":"publish","type":"product","link":"https:\/\/mueller-trade.com\/fr\/shop\/corporate-wear-fr\/pantalon-cw-fr\/pantalon-de-costume-cw-fr\/pantalon-pour-hommes-rf-premium\/","title":{"rendered":"Pantalon pour hommes RF Premium"},"content":{"rendered":"<p>Pantalon pour hommes RF Premium Coupe classique, taille \u00e9lastique, 2 poches lat\u00e9rales, 2 poches arri\u00e8re, doublure \u00e0 l&rsquo;avant, largeur au bas 42 cm | taille 50, longueur de l&rsquo;entrejambe 82 cm | taille 50. \u00b7Tissu : 60 % laine vierge, 36 % polyester, 4 % \u00e9las<\/p>\n","protected":false},"excerpt":{"rendered":"<p>Pantalon pour hommes RF Premium Coupe classique, taille \u00e9lastique, 2 poches lat\u00e9rales, 2 poches arri\u00e8re, doublure \u00e0 l&rsquo;avant, largeur au bas 42 cm | taille 50, longueur de l&rsquo;entrejambe 82 cm | taille 50. \u00b7Tissu : 60 % laine vierge, 36 % polyester, 4 % \u00e9las [&#8230;]<\/p>\n<p><a class=\"btn btn-secondary understrap-read-more-link\" href=\"https:\/\/mueller-trade.com\/fr\/shop\/corporate-wear-fr\/pantalon-cw-fr\/pantalon-de-costume-cw-fr\/pantalon-pour-hommes-rf-premium\/\">plus<span class=\"screen-reader-text\"> from Pantalon pour hommes RF Premium<\/span><\/a><\/p>\n","protected":false},"featured_media":271054,"template":"","meta":{"_acf_changed":false,"inline_featured_image":false},"pwb-brand":[4547],"product_cat":[3359,1262,3358,384,394,395,3416,3432,3431,439,455,454],"product_tag":[],"class_list":{"0":"post-271057","1":"product","2":"type-product","3":"status-publish","4":"has-post-thumbnail","6":"pwb-brand-greiff-fr","7":"product_cat-pantalons-de-costume-all","8":"product_cat-tout","9":"product_cat-pantalons","10":"product_cat-all","11":"product_cat-pants","12":"product_cat-suitpants-all","13":"product_cat-corporate-wear-fr","14":"product_cat-pantalon-de-costume-cw-fr","15":"product_cat-pantalon-cw-fr","16":"product_cat-corporate-wear","17":"product_cat-suitpants-cw","18":"product_cat-cw-pants","19":"pa_color-110-noir","20":"pa_color-111-anthracite","21":"pa_color-120-marine-1","22":"pa_color-126-italian-bleu","23":"pa_color-147-vert-olive","24":"pa_fit-regular-fit","25":"pa_gender-hommes","26":"pa_size-men-default-1-4","27":"pa_size-men-default-1","28":"pa_size-men-default-1-2","29":"pa_size-men-default-1-3","30":"pa_size-men-24-fr","31":"pa_size-men-25-fr","32":"pa_size-men-26-fr","33":"pa_size-men-27-fr","34":"pa_size-men-28-fr","35":"pa_size-men-29-fr","36":"pa_size-men-30-fr","37":"pa_size-men-31-fr","38":"pa_size-men-44-fr","39":"pa_size-men-46-fr","40":"pa_size-men-48-fr","41":"pa_size-men-50-fr","42":"pa_size-men-52-fr","43":"pa_size-men-54-fr","44":"pa_size-men-56-fr","45":"pa_size-men-58-fr","46":"pa_size-men-60-fr","47":"pa_size-men-62-fr","48":"pa_size-men-64-fr","49":"pa_size-men-66-fr","50":"pa_size-men-68-fr","51":"pa_size-men-90-fr","52":"pa_size-men-94-fr","53":"pa_size-men-98-fr","54":"pa_size-men-102-fr","55":"pa_size-men-106-fr","56":"pa_size-men-110-fr","57":"pa_size-men-114-fr","59":"first","60":"instock","61":"sold-individually","62":"taxable","63":"shipping-taxable","64":"purchasable","65":"product-type-variable"},"yoast_head":"<title>Pantalon pour hommes RF Premium - M\u00fcller Trade<\/title>\n<meta name=\"description\" content=\"Pantalon pour hommes RF Premium - M\u00fcller Trade\" \/>\n<meta name=\"robots\" content=\"index, follow, max-snippet:-1, max-image-preview:large, max-video-preview:-1\" \/>\n<link rel=\"canonical\" href=\"https:\/\/mueller-trade.com\/fr\/shop\/corporate-wear-fr\/pantalon-cw-fr\/pantalon-de-costume-cw-fr\/pantalon-pour-hommes-rf-premium\/\" \/>\n<meta property=\"og:locale\" content=\"fr_FR\" \/>\n<meta property=\"og:type\" content=\"article\" \/>\n<meta property=\"og:title\" content=\"Pantalon pour hommes RF Premium - M\u00fcller Trade\" \/>\n<meta property=\"og:description\" content=\"Pantalon pour hommes RF Premium - M\u00fcller Trade\" \/>\n<meta property=\"og:url\" content=\"https:\/\/mueller-trade.com\/fr\/shop\/corporate-wear-fr\/pantalon-cw-fr\/pantalon-de-costume-cw-fr\/pantalon-pour-hommes-rf-premium\/\" \/>\n<meta property=\"og:site_name\" content=\"M\u00fcller Trade\" \/>\n<meta property=\"article:modified_time\" content=\"2025-09-01T08:00:25+00:00\" \/>\n<meta property=\"og:image\" content=\"https:\/\/mueller-trade.com\/wp-content\/uploads\/sites\/2\/1325_666_110.jpg\" \/>\n\t<meta property=\"og:image:width\" content=\"1500\" \/>\n\t<meta property=\"og:image:height\" content=\"2275\" \/>\n\t<meta property=\"og:image:type\" content=\"image\/jpeg\" \/>\n<meta name=\"twitter:card\" content=\"summary_large_image\" \/>\n<script type=\"application\/ld+json\" class=\"yoast-schema-graph\">{\"@context\":\"https:\/\/schema.org\",\"@graph\":[{\"@type\":\"WebPage\",\"@id\":\"https:\/\/mueller-trade.com\/fr\/shop\/corporate-wear-fr\/pantalon-cw-fr\/pantalon-de-costume-cw-fr\/pantalon-pour-hommes-rf-premium\/\",\"url\":\"https:\/\/mueller-trade.com\/fr\/shop\/corporate-wear-fr\/pantalon-cw-fr\/pantalon-de-costume-cw-fr\/pantalon-pour-hommes-rf-premium\/\",\"name\":\"Pantalon pour hommes RF Premium - M\u00fcller Trade\",\"isPartOf\":{\"@id\":\"https:\/\/mueller-trade.com\/fr\/#website\"},\"primaryImageOfPage\":{\"@id\":\"https:\/\/mueller-trade.com\/fr\/shop\/corporate-wear-fr\/pantalon-cw-fr\/pantalon-de-costume-cw-fr\/pantalon-pour-hommes-rf-premium\/#primaryimage\"},\"image\":{\"@id\":\"https:\/\/mueller-trade.com\/fr\/shop\/corporate-wear-fr\/pantalon-cw-fr\/pantalon-de-costume-cw-fr\/pantalon-pour-hommes-rf-premium\/#primaryimage\"},\"thumbnailUrl\":\"https:\/\/mueller-trade.com\/wp-content\/uploads\/sites\/2\/1325_666_110.jpg\",\"datePublished\":\"2025-07-22T12:06:39+00:00\",\"dateModified\":\"2025-09-01T08:00:25+00:00\",\"description\":\"Pantalon pour hommes RF Premium - M\u00fcller Trade\",\"breadcrumb\":{\"@id\":\"https:\/\/mueller-trade.com\/fr\/shop\/corporate-wear-fr\/pantalon-cw-fr\/pantalon-de-costume-cw-fr\/pantalon-pour-hommes-rf-premium\/#breadcrumb\"},\"inLanguage\":\"fr-FR\",\"potentialAction\":[{\"@type\":\"ReadAction\",\"target\":[\"https:\/\/mueller-trade.com\/fr\/shop\/corporate-wear-fr\/pantalon-cw-fr\/pantalon-de-costume-cw-fr\/pantalon-pour-hommes-rf-premium\/\"]}]},{\"@type\":\"ImageObject\",\"inLanguage\":\"fr-FR\",\"@id\":\"https:\/\/mueller-trade.com\/fr\/shop\/corporate-wear-fr\/pantalon-cw-fr\/pantalon-de-costume-cw-fr\/pantalon-pour-hommes-rf-premium\/#primaryimage\",\"url\":\"https:\/\/mueller-trade.com\/wp-content\/uploads\/sites\/2\/1325_666_110.jpg\",\"contentUrl\":\"https:\/\/mueller-trade.com\/wp-content\/uploads\/sites\/2\/1325_666_110.jpg\",\"width\":1500,\"height\":2275},{\"@type\":\"BreadcrumbList\",\"@id\":\"https:\/\/mueller-trade.com\/fr\/shop\/corporate-wear-fr\/pantalon-cw-fr\/pantalon-de-costume-cw-fr\/pantalon-pour-hommes-rf-premium\/#breadcrumb\",\"itemListElement\":[{\"@type\":\"ListItem\",\"position\":1,\"name\":\"Startseite\",\"item\":\"https:\/\/mueller-trade.com\/fr\/\"},{\"@type\":\"ListItem\",\"position\":2,\"name\":\"Shop\",\"item\":\"https:\/\/mueller-trade.com\/fr\/shop\/\"},{\"@type\":\"ListItem\",\"position\":3,\"name\":\"Pantalon pour hommes RF Premium\"}]},{\"@type\":\"WebSite\",\"@id\":\"https:\/\/mueller-trade.com\/fr\/#website\",\"url\":\"https:\/\/mueller-trade.com\/fr\/\",\"name\":\"M\u00fcller Trade\",\"description\":\"VOTRE BOUTIQUE B2B DE V\u00caTEMENTS PROFESSIONNELS\",\"publisher\":{\"@id\":\"https:\/\/mueller-trade.com\/fr\/#organization\"},\"potentialAction\":[{\"@type\":\"SearchAction\",\"target\":{\"@type\":\"EntryPoint\",\"urlTemplate\":\"https:\/\/mueller-trade.com\/fr\/?s={search_term_string}\"},\"query-input\":{\"@type\":\"PropertyValueSpecification\",\"valueRequired\":true,\"valueName\":\"search_term_string\"}}],\"inLanguage\":\"fr-FR\"},{\"@type\":\"Organization\",\"@id\":\"https:\/\/mueller-trade.com\/fr\/#organization\",\"name\":\"M\u00fcller Trade Corporate Clothing\",\"url\":\"https:\/\/mueller-trade.com\/fr\/\",\"logo\":{\"@type\":\"ImageObject\",\"inLanguage\":\"fr-FR\",\"@id\":\"https:\/\/mueller-trade.com\/fr\/#\/schema\/logo\/image\/\",\"url\":\"https:\/\/mueller-trade.com\/wp-content\/uploads\/sites\/2\/cropped-cropped-mt-icon.png\",\"contentUrl\":\"https:\/\/mueller-trade.com\/wp-content\/uploads\/sites\/2\/cropped-cropped-mt-icon.png\",\"width\":512,\"height\":512,\"caption\":\"M\u00fcller Trade Corporate Clothing\"},\"image\":{\"@id\":\"https:\/\/mueller-trade.com\/fr\/#\/schema\/logo\/image\/\"}}]}<\/script>","yoast_head_json":{"title":"Pantalon pour hommes RF Premium - M\u00fcller Trade","description":"Pantalon pour hommes RF Premium - M\u00fcller Trade","robots":{"index":"index","follow":"follow","max-snippet":"max-snippet:-1","max-image-preview":"max-image-preview:large","max-video-preview":"max-video-preview:-1"},"canonical":"https:\/\/mueller-trade.com\/fr\/shop\/corporate-wear-fr\/pantalon-cw-fr\/pantalon-de-costume-cw-fr\/pantalon-pour-hommes-rf-premium\/","og_locale":"fr_FR","og_type":"article","og_title":"Pantalon pour hommes RF Premium - M\u00fcller Trade","og_description":"Pantalon pour hommes RF Premium - M\u00fcller Trade","og_url":"https:\/\/mueller-trade.com\/fr\/shop\/corporate-wear-fr\/pantalon-cw-fr\/pantalon-de-costume-cw-fr\/pantalon-pour-hommes-rf-premium\/","og_site_name":"M\u00fcller Trade","article_modified_time":"2025-09-01T08:00:25+00:00","og_image":[{"width":1500,"height":2275,"url":"https:\/\/mueller-trade.com\/wp-content\/uploads\/sites\/2\/1325_666_110.jpg","type":"image\/jpeg"}],"twitter_card":"summary_large_image","schema":{"@context":"https:\/\/schema.org","@graph":[{"@type":"WebPage","@id":"https:\/\/mueller-trade.com\/fr\/shop\/corporate-wear-fr\/pantalon-cw-fr\/pantalon-de-costume-cw-fr\/pantalon-pour-hommes-rf-premium\/","url":"https:\/\/mueller-trade.com\/fr\/shop\/corporate-wear-fr\/pantalon-cw-fr\/pantalon-de-costume-cw-fr\/pantalon-pour-hommes-rf-premium\/","name":"Pantalon pour hommes RF Premium - M\u00fcller Trade","isPartOf":{"@id":"https:\/\/mueller-trade.com\/fr\/#website"},"primaryImageOfPage":{"@id":"https:\/\/mueller-trade.com\/fr\/shop\/corporate-wear-fr\/pantalon-cw-fr\/pantalon-de-costume-cw-fr\/pantalon-pour-hommes-rf-premium\/#primaryimage"},"image":{"@id":"https:\/\/mueller-trade.com\/fr\/shop\/corporate-wear-fr\/pantalon-cw-fr\/pantalon-de-costume-cw-fr\/pantalon-pour-hommes-rf-premium\/#primaryimage"},"thumbnailUrl":"https:\/\/mueller-trade.com\/wp-content\/uploads\/sites\/2\/1325_666_110.jpg","datePublished":"2025-07-22T12:06:39+00:00","dateModified":"2025-09-01T08:00:25+00:00","description":"Pantalon pour hommes RF Premium - M\u00fcller Trade","breadcrumb":{"@id":"https:\/\/mueller-trade.com\/fr\/shop\/corporate-wear-fr\/pantalon-cw-fr\/pantalon-de-costume-cw-fr\/pantalon-pour-hommes-rf-premium\/#breadcrumb"},"inLanguage":"fr-FR","potentialAction":[{"@type":"ReadAction","target":["https:\/\/mueller-trade.com\/fr\/shop\/corporate-wear-fr\/pantalon-cw-fr\/pantalon-de-costume-cw-fr\/pantalon-pour-hommes-rf-premium\/"]}]},{"@type":"ImageObject","inLanguage":"fr-FR","@id":"https:\/\/mueller-trade.com\/fr\/shop\/corporate-wear-fr\/pantalon-cw-fr\/pantalon-de-costume-cw-fr\/pantalon-pour-hommes-rf-premium\/#primaryimage","url":"https:\/\/mueller-trade.com\/wp-content\/uploads\/sites\/2\/1325_666_110.jpg","contentUrl":"https:\/\/mueller-trade.com\/wp-content\/uploads\/sites\/2\/1325_666_110.jpg","width":1500,"height":2275},{"@type":"BreadcrumbList","@id":"https:\/\/mueller-trade.com\/fr\/shop\/corporate-wear-fr\/pantalon-cw-fr\/pantalon-de-costume-cw-fr\/pantalon-pour-hommes-rf-premium\/#breadcrumb","itemListElement":[{"@type":"ListItem","position":1,"name":"Startseite","item":"https:\/\/mueller-trade.com\/fr\/"},{"@type":"ListItem","position":2,"name":"Shop","item":"https:\/\/mueller-trade.com\/fr\/shop\/"},{"@type":"ListItem","position":3,"name":"Pantalon pour hommes RF Premium"}]},{"@type":"WebSite","@id":"https:\/\/mueller-trade.com\/fr\/#website","url":"https:\/\/mueller-trade.com\/fr\/","name":"M\u00fcller Trade","description":"VOTRE BOUTIQUE B2B DE V\u00caTEMENTS PROFESSIONNELS","publisher":{"@id":"https:\/\/mueller-trade.com\/fr\/#organization"},"potentialAction":[{"@type":"SearchAction","target":{"@type":"EntryPoint","urlTemplate":"https:\/\/mueller-trade.com\/fr\/?s={search_term_string}"},"query-input":{"@type":"PropertyValueSpecification","valueRequired":true,"valueName":"search_term_string"}}],"inLanguage":"fr-FR"},{"@type":"Organization","@id":"https:\/\/mueller-trade.com\/fr\/#organization","name":"M\u00fcller Trade Corporate Clothing","url":"https:\/\/mueller-trade.com\/fr\/","logo":{"@type":"ImageObject","inLanguage":"fr-FR","@id":"https:\/\/mueller-trade.com\/fr\/#\/schema\/logo\/image\/","url":"https:\/\/mueller-trade.com\/wp-content\/uploads\/sites\/2\/cropped-cropped-mt-icon.png","contentUrl":"https:\/\/mueller-trade.com\/wp-content\/uploads\/sites\/2\/cropped-cropped-mt-icon.png","width":512,"height":512,"caption":"M\u00fcller Trade Corporate Clothing"},"image":{"@id":"https:\/\/mueller-trade.com\/fr\/#\/schema\/logo\/image\/"}}]}},"acf":[],"brands":[{"id":4547,"name":"Greiff","slug":"greiff-fr"}],"_links":{"self":[{"href":"https:\/\/mueller-trade.com\/fr\/wp-json\/wp\/v2\/product\/271057"}],"collection":[{"href":"https:\/\/mueller-trade.com\/fr\/wp-json\/wp\/v2\/product"}],"about":[{"href":"https:\/\/mueller-trade.com\/fr\/wp-json\/wp\/v2\/types\/product"}],"wp:featuredmedia":[{"embeddable":true,"href":"https:\/\/mueller-trade.com\/fr\/wp-json\/wp\/v2\/media\/271054"}],"wp:attachment":[{"href":"https:\/\/mueller-trade.com\/fr\/wp-json\/wp\/v2\/media?parent=271057"}],"wp:term":[{"taxonomy":"pwb-brand","embeddable":true,"href":"https:\/\/mueller-trade.com\/fr\/wp-json\/wp\/v2\/pwb-brand?post=271057"},{"taxonomy":"product_cat","embeddable":true,"href":"https:\/\/mueller-trade.com\/fr\/wp-json\/wp\/v2\/product_cat?post=271057"},{"taxonomy":"product_tag","embeddable":true,"href":"https:\/\/mueller-trade.com\/fr\/wp-json\/wp\/v2\/product_tag?post=271057"}],"curies":[{"name":"wp","href":"https:\/\/api.w.org\/{rel}","templated":true}]}}