{"id":270145,"date":"2025-07-22T13:14:31","date_gmt":"2025-07-22T11:14:31","guid":{"rendered":"https:\/\/mueller-trade.com\/shop\/unkategorisiert\/pantalon-pour-femmes-rf-basic\/"},"modified":"2025-09-01T10:24:39","modified_gmt":"2025-09-01T08:24:39","slug":"pantalon-pour-femmes-rf-basic","status":"publish","type":"product","link":"https:\/\/mueller-trade.com\/fr\/shop\/corporate-wear-fr\/pantalon-cw-fr\/pantalon-de-costume-cw-fr\/pantalon-pour-femmes-rf-basic\/","title":{"rendered":"Pantalon pour femmes RF Basic"},"content":{"rendered":"<p>Pantalon pour femmes RF Basic Coupe classique, taille haute, ceinture \u00e9lastique \u00e0 l&rsquo;arri\u00e8re, coupe droite, 2 poches \u00e0 rabat, 1 poche arri\u00e8re invisible, doublure \u00e0 l&rsquo;avant, largeur du bas 40 cm | taille 38, longueur de l&rsquo;entrejambe 78 cm. \u00b7Tissu : 54 % pol<\/p>\n","protected":false},"excerpt":{"rendered":"<p>Pantalon pour femmes RF Basic Coupe classique, taille haute, ceinture \u00e9lastique \u00e0 l&rsquo;arri\u00e8re, coupe droite, 2 poches \u00e0 rabat, 1 poche arri\u00e8re invisible, doublure \u00e0 l&rsquo;avant, largeur du bas 40 cm | taille 38, longueur de l&rsquo;entrejambe 78 cm. \u00b7Tissu : 54 % pol [&#8230;]<\/p>\n<p><a class=\"btn btn-secondary understrap-read-more-link\" href=\"https:\/\/mueller-trade.com\/fr\/shop\/corporate-wear-fr\/pantalon-cw-fr\/pantalon-de-costume-cw-fr\/pantalon-pour-femmes-rf-basic\/\">plus<span class=\"screen-reader-text\"> from Pantalon pour femmes RF Basic<\/span><\/a><\/p>\n","protected":false},"featured_media":270142,"template":"","meta":{"_acf_changed":false,"inline_featured_image":false},"pwb-brand":[4547],"product_cat":[3359,1262,3358,384,394,395,3416,3432,3431,439,455,454],"product_tag":[],"class_list":{"0":"post-270145","1":"product","2":"type-product","3":"status-publish","4":"has-post-thumbnail","6":"pwb-brand-greiff-fr","7":"product_cat-pantalons-de-costume-all","8":"product_cat-tout","9":"product_cat-pantalons","10":"product_cat-all","11":"product_cat-pants","12":"product_cat-suitpants-all","13":"product_cat-corporate-wear-fr","14":"product_cat-pantalon-de-costume-cw-fr","15":"product_cat-pantalon-cw-fr","16":"product_cat-corporate-wear","17":"product_cat-suitpants-cw","18":"product_cat-cw-pants","19":"pa_color-010-noir","20":"pa_color-011-anthracite","21":"pa_color-020-marine-1","22":"pa_fit-regular-fit","23":"pa_gender-femmes","25":"first","26":"instock","27":"sold-individually","28":"taxable","29":"shipping-taxable","30":"purchasable","31":"product-type-variable"},"yoast_head":"<title>Pantalon pour femmes RF Basic - M\u00fcller Trade<\/title>\n<meta name=\"description\" content=\"Pantalon pour femmes RF Basic - M\u00fcller Trade\" \/>\n<meta name=\"robots\" content=\"index, follow, max-snippet:-1, max-image-preview:large, max-video-preview:-1\" \/>\n<link rel=\"canonical\" href=\"https:\/\/mueller-trade.com\/fr\/shop\/corporate-wear-fr\/pantalon-cw-fr\/pantalon-de-costume-cw-fr\/pantalon-pour-femmes-rf-basic\/\" \/>\n<meta property=\"og:locale\" content=\"fr_FR\" \/>\n<meta property=\"og:type\" content=\"article\" \/>\n<meta property=\"og:title\" content=\"Pantalon pour femmes RF Basic - M\u00fcller Trade\" \/>\n<meta property=\"og:description\" content=\"Pantalon pour femmes RF Basic - M\u00fcller Trade\" \/>\n<meta property=\"og:url\" content=\"https:\/\/mueller-trade.com\/fr\/shop\/corporate-wear-fr\/pantalon-cw-fr\/pantalon-de-costume-cw-fr\/pantalon-pour-femmes-rf-basic\/\" \/>\n<meta property=\"og:site_name\" content=\"M\u00fcller Trade\" \/>\n<meta property=\"article:modified_time\" content=\"2025-09-01T08:24:39+00:00\" \/>\n<meta property=\"og:image\" content=\"https:\/\/mueller-trade.com\/wp-content\/uploads\/sites\/2\/13024_7000_010.jpg\" \/>\n\t<meta property=\"og:image:width\" content=\"1500\" \/>\n\t<meta property=\"og:image:height\" content=\"2275\" \/>\n\t<meta property=\"og:image:type\" content=\"image\/jpeg\" \/>\n<meta name=\"twitter:card\" content=\"summary_large_image\" \/>\n<script type=\"application\/ld+json\" class=\"yoast-schema-graph\">{\"@context\":\"https:\/\/schema.org\",\"@graph\":[{\"@type\":\"WebPage\",\"@id\":\"https:\/\/mueller-trade.com\/fr\/shop\/corporate-wear-fr\/pantalon-cw-fr\/pantalon-de-costume-cw-fr\/pantalon-pour-femmes-rf-basic\/\",\"url\":\"https:\/\/mueller-trade.com\/fr\/shop\/corporate-wear-fr\/pantalon-cw-fr\/pantalon-de-costume-cw-fr\/pantalon-pour-femmes-rf-basic\/\",\"name\":\"Pantalon pour femmes RF Basic - M\u00fcller Trade\",\"isPartOf\":{\"@id\":\"https:\/\/mueller-trade.com\/fr\/#website\"},\"primaryImageOfPage\":{\"@id\":\"https:\/\/mueller-trade.com\/fr\/shop\/corporate-wear-fr\/pantalon-cw-fr\/pantalon-de-costume-cw-fr\/pantalon-pour-femmes-rf-basic\/#primaryimage\"},\"image\":{\"@id\":\"https:\/\/mueller-trade.com\/fr\/shop\/corporate-wear-fr\/pantalon-cw-fr\/pantalon-de-costume-cw-fr\/pantalon-pour-femmes-rf-basic\/#primaryimage\"},\"thumbnailUrl\":\"https:\/\/mueller-trade.com\/wp-content\/uploads\/sites\/2\/13024_7000_010.jpg\",\"datePublished\":\"2025-07-22T11:14:31+00:00\",\"dateModified\":\"2025-09-01T08:24:39+00:00\",\"description\":\"Pantalon pour femmes RF Basic - M\u00fcller Trade\",\"breadcrumb\":{\"@id\":\"https:\/\/mueller-trade.com\/fr\/shop\/corporate-wear-fr\/pantalon-cw-fr\/pantalon-de-costume-cw-fr\/pantalon-pour-femmes-rf-basic\/#breadcrumb\"},\"inLanguage\":\"fr-FR\",\"potentialAction\":[{\"@type\":\"ReadAction\",\"target\":[\"https:\/\/mueller-trade.com\/fr\/shop\/corporate-wear-fr\/pantalon-cw-fr\/pantalon-de-costume-cw-fr\/pantalon-pour-femmes-rf-basic\/\"]}]},{\"@type\":\"ImageObject\",\"inLanguage\":\"fr-FR\",\"@id\":\"https:\/\/mueller-trade.com\/fr\/shop\/corporate-wear-fr\/pantalon-cw-fr\/pantalon-de-costume-cw-fr\/pantalon-pour-femmes-rf-basic\/#primaryimage\",\"url\":\"https:\/\/mueller-trade.com\/wp-content\/uploads\/sites\/2\/13024_7000_010.jpg\",\"contentUrl\":\"https:\/\/mueller-trade.com\/wp-content\/uploads\/sites\/2\/13024_7000_010.jpg\",\"width\":1500,\"height\":2275},{\"@type\":\"BreadcrumbList\",\"@id\":\"https:\/\/mueller-trade.com\/fr\/shop\/corporate-wear-fr\/pantalon-cw-fr\/pantalon-de-costume-cw-fr\/pantalon-pour-femmes-rf-basic\/#breadcrumb\",\"itemListElement\":[{\"@type\":\"ListItem\",\"position\":1,\"name\":\"Startseite\",\"item\":\"https:\/\/mueller-trade.com\/fr\/\"},{\"@type\":\"ListItem\",\"position\":2,\"name\":\"Shop\",\"item\":\"https:\/\/mueller-trade.com\/fr\/shop\/\"},{\"@type\":\"ListItem\",\"position\":3,\"name\":\"Pantalon pour femmes RF Basic\"}]},{\"@type\":\"WebSite\",\"@id\":\"https:\/\/mueller-trade.com\/fr\/#website\",\"url\":\"https:\/\/mueller-trade.com\/fr\/\",\"name\":\"M\u00fcller Trade\",\"description\":\"VOTRE BOUTIQUE B2B DE V\u00caTEMENTS PROFESSIONNELS\",\"publisher\":{\"@id\":\"https:\/\/mueller-trade.com\/fr\/#organization\"},\"potentialAction\":[{\"@type\":\"SearchAction\",\"target\":{\"@type\":\"EntryPoint\",\"urlTemplate\":\"https:\/\/mueller-trade.com\/fr\/?s={search_term_string}\"},\"query-input\":{\"@type\":\"PropertyValueSpecification\",\"valueRequired\":true,\"valueName\":\"search_term_string\"}}],\"inLanguage\":\"fr-FR\"},{\"@type\":\"Organization\",\"@id\":\"https:\/\/mueller-trade.com\/fr\/#organization\",\"name\":\"M\u00fcller Trade Corporate Clothing\",\"url\":\"https:\/\/mueller-trade.com\/fr\/\",\"logo\":{\"@type\":\"ImageObject\",\"inLanguage\":\"fr-FR\",\"@id\":\"https:\/\/mueller-trade.com\/fr\/#\/schema\/logo\/image\/\",\"url\":\"https:\/\/mueller-trade.com\/wp-content\/uploads\/sites\/2\/cropped-cropped-mt-icon.png\",\"contentUrl\":\"https:\/\/mueller-trade.com\/wp-content\/uploads\/sites\/2\/cropped-cropped-mt-icon.png\",\"width\":512,\"height\":512,\"caption\":\"M\u00fcller Trade Corporate Clothing\"},\"image\":{\"@id\":\"https:\/\/mueller-trade.com\/fr\/#\/schema\/logo\/image\/\"}}]}<\/script>","yoast_head_json":{"title":"Pantalon pour femmes RF Basic - M\u00fcller Trade","description":"Pantalon pour femmes RF Basic - M\u00fcller Trade","robots":{"index":"index","follow":"follow","max-snippet":"max-snippet:-1","max-image-preview":"max-image-preview:large","max-video-preview":"max-video-preview:-1"},"canonical":"https:\/\/mueller-trade.com\/fr\/shop\/corporate-wear-fr\/pantalon-cw-fr\/pantalon-de-costume-cw-fr\/pantalon-pour-femmes-rf-basic\/","og_locale":"fr_FR","og_type":"article","og_title":"Pantalon pour femmes RF Basic - M\u00fcller Trade","og_description":"Pantalon pour femmes RF Basic - M\u00fcller Trade","og_url":"https:\/\/mueller-trade.com\/fr\/shop\/corporate-wear-fr\/pantalon-cw-fr\/pantalon-de-costume-cw-fr\/pantalon-pour-femmes-rf-basic\/","og_site_name":"M\u00fcller Trade","article_modified_time":"2025-09-01T08:24:39+00:00","og_image":[{"width":1500,"height":2275,"url":"https:\/\/mueller-trade.com\/wp-content\/uploads\/sites\/2\/13024_7000_010.jpg","type":"image\/jpeg"}],"twitter_card":"summary_large_image","schema":{"@context":"https:\/\/schema.org","@graph":[{"@type":"WebPage","@id":"https:\/\/mueller-trade.com\/fr\/shop\/corporate-wear-fr\/pantalon-cw-fr\/pantalon-de-costume-cw-fr\/pantalon-pour-femmes-rf-basic\/","url":"https:\/\/mueller-trade.com\/fr\/shop\/corporate-wear-fr\/pantalon-cw-fr\/pantalon-de-costume-cw-fr\/pantalon-pour-femmes-rf-basic\/","name":"Pantalon pour femmes RF Basic - M\u00fcller Trade","isPartOf":{"@id":"https:\/\/mueller-trade.com\/fr\/#website"},"primaryImageOfPage":{"@id":"https:\/\/mueller-trade.com\/fr\/shop\/corporate-wear-fr\/pantalon-cw-fr\/pantalon-de-costume-cw-fr\/pantalon-pour-femmes-rf-basic\/#primaryimage"},"image":{"@id":"https:\/\/mueller-trade.com\/fr\/shop\/corporate-wear-fr\/pantalon-cw-fr\/pantalon-de-costume-cw-fr\/pantalon-pour-femmes-rf-basic\/#primaryimage"},"thumbnailUrl":"https:\/\/mueller-trade.com\/wp-content\/uploads\/sites\/2\/13024_7000_010.jpg","datePublished":"2025-07-22T11:14:31+00:00","dateModified":"2025-09-01T08:24:39+00:00","description":"Pantalon pour femmes RF Basic - M\u00fcller Trade","breadcrumb":{"@id":"https:\/\/mueller-trade.com\/fr\/shop\/corporate-wear-fr\/pantalon-cw-fr\/pantalon-de-costume-cw-fr\/pantalon-pour-femmes-rf-basic\/#breadcrumb"},"inLanguage":"fr-FR","potentialAction":[{"@type":"ReadAction","target":["https:\/\/mueller-trade.com\/fr\/shop\/corporate-wear-fr\/pantalon-cw-fr\/pantalon-de-costume-cw-fr\/pantalon-pour-femmes-rf-basic\/"]}]},{"@type":"ImageObject","inLanguage":"fr-FR","@id":"https:\/\/mueller-trade.com\/fr\/shop\/corporate-wear-fr\/pantalon-cw-fr\/pantalon-de-costume-cw-fr\/pantalon-pour-femmes-rf-basic\/#primaryimage","url":"https:\/\/mueller-trade.com\/wp-content\/uploads\/sites\/2\/13024_7000_010.jpg","contentUrl":"https:\/\/mueller-trade.com\/wp-content\/uploads\/sites\/2\/13024_7000_010.jpg","width":1500,"height":2275},{"@type":"BreadcrumbList","@id":"https:\/\/mueller-trade.com\/fr\/shop\/corporate-wear-fr\/pantalon-cw-fr\/pantalon-de-costume-cw-fr\/pantalon-pour-femmes-rf-basic\/#breadcrumb","itemListElement":[{"@type":"ListItem","position":1,"name":"Startseite","item":"https:\/\/mueller-trade.com\/fr\/"},{"@type":"ListItem","position":2,"name":"Shop","item":"https:\/\/mueller-trade.com\/fr\/shop\/"},{"@type":"ListItem","position":3,"name":"Pantalon pour femmes RF Basic"}]},{"@type":"WebSite","@id":"https:\/\/mueller-trade.com\/fr\/#website","url":"https:\/\/mueller-trade.com\/fr\/","name":"M\u00fcller Trade","description":"VOTRE BOUTIQUE B2B DE V\u00caTEMENTS PROFESSIONNELS","publisher":{"@id":"https:\/\/mueller-trade.com\/fr\/#organization"},"potentialAction":[{"@type":"SearchAction","target":{"@type":"EntryPoint","urlTemplate":"https:\/\/mueller-trade.com\/fr\/?s={search_term_string}"},"query-input":{"@type":"PropertyValueSpecification","valueRequired":true,"valueName":"search_term_string"}}],"inLanguage":"fr-FR"},{"@type":"Organization","@id":"https:\/\/mueller-trade.com\/fr\/#organization","name":"M\u00fcller Trade Corporate Clothing","url":"https:\/\/mueller-trade.com\/fr\/","logo":{"@type":"ImageObject","inLanguage":"fr-FR","@id":"https:\/\/mueller-trade.com\/fr\/#\/schema\/logo\/image\/","url":"https:\/\/mueller-trade.com\/wp-content\/uploads\/sites\/2\/cropped-cropped-mt-icon.png","contentUrl":"https:\/\/mueller-trade.com\/wp-content\/uploads\/sites\/2\/cropped-cropped-mt-icon.png","width":512,"height":512,"caption":"M\u00fcller Trade Corporate Clothing"},"image":{"@id":"https:\/\/mueller-trade.com\/fr\/#\/schema\/logo\/image\/"}}]}},"acf":[],"brands":[{"id":4547,"name":"Greiff","slug":"greiff-fr"}],"_links":{"self":[{"href":"https:\/\/mueller-trade.com\/fr\/wp-json\/wp\/v2\/product\/270145"}],"collection":[{"href":"https:\/\/mueller-trade.com\/fr\/wp-json\/wp\/v2\/product"}],"about":[{"href":"https:\/\/mueller-trade.com\/fr\/wp-json\/wp\/v2\/types\/product"}],"wp:featuredmedia":[{"embeddable":true,"href":"https:\/\/mueller-trade.com\/fr\/wp-json\/wp\/v2\/media\/270142"}],"wp:attachment":[{"href":"https:\/\/mueller-trade.com\/fr\/wp-json\/wp\/v2\/media?parent=270145"}],"wp:term":[{"taxonomy":"pwb-brand","embeddable":true,"href":"https:\/\/mueller-trade.com\/fr\/wp-json\/wp\/v2\/pwb-brand?post=270145"},{"taxonomy":"product_cat","embeddable":true,"href":"https:\/\/mueller-trade.com\/fr\/wp-json\/wp\/v2\/product_cat?post=270145"},{"taxonomy":"product_tag","embeddable":true,"href":"https:\/\/mueller-trade.com\/fr\/wp-json\/wp\/v2\/product_tag?post=270145"}],"curies":[{"name":"wp","href":"https:\/\/api.w.org\/{rel}","templated":true}]}}