{"id":254281,"date":"2024-06-11T16:42:42","date_gmt":"2024-06-11T14:42:42","guid":{"rendered":"https:\/\/mueller-trade.com\/shop\/unkategorisiert\/polo-homme-manches-courtes\/"},"modified":"2025-09-01T10:50:40","modified_gmt":"2025-09-01T08:50:40","slug":"polo-homme-manches-courtes-2","status":"publish","type":"product","link":"https:\/\/mueller-trade.com\/fr\/shop\/medical-fr\/t-shirts-polos-medical-fr\/polo-manches-courtes-ff-fr\/polo-homme-manches-courtes-2\/","title":{"rendered":"Polo homme manches courtes"},"content":{"rendered":"<\/p>\n<ul>\n<li>en jersey<\/li>\n<li>col Kent en single-jersey<\/li>\n<li>boutonnement \u00e0 4 trous<\/li>\n<li>1 poche poitrine<\/li>\n<li>\u00e9lastique<\/li>\n<\/ul>\n<p>Tailles S &#8211; 3XL<\/p>\n<ul>\n<li>95% coton, 5% \u00e9lasthanne<\/li>\n<\/ul>\n<p class=\"care-icons\"><span style=\"font-size: 18px\">g 9 4 i_-<\/span><\/p><\/p>\n","protected":false},"excerpt":{"rendered":"<p>en jersey col Kent en single-jersey boutonnement \u00e0 4 trous 1 poche poitrine \u00e9lastique Tailles S &#8211; 3XL 95% coton, 5% \u00e9lasthanne g 9 4 i_- [&#8230;]<\/p>\n<p><a class=\"btn btn-secondary understrap-read-more-link\" href=\"https:\/\/mueller-trade.com\/fr\/shop\/medical-fr\/t-shirts-polos-medical-fr\/polo-manches-courtes-ff-fr\/polo-homme-manches-courtes-2\/\">plus<span class=\"screen-reader-text\"> from Polo homme manches courtes<\/span><\/a><\/p>\n","protected":false},"featured_media":10874,"template":"","meta":{"_acf_changed":false,"inline_featured_image":false},"pwb-brand":[4547],"product_cat":[1262,3376,3380,3407,3406,3454,3461,3459],"product_tag":[],"class_list":{"0":"post-254281","1":"product","2":"type-product","3":"status-publish","4":"has-post-thumbnail","6":"pwb-brand-greiff-fr","7":"product_cat-tout","8":"product_cat-t-shirts-polos","9":"product_cat-casual-wear-fr","10":"product_cat-polos-manches-courtes-ca-fr","11":"product_cat-t-shirts-polos-ca-fr","12":"product_cat-medical-fr","13":"product_cat-polo-manches-courtes-ff-fr","14":"product_cat-t-shirts-polos-medical-fr","15":"pa_color-010-noir","16":"pa_color-011-anthracite","17":"pa_color-020-marine-1","18":"pa_color-029-bleu-1","19":"pa_color-035_taupe-fr","20":"pa_color-054-burgund-1","21":"pa_color-090-blanc","22":"pa_color-group-anthracite-gris","23":"pa_color-group-blanc","24":"pa_color-group-bleu","25":"pa_color-group-brun-beige","26":"pa_color-group-noir","27":"pa_color-group-rouge-bordeaux","28":"pa_gender-hommes","29":"pa_size-international-s-fr","30":"pa_size-international-m-fr","31":"pa_size-international-l-fr","32":"pa_size-international-xl-fr","33":"pa_size-international-xxl-fr","34":"pa_size-international-3xl-fr","36":"first","37":"instock","38":"taxable","39":"shipping-taxable","40":"purchasable","41":"product-type-variable"},"yoast_head":"<title>Polo homme manches courtes - M\u00fcller Trade<\/title>\n<meta name=\"description\" content=\"Polo homme manches courtes - M\u00fcller Trade\" \/>\n<meta name=\"robots\" content=\"index, follow, max-snippet:-1, max-image-preview:large, max-video-preview:-1\" \/>\n<link rel=\"canonical\" href=\"https:\/\/mueller-trade.com\/fr\/shop\/medical-fr\/t-shirts-polos-medical-fr\/polo-manches-courtes-ff-fr\/polo-homme-manches-courtes-2\/\" \/>\n<meta property=\"og:locale\" content=\"fr_FR\" \/>\n<meta property=\"og:type\" content=\"article\" \/>\n<meta property=\"og:title\" content=\"Polo homme manches courtes - M\u00fcller Trade\" \/>\n<meta property=\"og:description\" content=\"Polo homme manches courtes - M\u00fcller Trade\" \/>\n<meta property=\"og:url\" content=\"https:\/\/mueller-trade.com\/fr\/shop\/medical-fr\/t-shirts-polos-medical-fr\/polo-manches-courtes-ff-fr\/polo-homme-manches-courtes-2\/\" \/>\n<meta property=\"og:site_name\" content=\"M\u00fcller Trade\" \/>\n<meta property=\"article:modified_time\" content=\"2025-09-01T08:50:40+00:00\" \/>\n<meta property=\"og:image\" content=\"https:\/\/mueller-trade.com\/wp-content\/uploads\/sites\/2\/66270_1405_010_V.jpg\" \/>\n\t<meta property=\"og:image:width\" content=\"800\" \/>\n\t<meta property=\"og:image:height\" content=\"1200\" \/>\n\t<meta property=\"og:image:type\" content=\"image\/jpeg\" \/>\n<meta name=\"twitter:card\" content=\"summary_large_image\" \/>\n<script type=\"application\/ld+json\" class=\"yoast-schema-graph\">{\"@context\":\"https:\/\/schema.org\",\"@graph\":[{\"@type\":\"WebPage\",\"@id\":\"https:\/\/mueller-trade.com\/fr\/shop\/medical-fr\/t-shirts-polos-medical-fr\/polo-manches-courtes-ff-fr\/polo-homme-manches-courtes-2\/\",\"url\":\"https:\/\/mueller-trade.com\/fr\/shop\/medical-fr\/t-shirts-polos-medical-fr\/polo-manches-courtes-ff-fr\/polo-homme-manches-courtes-2\/\",\"name\":\"Polo homme manches courtes - M\u00fcller Trade\",\"isPartOf\":{\"@id\":\"https:\/\/mueller-trade.com\/fr\/#website\"},\"primaryImageOfPage\":{\"@id\":\"https:\/\/mueller-trade.com\/fr\/shop\/medical-fr\/t-shirts-polos-medical-fr\/polo-manches-courtes-ff-fr\/polo-homme-manches-courtes-2\/#primaryimage\"},\"image\":{\"@id\":\"https:\/\/mueller-trade.com\/fr\/shop\/medical-fr\/t-shirts-polos-medical-fr\/polo-manches-courtes-ff-fr\/polo-homme-manches-courtes-2\/#primaryimage\"},\"thumbnailUrl\":\"https:\/\/mueller-trade.com\/wp-content\/uploads\/sites\/2\/66270_1405_010_V.jpg\",\"datePublished\":\"2024-06-11T14:42:42+00:00\",\"dateModified\":\"2025-09-01T08:50:40+00:00\",\"description\":\"Polo homme manches courtes - M\u00fcller Trade\",\"breadcrumb\":{\"@id\":\"https:\/\/mueller-trade.com\/fr\/shop\/medical-fr\/t-shirts-polos-medical-fr\/polo-manches-courtes-ff-fr\/polo-homme-manches-courtes-2\/#breadcrumb\"},\"inLanguage\":\"fr-FR\",\"potentialAction\":[{\"@type\":\"ReadAction\",\"target\":[\"https:\/\/mueller-trade.com\/fr\/shop\/medical-fr\/t-shirts-polos-medical-fr\/polo-manches-courtes-ff-fr\/polo-homme-manches-courtes-2\/\"]}]},{\"@type\":\"ImageObject\",\"inLanguage\":\"fr-FR\",\"@id\":\"https:\/\/mueller-trade.com\/fr\/shop\/medical-fr\/t-shirts-polos-medical-fr\/polo-manches-courtes-ff-fr\/polo-homme-manches-courtes-2\/#primaryimage\",\"url\":\"https:\/\/mueller-trade.com\/wp-content\/uploads\/sites\/2\/66270_1405_010_V.jpg\",\"contentUrl\":\"https:\/\/mueller-trade.com\/wp-content\/uploads\/sites\/2\/66270_1405_010_V.jpg\",\"width\":800,\"height\":1200},{\"@type\":\"BreadcrumbList\",\"@id\":\"https:\/\/mueller-trade.com\/fr\/shop\/medical-fr\/t-shirts-polos-medical-fr\/polo-manches-courtes-ff-fr\/polo-homme-manches-courtes-2\/#breadcrumb\",\"itemListElement\":[{\"@type\":\"ListItem\",\"position\":1,\"name\":\"Startseite\",\"item\":\"https:\/\/mueller-trade.com\/fr\/\"},{\"@type\":\"ListItem\",\"position\":2,\"name\":\"Shop\",\"item\":\"https:\/\/mueller-trade.com\/fr\/shop\/\"},{\"@type\":\"ListItem\",\"position\":3,\"name\":\"Polo homme manches courtes\"}]},{\"@type\":\"WebSite\",\"@id\":\"https:\/\/mueller-trade.com\/fr\/#website\",\"url\":\"https:\/\/mueller-trade.com\/fr\/\",\"name\":\"M\u00fcller Trade\",\"description\":\"VOTRE BOUTIQUE B2B DE V\u00caTEMENTS PROFESSIONNELS\",\"publisher\":{\"@id\":\"https:\/\/mueller-trade.com\/fr\/#organization\"},\"potentialAction\":[{\"@type\":\"SearchAction\",\"target\":{\"@type\":\"EntryPoint\",\"urlTemplate\":\"https:\/\/mueller-trade.com\/fr\/?s={search_term_string}\"},\"query-input\":{\"@type\":\"PropertyValueSpecification\",\"valueRequired\":true,\"valueName\":\"search_term_string\"}}],\"inLanguage\":\"fr-FR\"},{\"@type\":\"Organization\",\"@id\":\"https:\/\/mueller-trade.com\/fr\/#organization\",\"name\":\"M\u00fcller Trade Corporate Clothing\",\"url\":\"https:\/\/mueller-trade.com\/fr\/\",\"logo\":{\"@type\":\"ImageObject\",\"inLanguage\":\"fr-FR\",\"@id\":\"https:\/\/mueller-trade.com\/fr\/#\/schema\/logo\/image\/\",\"url\":\"https:\/\/mueller-trade.com\/wp-content\/uploads\/sites\/2\/cropped-cropped-mt-icon.png\",\"contentUrl\":\"https:\/\/mueller-trade.com\/wp-content\/uploads\/sites\/2\/cropped-cropped-mt-icon.png\",\"width\":512,\"height\":512,\"caption\":\"M\u00fcller Trade Corporate Clothing\"},\"image\":{\"@id\":\"https:\/\/mueller-trade.com\/fr\/#\/schema\/logo\/image\/\"}}]}<\/script>","yoast_head_json":{"title":"Polo homme manches courtes - M\u00fcller Trade","description":"Polo homme manches courtes - M\u00fcller Trade","robots":{"index":"index","follow":"follow","max-snippet":"max-snippet:-1","max-image-preview":"max-image-preview:large","max-video-preview":"max-video-preview:-1"},"canonical":"https:\/\/mueller-trade.com\/fr\/shop\/medical-fr\/t-shirts-polos-medical-fr\/polo-manches-courtes-ff-fr\/polo-homme-manches-courtes-2\/","og_locale":"fr_FR","og_type":"article","og_title":"Polo homme manches courtes - M\u00fcller Trade","og_description":"Polo homme manches courtes - M\u00fcller Trade","og_url":"https:\/\/mueller-trade.com\/fr\/shop\/medical-fr\/t-shirts-polos-medical-fr\/polo-manches-courtes-ff-fr\/polo-homme-manches-courtes-2\/","og_site_name":"M\u00fcller Trade","article_modified_time":"2025-09-01T08:50:40+00:00","og_image":[{"width":800,"height":1200,"url":"https:\/\/mueller-trade.com\/wp-content\/uploads\/sites\/2\/66270_1405_010_V.jpg","type":"image\/jpeg"}],"twitter_card":"summary_large_image","schema":{"@context":"https:\/\/schema.org","@graph":[{"@type":"WebPage","@id":"https:\/\/mueller-trade.com\/fr\/shop\/medical-fr\/t-shirts-polos-medical-fr\/polo-manches-courtes-ff-fr\/polo-homme-manches-courtes-2\/","url":"https:\/\/mueller-trade.com\/fr\/shop\/medical-fr\/t-shirts-polos-medical-fr\/polo-manches-courtes-ff-fr\/polo-homme-manches-courtes-2\/","name":"Polo homme manches courtes - M\u00fcller Trade","isPartOf":{"@id":"https:\/\/mueller-trade.com\/fr\/#website"},"primaryImageOfPage":{"@id":"https:\/\/mueller-trade.com\/fr\/shop\/medical-fr\/t-shirts-polos-medical-fr\/polo-manches-courtes-ff-fr\/polo-homme-manches-courtes-2\/#primaryimage"},"image":{"@id":"https:\/\/mueller-trade.com\/fr\/shop\/medical-fr\/t-shirts-polos-medical-fr\/polo-manches-courtes-ff-fr\/polo-homme-manches-courtes-2\/#primaryimage"},"thumbnailUrl":"https:\/\/mueller-trade.com\/wp-content\/uploads\/sites\/2\/66270_1405_010_V.jpg","datePublished":"2024-06-11T14:42:42+00:00","dateModified":"2025-09-01T08:50:40+00:00","description":"Polo homme manches courtes - M\u00fcller Trade","breadcrumb":{"@id":"https:\/\/mueller-trade.com\/fr\/shop\/medical-fr\/t-shirts-polos-medical-fr\/polo-manches-courtes-ff-fr\/polo-homme-manches-courtes-2\/#breadcrumb"},"inLanguage":"fr-FR","potentialAction":[{"@type":"ReadAction","target":["https:\/\/mueller-trade.com\/fr\/shop\/medical-fr\/t-shirts-polos-medical-fr\/polo-manches-courtes-ff-fr\/polo-homme-manches-courtes-2\/"]}]},{"@type":"ImageObject","inLanguage":"fr-FR","@id":"https:\/\/mueller-trade.com\/fr\/shop\/medical-fr\/t-shirts-polos-medical-fr\/polo-manches-courtes-ff-fr\/polo-homme-manches-courtes-2\/#primaryimage","url":"https:\/\/mueller-trade.com\/wp-content\/uploads\/sites\/2\/66270_1405_010_V.jpg","contentUrl":"https:\/\/mueller-trade.com\/wp-content\/uploads\/sites\/2\/66270_1405_010_V.jpg","width":800,"height":1200},{"@type":"BreadcrumbList","@id":"https:\/\/mueller-trade.com\/fr\/shop\/medical-fr\/t-shirts-polos-medical-fr\/polo-manches-courtes-ff-fr\/polo-homme-manches-courtes-2\/#breadcrumb","itemListElement":[{"@type":"ListItem","position":1,"name":"Startseite","item":"https:\/\/mueller-trade.com\/fr\/"},{"@type":"ListItem","position":2,"name":"Shop","item":"https:\/\/mueller-trade.com\/fr\/shop\/"},{"@type":"ListItem","position":3,"name":"Polo homme manches courtes"}]},{"@type":"WebSite","@id":"https:\/\/mueller-trade.com\/fr\/#website","url":"https:\/\/mueller-trade.com\/fr\/","name":"M\u00fcller Trade","description":"VOTRE BOUTIQUE B2B DE V\u00caTEMENTS PROFESSIONNELS","publisher":{"@id":"https:\/\/mueller-trade.com\/fr\/#organization"},"potentialAction":[{"@type":"SearchAction","target":{"@type":"EntryPoint","urlTemplate":"https:\/\/mueller-trade.com\/fr\/?s={search_term_string}"},"query-input":{"@type":"PropertyValueSpecification","valueRequired":true,"valueName":"search_term_string"}}],"inLanguage":"fr-FR"},{"@type":"Organization","@id":"https:\/\/mueller-trade.com\/fr\/#organization","name":"M\u00fcller Trade Corporate Clothing","url":"https:\/\/mueller-trade.com\/fr\/","logo":{"@type":"ImageObject","inLanguage":"fr-FR","@id":"https:\/\/mueller-trade.com\/fr\/#\/schema\/logo\/image\/","url":"https:\/\/mueller-trade.com\/wp-content\/uploads\/sites\/2\/cropped-cropped-mt-icon.png","contentUrl":"https:\/\/mueller-trade.com\/wp-content\/uploads\/sites\/2\/cropped-cropped-mt-icon.png","width":512,"height":512,"caption":"M\u00fcller Trade Corporate Clothing"},"image":{"@id":"https:\/\/mueller-trade.com\/fr\/#\/schema\/logo\/image\/"}}]}},"acf":[],"brands":[{"id":4547,"name":"Greiff","slug":"greiff-fr"}],"_links":{"self":[{"href":"https:\/\/mueller-trade.com\/fr\/wp-json\/wp\/v2\/product\/254281"}],"collection":[{"href":"https:\/\/mueller-trade.com\/fr\/wp-json\/wp\/v2\/product"}],"about":[{"href":"https:\/\/mueller-trade.com\/fr\/wp-json\/wp\/v2\/types\/product"}],"wp:featuredmedia":[{"embeddable":true,"href":"https:\/\/mueller-trade.com\/fr\/wp-json\/wp\/v2\/media\/10874"}],"wp:attachment":[{"href":"https:\/\/mueller-trade.com\/fr\/wp-json\/wp\/v2\/media?parent=254281"}],"wp:term":[{"taxonomy":"pwb-brand","embeddable":true,"href":"https:\/\/mueller-trade.com\/fr\/wp-json\/wp\/v2\/pwb-brand?post=254281"},{"taxonomy":"product_cat","embeddable":true,"href":"https:\/\/mueller-trade.com\/fr\/wp-json\/wp\/v2\/product_cat?post=254281"},{"taxonomy":"product_tag","embeddable":true,"href":"https:\/\/mueller-trade.com\/fr\/wp-json\/wp\/v2\/product_tag?post=254281"}],"curies":[{"name":"wp","href":"https:\/\/api.w.org\/{rel}","templated":true}]}}