{"id":251561,"date":"2024-06-11T21:18:59","date_gmt":"2024-06-11T19:18:59","guid":{"rendered":"https:\/\/mueller-trade.com\/shop\/unkategorisiert\/chemise-homme-manches-longues\/"},"modified":"2024-10-28T19:03:24","modified_gmt":"2024-10-28T18:03:24","slug":"chemise-homme-manches-longues-8","status":"publish","type":"product","link":"https:\/\/mueller-trade.com\/fr\/shop\/corporate-wear-fr\/blouses-chemises-cw-fr\/manches-longues-cw-fr\/chemise-homme-manches-longues-8\/","title":{"rendered":"Chemise homme manches longues"},"content":{"rendered":"<\/p>\n<ul>\n<li>forme l\u00e9g\u00e8rement cintr\u00e9e, moderne<\/li>\n<li>1 poche poitrine<\/li>\n<li>non-iron<\/li>\n<li>col Kent<\/li>\n<\/ul>\n<p>Tailles\u00a0: 37 &#8211; 46<\/p>\n<p>100% coton<\/p>\n<p class=\"care-icons\">G 9 1 s_,<\/p><\/p>\n","protected":false},"excerpt":{"rendered":"<p>Text all<\/p>\n<p> [&#8230;]<\/p>\n<p><a class=\"btn btn-secondary understrap-read-more-link\" href=\"https:\/\/mueller-trade.com\/fr\/shop\/corporate-wear-fr\/blouses-chemises-cw-fr\/manches-longues-cw-fr\/chemise-homme-manches-longues-8\/\">plus<span class=\"screen-reader-text\"> from Chemise homme manches longues<\/span><\/a><\/p>\n","protected":false},"featured_media":43769,"template":"","meta":{"_acf_changed":false,"inline_featured_image":false},"pwb-brand":[],"product_cat":[3357,1262,3354,3416,3430,3427],"product_tag":[],"class_list":{"0":"post-251561","1":"product","2":"type-product","3":"status-publish","4":"has-post-thumbnail","6":"product_cat-manches-longues","7":"product_cat-tout","8":"product_cat-blouses-chemises","9":"product_cat-corporate-wear-fr","10":"product_cat-manches-longues-cw-fr","11":"product_cat-blouses-chemises-cw-fr","12":"pa_color-00-blanc","13":"pa_color-10-bleu-1","14":"pa_color-39-noir","15":"pa_color-group-blanc","16":"pa_color-group-bleu","17":"pa_color-group-noir","18":"pa_fit-regular-fit","19":"pa_gender-hommes","20":"pa_shirtsizes-37-fr","21":"pa_shirtsizes-38-fr","22":"pa_shirtsizes-39-fr","23":"pa_shirtsizes-40-fr","24":"pa_shirtsizes-41-fr","25":"pa_shirtsizes-42-fr","26":"pa_shirtsizes-43-fr","27":"pa_shirtsizes-44-fr","28":"pa_shirtsizes-45-fr","29":"pa_shirtsizes-46-fr","31":"first","32":"instock","33":"taxable","34":"shipping-taxable","35":"purchasable","36":"product-type-variable"},"yoast_head":"<title>Chemise homme manches longues - M\u00fcller Trade<\/title>\n<meta name=\"description\" content=\"Chemise homme manches longues - M\u00fcller Trade\" \/>\n<meta name=\"robots\" content=\"index, follow, max-snippet:-1, max-image-preview:large, max-video-preview:-1\" \/>\n<link rel=\"canonical\" href=\"https:\/\/mueller-trade.com\/fr\/shop\/corporate-wear-fr\/blouses-chemises-cw-fr\/manches-longues-cw-fr\/chemise-homme-manches-longues-8\/\" \/>\n<meta property=\"og:locale\" content=\"fr_FR\" \/>\n<meta property=\"og:type\" content=\"article\" \/>\n<meta property=\"og:title\" content=\"Chemise homme manches longues - M\u00fcller Trade\" \/>\n<meta property=\"og:description\" content=\"Chemise homme manches longues - M\u00fcller Trade\" \/>\n<meta property=\"og:url\" content=\"https:\/\/mueller-trade.com\/fr\/shop\/corporate-wear-fr\/blouses-chemises-cw-fr\/manches-longues-cw-fr\/chemise-homme-manches-longues-8\/\" \/>\n<meta property=\"og:site_name\" content=\"M\u00fcller Trade\" \/>\n<meta property=\"article:modified_time\" content=\"2024-10-28T18:03:24+00:00\" \/>\n<meta property=\"og:image\" content=\"https:\/\/mueller-trade.com\/wp-content\/uploads\/sites\/2\/1100_39x187_big.jpg\" \/>\n\t<meta property=\"og:image:width\" content=\"1000\" \/>\n\t<meta property=\"og:image:height\" content=\"1229\" \/>\n\t<meta property=\"og:image:type\" content=\"image\/jpeg\" \/>\n<meta name=\"twitter:card\" content=\"summary_large_image\" \/>\n<script type=\"application\/ld+json\" class=\"yoast-schema-graph\">{\"@context\":\"https:\/\/schema.org\",\"@graph\":[{\"@type\":\"WebPage\",\"@id\":\"https:\/\/mueller-trade.com\/fr\/shop\/corporate-wear-fr\/blouses-chemises-cw-fr\/manches-longues-cw-fr\/chemise-homme-manches-longues-8\/\",\"url\":\"https:\/\/mueller-trade.com\/fr\/shop\/corporate-wear-fr\/blouses-chemises-cw-fr\/manches-longues-cw-fr\/chemise-homme-manches-longues-8\/\",\"name\":\"Chemise homme manches longues - M\u00fcller Trade\",\"isPartOf\":{\"@id\":\"https:\/\/mueller-trade.com\/fr\/#website\"},\"primaryImageOfPage\":{\"@id\":\"https:\/\/mueller-trade.com\/fr\/shop\/corporate-wear-fr\/blouses-chemises-cw-fr\/manches-longues-cw-fr\/chemise-homme-manches-longues-8\/#primaryimage\"},\"image\":{\"@id\":\"https:\/\/mueller-trade.com\/fr\/shop\/corporate-wear-fr\/blouses-chemises-cw-fr\/manches-longues-cw-fr\/chemise-homme-manches-longues-8\/#primaryimage\"},\"thumbnailUrl\":\"https:\/\/mueller-trade.com\/wp-content\/uploads\/sites\/2\/1100_39x187_big.jpg\",\"datePublished\":\"2024-06-11T19:18:59+00:00\",\"dateModified\":\"2024-10-28T18:03:24+00:00\",\"description\":\"Chemise homme manches longues - M\u00fcller Trade\",\"breadcrumb\":{\"@id\":\"https:\/\/mueller-trade.com\/fr\/shop\/corporate-wear-fr\/blouses-chemises-cw-fr\/manches-longues-cw-fr\/chemise-homme-manches-longues-8\/#breadcrumb\"},\"inLanguage\":\"fr-FR\",\"potentialAction\":[{\"@type\":\"ReadAction\",\"target\":[\"https:\/\/mueller-trade.com\/fr\/shop\/corporate-wear-fr\/blouses-chemises-cw-fr\/manches-longues-cw-fr\/chemise-homme-manches-longues-8\/\"]}]},{\"@type\":\"ImageObject\",\"inLanguage\":\"fr-FR\",\"@id\":\"https:\/\/mueller-trade.com\/fr\/shop\/corporate-wear-fr\/blouses-chemises-cw-fr\/manches-longues-cw-fr\/chemise-homme-manches-longues-8\/#primaryimage\",\"url\":\"https:\/\/mueller-trade.com\/wp-content\/uploads\/sites\/2\/1100_39x187_big.jpg\",\"contentUrl\":\"https:\/\/mueller-trade.com\/wp-content\/uploads\/sites\/2\/1100_39x187_big.jpg\",\"width\":1000,\"height\":1229},{\"@type\":\"BreadcrumbList\",\"@id\":\"https:\/\/mueller-trade.com\/fr\/shop\/corporate-wear-fr\/blouses-chemises-cw-fr\/manches-longues-cw-fr\/chemise-homme-manches-longues-8\/#breadcrumb\",\"itemListElement\":[{\"@type\":\"ListItem\",\"position\":1,\"name\":\"Startseite\",\"item\":\"https:\/\/mueller-trade.com\/fr\/\"},{\"@type\":\"ListItem\",\"position\":2,\"name\":\"Shop\",\"item\":\"https:\/\/mueller-trade.com\/fr\/shop\/\"},{\"@type\":\"ListItem\",\"position\":3,\"name\":\"Chemise homme manches longues\"}]},{\"@type\":\"WebSite\",\"@id\":\"https:\/\/mueller-trade.com\/fr\/#website\",\"url\":\"https:\/\/mueller-trade.com\/fr\/\",\"name\":\"M\u00fcller Trade\",\"description\":\"VOTRE BOUTIQUE B2B DE V\u00caTEMENTS PROFESSIONNELS\",\"publisher\":{\"@id\":\"https:\/\/mueller-trade.com\/fr\/#organization\"},\"potentialAction\":[{\"@type\":\"SearchAction\",\"target\":{\"@type\":\"EntryPoint\",\"urlTemplate\":\"https:\/\/mueller-trade.com\/fr\/?s={search_term_string}\"},\"query-input\":{\"@type\":\"PropertyValueSpecification\",\"valueRequired\":true,\"valueName\":\"search_term_string\"}}],\"inLanguage\":\"fr-FR\"},{\"@type\":\"Organization\",\"@id\":\"https:\/\/mueller-trade.com\/fr\/#organization\",\"name\":\"M\u00fcller Trade Corporate Clothing\",\"url\":\"https:\/\/mueller-trade.com\/fr\/\",\"logo\":{\"@type\":\"ImageObject\",\"inLanguage\":\"fr-FR\",\"@id\":\"https:\/\/mueller-trade.com\/fr\/#\/schema\/logo\/image\/\",\"url\":\"https:\/\/mueller-trade.com\/wp-content\/uploads\/sites\/2\/cropped-cropped-mt-icon.png\",\"contentUrl\":\"https:\/\/mueller-trade.com\/wp-content\/uploads\/sites\/2\/cropped-cropped-mt-icon.png\",\"width\":512,\"height\":512,\"caption\":\"M\u00fcller Trade Corporate Clothing\"},\"image\":{\"@id\":\"https:\/\/mueller-trade.com\/fr\/#\/schema\/logo\/image\/\"}}]}<\/script>","yoast_head_json":{"title":"Chemise homme manches longues - M\u00fcller Trade","description":"Chemise homme manches longues - M\u00fcller Trade","robots":{"index":"index","follow":"follow","max-snippet":"max-snippet:-1","max-image-preview":"max-image-preview:large","max-video-preview":"max-video-preview:-1"},"canonical":"https:\/\/mueller-trade.com\/fr\/shop\/corporate-wear-fr\/blouses-chemises-cw-fr\/manches-longues-cw-fr\/chemise-homme-manches-longues-8\/","og_locale":"fr_FR","og_type":"article","og_title":"Chemise homme manches longues - M\u00fcller Trade","og_description":"Chemise homme manches longues - M\u00fcller Trade","og_url":"https:\/\/mueller-trade.com\/fr\/shop\/corporate-wear-fr\/blouses-chemises-cw-fr\/manches-longues-cw-fr\/chemise-homme-manches-longues-8\/","og_site_name":"M\u00fcller Trade","article_modified_time":"2024-10-28T18:03:24+00:00","og_image":[{"width":1000,"height":1229,"url":"https:\/\/mueller-trade.com\/wp-content\/uploads\/sites\/2\/1100_39x187_big.jpg","type":"image\/jpeg"}],"twitter_card":"summary_large_image","schema":{"@context":"https:\/\/schema.org","@graph":[{"@type":"WebPage","@id":"https:\/\/mueller-trade.com\/fr\/shop\/corporate-wear-fr\/blouses-chemises-cw-fr\/manches-longues-cw-fr\/chemise-homme-manches-longues-8\/","url":"https:\/\/mueller-trade.com\/fr\/shop\/corporate-wear-fr\/blouses-chemises-cw-fr\/manches-longues-cw-fr\/chemise-homme-manches-longues-8\/","name":"Chemise homme manches longues - M\u00fcller Trade","isPartOf":{"@id":"https:\/\/mueller-trade.com\/fr\/#website"},"primaryImageOfPage":{"@id":"https:\/\/mueller-trade.com\/fr\/shop\/corporate-wear-fr\/blouses-chemises-cw-fr\/manches-longues-cw-fr\/chemise-homme-manches-longues-8\/#primaryimage"},"image":{"@id":"https:\/\/mueller-trade.com\/fr\/shop\/corporate-wear-fr\/blouses-chemises-cw-fr\/manches-longues-cw-fr\/chemise-homme-manches-longues-8\/#primaryimage"},"thumbnailUrl":"https:\/\/mueller-trade.com\/wp-content\/uploads\/sites\/2\/1100_39x187_big.jpg","datePublished":"2024-06-11T19:18:59+00:00","dateModified":"2024-10-28T18:03:24+00:00","description":"Chemise homme manches longues - M\u00fcller Trade","breadcrumb":{"@id":"https:\/\/mueller-trade.com\/fr\/shop\/corporate-wear-fr\/blouses-chemises-cw-fr\/manches-longues-cw-fr\/chemise-homme-manches-longues-8\/#breadcrumb"},"inLanguage":"fr-FR","potentialAction":[{"@type":"ReadAction","target":["https:\/\/mueller-trade.com\/fr\/shop\/corporate-wear-fr\/blouses-chemises-cw-fr\/manches-longues-cw-fr\/chemise-homme-manches-longues-8\/"]}]},{"@type":"ImageObject","inLanguage":"fr-FR","@id":"https:\/\/mueller-trade.com\/fr\/shop\/corporate-wear-fr\/blouses-chemises-cw-fr\/manches-longues-cw-fr\/chemise-homme-manches-longues-8\/#primaryimage","url":"https:\/\/mueller-trade.com\/wp-content\/uploads\/sites\/2\/1100_39x187_big.jpg","contentUrl":"https:\/\/mueller-trade.com\/wp-content\/uploads\/sites\/2\/1100_39x187_big.jpg","width":1000,"height":1229},{"@type":"BreadcrumbList","@id":"https:\/\/mueller-trade.com\/fr\/shop\/corporate-wear-fr\/blouses-chemises-cw-fr\/manches-longues-cw-fr\/chemise-homme-manches-longues-8\/#breadcrumb","itemListElement":[{"@type":"ListItem","position":1,"name":"Startseite","item":"https:\/\/mueller-trade.com\/fr\/"},{"@type":"ListItem","position":2,"name":"Shop","item":"https:\/\/mueller-trade.com\/fr\/shop\/"},{"@type":"ListItem","position":3,"name":"Chemise homme manches longues"}]},{"@type":"WebSite","@id":"https:\/\/mueller-trade.com\/fr\/#website","url":"https:\/\/mueller-trade.com\/fr\/","name":"M\u00fcller Trade","description":"VOTRE BOUTIQUE B2B DE V\u00caTEMENTS PROFESSIONNELS","publisher":{"@id":"https:\/\/mueller-trade.com\/fr\/#organization"},"potentialAction":[{"@type":"SearchAction","target":{"@type":"EntryPoint","urlTemplate":"https:\/\/mueller-trade.com\/fr\/?s={search_term_string}"},"query-input":{"@type":"PropertyValueSpecification","valueRequired":true,"valueName":"search_term_string"}}],"inLanguage":"fr-FR"},{"@type":"Organization","@id":"https:\/\/mueller-trade.com\/fr\/#organization","name":"M\u00fcller Trade Corporate Clothing","url":"https:\/\/mueller-trade.com\/fr\/","logo":{"@type":"ImageObject","inLanguage":"fr-FR","@id":"https:\/\/mueller-trade.com\/fr\/#\/schema\/logo\/image\/","url":"https:\/\/mueller-trade.com\/wp-content\/uploads\/sites\/2\/cropped-cropped-mt-icon.png","contentUrl":"https:\/\/mueller-trade.com\/wp-content\/uploads\/sites\/2\/cropped-cropped-mt-icon.png","width":512,"height":512,"caption":"M\u00fcller Trade Corporate Clothing"},"image":{"@id":"https:\/\/mueller-trade.com\/fr\/#\/schema\/logo\/image\/"}}]}},"acf":[],"brands":[],"_links":{"self":[{"href":"https:\/\/mueller-trade.com\/fr\/wp-json\/wp\/v2\/product\/251561"}],"collection":[{"href":"https:\/\/mueller-trade.com\/fr\/wp-json\/wp\/v2\/product"}],"about":[{"href":"https:\/\/mueller-trade.com\/fr\/wp-json\/wp\/v2\/types\/product"}],"wp:featuredmedia":[{"embeddable":true,"href":"https:\/\/mueller-trade.com\/fr\/wp-json\/wp\/v2\/media\/43769"}],"wp:attachment":[{"href":"https:\/\/mueller-trade.com\/fr\/wp-json\/wp\/v2\/media?parent=251561"}],"wp:term":[{"taxonomy":"pwb-brand","embeddable":true,"href":"https:\/\/mueller-trade.com\/fr\/wp-json\/wp\/v2\/pwb-brand?post=251561"},{"taxonomy":"product_cat","embeddable":true,"href":"https:\/\/mueller-trade.com\/fr\/wp-json\/wp\/v2\/product_cat?post=251561"},{"taxonomy":"product_tag","embeddable":true,"href":"https:\/\/mueller-trade.com\/fr\/wp-json\/wp\/v2\/product_tag?post=251561"}],"curies":[{"name":"wp","href":"https:\/\/api.w.org\/{rel}","templated":true}]}}