{"id":250982,"date":"2024-06-12T15:22:34","date_gmt":"2024-06-12T13:22:34","guid":{"rendered":"https:\/\/mueller-trade.com\/shop\/unkategorisiert\/ueberhaenger-3\/"},"modified":"2024-10-28T19:06:44","modified_gmt":"2024-10-28T18:06:44","slug":"ueberhaenger","status":"publish","type":"product","link":"https:\/\/mueller-trade.com\/fr\/shop\/wellness-spa-fr\/tuniques-casaques-ws-fr\/sans-manches\/ueberhaenger\/","title":{"rendered":"\u00dcberh\u00e4nger"},"content":{"rendered":"<\/p>\n<ul>\n<li>\n<ul>\n<li>K\u00e4ngurutasche vorne<\/li>\n<li>2 Stifttaschen<\/li>\n<li>Seitlich verstellbare Laschen<\/li>\n<li>Kariertes Kantenband<\/li>\n<\/ul>\n<ul>\n<li style=\"list-style-type: none\">Gr.: XS\/S &#8211; M\/L &#8211; XL\/2XL<\/li>\n<li style=\"list-style-type: none\">65% Polyester, 35% Baumwolle, 210 g\/m<sup>2<\/sup><\/li>\n<li><\/li>\n<\/ul>\n<\/li>\n<li><\/li>\n<\/ul>\n","protected":false},"excerpt":{"rendered":"<p>K\u00e4ngurutasche vorne 2 Stifttaschen Seitlich verstellbare Laschen Kariertes Kantenband Gr.: XS\/S &#8211; M\/L &#8211; XL\/2XL 65% Polyester, 35% Baumwolle, 210 g\/m2 [&#8230;]<\/p>\n<p><a class=\"btn btn-secondary understrap-read-more-link\" href=\"https:\/\/mueller-trade.com\/fr\/shop\/wellness-spa-fr\/tuniques-casaques-ws-fr\/sans-manches\/ueberhaenger\/\">plus<span class=\"screen-reader-text\"> from \u00dcberh\u00e4nger<\/span><\/a><\/p>\n","protected":false},"featured_media":57294,"template":"","meta":{"_acf_changed":false,"inline_featured_image":false},"pwb-brand":[4559],"product_cat":[1262,3368,3377,3460,3496,3490,3494,3444,3453,3449,3501,3385,3507,3454,3467,3463],"product_tag":[],"class_list":{"0":"post-250982","1":"product","2":"type-product","3":"status-publish","4":"has-post-thumbnail","6":"pwb-brand-kentaur-fr","7":"product_cat-tout","8":"product_cat-tabliers","9":"product_cat-tuniques-casaques","10":"product_cat-service-cuisine-fr","11":"product_cat-manches-courtes-sk-fr-fr","12":"product_cat-sk-tabliers-fr","13":"product_cat-tuniques-casaques-sk-fr","14":"product_cat-housekeeping-fr","15":"product_cat-sans-manches-hsk-fr","16":"product_cat-tuniques-casaques-hsk-fr","17":"product_cat-wellness-spa-fr","18":"product_cat-sans-manches","19":"product_cat-tuniques-casaques-ws-fr","20":"product_cat-medical-fr","21":"product_cat-sans-manches-medical-fr","22":"product_cat-tuniques-casaques-medical-fr","23":"pa_color-7971-noir-carreaux","24":"pa_color-group-noir","25":"pa_gender-femmes","26":"pa_gender-hommes","27":"pa_size-international-xs-s-fr","28":"pa_size-international-m-l-fr","29":"pa_size-international-xl-2xl-fr","31":"first","32":"instock","33":"taxable","34":"shipping-taxable","35":"purchasable","36":"product-type-variable"},"yoast_head":"<title>\u00dcberh\u00e4nger - M\u00fcller Trade<\/title>\n<meta name=\"description\" content=\"\u00dcberh\u00e4nger - M\u00fcller Trade\" \/>\n<meta name=\"robots\" content=\"index, follow, max-snippet:-1, max-image-preview:large, max-video-preview:-1\" \/>\n<link rel=\"canonical\" href=\"https:\/\/mueller-trade.com\/fr\/shop\/wellness-spa-fr\/tuniques-casaques-ws-fr\/sans-manches\/ueberhaenger\/\" \/>\n<meta property=\"og:locale\" content=\"fr_FR\" \/>\n<meta property=\"og:type\" content=\"article\" \/>\n<meta property=\"og:title\" content=\"\u00dcberh\u00e4nger - M\u00fcller Trade\" \/>\n<meta property=\"og:description\" content=\"\u00dcberh\u00e4nger - M\u00fcller Trade\" \/>\n<meta property=\"og:url\" content=\"https:\/\/mueller-trade.com\/fr\/shop\/wellness-spa-fr\/tuniques-casaques-ws-fr\/sans-manches\/ueberhaenger\/\" \/>\n<meta property=\"og:site_name\" content=\"M\u00fcller Trade\" \/>\n<meta property=\"article:modified_time\" content=\"2024-10-28T18:06:44+00:00\" \/>\n<meta property=\"og:image\" content=\"https:\/\/mueller-trade.com\/wp-content\/uploads\/sites\/2\/31811-102-0-0-7971-Lo-Res_1.jpg\" \/>\n\t<meta property=\"og:image:width\" content=\"800\" \/>\n\t<meta property=\"og:image:height\" content=\"1200\" \/>\n\t<meta property=\"og:image:type\" content=\"image\/jpeg\" \/>\n<meta name=\"twitter:card\" content=\"summary_large_image\" \/>\n<script type=\"application\/ld+json\" class=\"yoast-schema-graph\">{\"@context\":\"https:\/\/schema.org\",\"@graph\":[{\"@type\":\"WebPage\",\"@id\":\"https:\/\/mueller-trade.com\/fr\/shop\/wellness-spa-fr\/tuniques-casaques-ws-fr\/sans-manches\/ueberhaenger\/\",\"url\":\"https:\/\/mueller-trade.com\/fr\/shop\/wellness-spa-fr\/tuniques-casaques-ws-fr\/sans-manches\/ueberhaenger\/\",\"name\":\"\u00dcberh\u00e4nger - M\u00fcller Trade\",\"isPartOf\":{\"@id\":\"https:\/\/mueller-trade.com\/fr\/#website\"},\"primaryImageOfPage\":{\"@id\":\"https:\/\/mueller-trade.com\/fr\/shop\/wellness-spa-fr\/tuniques-casaques-ws-fr\/sans-manches\/ueberhaenger\/#primaryimage\"},\"image\":{\"@id\":\"https:\/\/mueller-trade.com\/fr\/shop\/wellness-spa-fr\/tuniques-casaques-ws-fr\/sans-manches\/ueberhaenger\/#primaryimage\"},\"thumbnailUrl\":\"https:\/\/mueller-trade.com\/wp-content\/uploads\/sites\/2\/31811-102-0-0-7971-Lo-Res_1.jpg\",\"datePublished\":\"2024-06-12T13:22:34+00:00\",\"dateModified\":\"2024-10-28T18:06:44+00:00\",\"description\":\"\u00dcberh\u00e4nger - M\u00fcller Trade\",\"breadcrumb\":{\"@id\":\"https:\/\/mueller-trade.com\/fr\/shop\/wellness-spa-fr\/tuniques-casaques-ws-fr\/sans-manches\/ueberhaenger\/#breadcrumb\"},\"inLanguage\":\"fr-FR\",\"potentialAction\":[{\"@type\":\"ReadAction\",\"target\":[\"https:\/\/mueller-trade.com\/fr\/shop\/wellness-spa-fr\/tuniques-casaques-ws-fr\/sans-manches\/ueberhaenger\/\"]}]},{\"@type\":\"ImageObject\",\"inLanguage\":\"fr-FR\",\"@id\":\"https:\/\/mueller-trade.com\/fr\/shop\/wellness-spa-fr\/tuniques-casaques-ws-fr\/sans-manches\/ueberhaenger\/#primaryimage\",\"url\":\"https:\/\/mueller-trade.com\/wp-content\/uploads\/sites\/2\/31811-102-0-0-7971-Lo-Res_1.jpg\",\"contentUrl\":\"https:\/\/mueller-trade.com\/wp-content\/uploads\/sites\/2\/31811-102-0-0-7971-Lo-Res_1.jpg\",\"width\":800,\"height\":1200},{\"@type\":\"BreadcrumbList\",\"@id\":\"https:\/\/mueller-trade.com\/fr\/shop\/wellness-spa-fr\/tuniques-casaques-ws-fr\/sans-manches\/ueberhaenger\/#breadcrumb\",\"itemListElement\":[{\"@type\":\"ListItem\",\"position\":1,\"name\":\"Startseite\",\"item\":\"https:\/\/mueller-trade.com\/fr\/\"},{\"@type\":\"ListItem\",\"position\":2,\"name\":\"Shop\",\"item\":\"https:\/\/mueller-trade.com\/fr\/shop\/\"},{\"@type\":\"ListItem\",\"position\":3,\"name\":\"\u00dcberh\u00e4nger\"}]},{\"@type\":\"WebSite\",\"@id\":\"https:\/\/mueller-trade.com\/fr\/#website\",\"url\":\"https:\/\/mueller-trade.com\/fr\/\",\"name\":\"M\u00fcller Trade\",\"description\":\"VOTRE BOUTIQUE B2B DE V\u00caTEMENTS PROFESSIONNELS\",\"publisher\":{\"@id\":\"https:\/\/mueller-trade.com\/fr\/#organization\"},\"potentialAction\":[{\"@type\":\"SearchAction\",\"target\":{\"@type\":\"EntryPoint\",\"urlTemplate\":\"https:\/\/mueller-trade.com\/fr\/?s={search_term_string}\"},\"query-input\":{\"@type\":\"PropertyValueSpecification\",\"valueRequired\":true,\"valueName\":\"search_term_string\"}}],\"inLanguage\":\"fr-FR\"},{\"@type\":\"Organization\",\"@id\":\"https:\/\/mueller-trade.com\/fr\/#organization\",\"name\":\"M\u00fcller Trade Corporate Clothing\",\"url\":\"https:\/\/mueller-trade.com\/fr\/\",\"logo\":{\"@type\":\"ImageObject\",\"inLanguage\":\"fr-FR\",\"@id\":\"https:\/\/mueller-trade.com\/fr\/#\/schema\/logo\/image\/\",\"url\":\"https:\/\/mueller-trade.com\/wp-content\/uploads\/sites\/2\/cropped-cropped-mt-icon.png\",\"contentUrl\":\"https:\/\/mueller-trade.com\/wp-content\/uploads\/sites\/2\/cropped-cropped-mt-icon.png\",\"width\":512,\"height\":512,\"caption\":\"M\u00fcller Trade Corporate Clothing\"},\"image\":{\"@id\":\"https:\/\/mueller-trade.com\/fr\/#\/schema\/logo\/image\/\"}}]}<\/script>","yoast_head_json":{"title":"\u00dcberh\u00e4nger - M\u00fcller Trade","description":"\u00dcberh\u00e4nger - M\u00fcller Trade","robots":{"index":"index","follow":"follow","max-snippet":"max-snippet:-1","max-image-preview":"max-image-preview:large","max-video-preview":"max-video-preview:-1"},"canonical":"https:\/\/mueller-trade.com\/fr\/shop\/wellness-spa-fr\/tuniques-casaques-ws-fr\/sans-manches\/ueberhaenger\/","og_locale":"fr_FR","og_type":"article","og_title":"\u00dcberh\u00e4nger - M\u00fcller Trade","og_description":"\u00dcberh\u00e4nger - M\u00fcller Trade","og_url":"https:\/\/mueller-trade.com\/fr\/shop\/wellness-spa-fr\/tuniques-casaques-ws-fr\/sans-manches\/ueberhaenger\/","og_site_name":"M\u00fcller Trade","article_modified_time":"2024-10-28T18:06:44+00:00","og_image":[{"width":800,"height":1200,"url":"https:\/\/mueller-trade.com\/wp-content\/uploads\/sites\/2\/31811-102-0-0-7971-Lo-Res_1.jpg","type":"image\/jpeg"}],"twitter_card":"summary_large_image","schema":{"@context":"https:\/\/schema.org","@graph":[{"@type":"WebPage","@id":"https:\/\/mueller-trade.com\/fr\/shop\/wellness-spa-fr\/tuniques-casaques-ws-fr\/sans-manches\/ueberhaenger\/","url":"https:\/\/mueller-trade.com\/fr\/shop\/wellness-spa-fr\/tuniques-casaques-ws-fr\/sans-manches\/ueberhaenger\/","name":"\u00dcberh\u00e4nger - M\u00fcller Trade","isPartOf":{"@id":"https:\/\/mueller-trade.com\/fr\/#website"},"primaryImageOfPage":{"@id":"https:\/\/mueller-trade.com\/fr\/shop\/wellness-spa-fr\/tuniques-casaques-ws-fr\/sans-manches\/ueberhaenger\/#primaryimage"},"image":{"@id":"https:\/\/mueller-trade.com\/fr\/shop\/wellness-spa-fr\/tuniques-casaques-ws-fr\/sans-manches\/ueberhaenger\/#primaryimage"},"thumbnailUrl":"https:\/\/mueller-trade.com\/wp-content\/uploads\/sites\/2\/31811-102-0-0-7971-Lo-Res_1.jpg","datePublished":"2024-06-12T13:22:34+00:00","dateModified":"2024-10-28T18:06:44+00:00","description":"\u00dcberh\u00e4nger - M\u00fcller Trade","breadcrumb":{"@id":"https:\/\/mueller-trade.com\/fr\/shop\/wellness-spa-fr\/tuniques-casaques-ws-fr\/sans-manches\/ueberhaenger\/#breadcrumb"},"inLanguage":"fr-FR","potentialAction":[{"@type":"ReadAction","target":["https:\/\/mueller-trade.com\/fr\/shop\/wellness-spa-fr\/tuniques-casaques-ws-fr\/sans-manches\/ueberhaenger\/"]}]},{"@type":"ImageObject","inLanguage":"fr-FR","@id":"https:\/\/mueller-trade.com\/fr\/shop\/wellness-spa-fr\/tuniques-casaques-ws-fr\/sans-manches\/ueberhaenger\/#primaryimage","url":"https:\/\/mueller-trade.com\/wp-content\/uploads\/sites\/2\/31811-102-0-0-7971-Lo-Res_1.jpg","contentUrl":"https:\/\/mueller-trade.com\/wp-content\/uploads\/sites\/2\/31811-102-0-0-7971-Lo-Res_1.jpg","width":800,"height":1200},{"@type":"BreadcrumbList","@id":"https:\/\/mueller-trade.com\/fr\/shop\/wellness-spa-fr\/tuniques-casaques-ws-fr\/sans-manches\/ueberhaenger\/#breadcrumb","itemListElement":[{"@type":"ListItem","position":1,"name":"Startseite","item":"https:\/\/mueller-trade.com\/fr\/"},{"@type":"ListItem","position":2,"name":"Shop","item":"https:\/\/mueller-trade.com\/fr\/shop\/"},{"@type":"ListItem","position":3,"name":"\u00dcberh\u00e4nger"}]},{"@type":"WebSite","@id":"https:\/\/mueller-trade.com\/fr\/#website","url":"https:\/\/mueller-trade.com\/fr\/","name":"M\u00fcller Trade","description":"VOTRE BOUTIQUE B2B DE V\u00caTEMENTS PROFESSIONNELS","publisher":{"@id":"https:\/\/mueller-trade.com\/fr\/#organization"},"potentialAction":[{"@type":"SearchAction","target":{"@type":"EntryPoint","urlTemplate":"https:\/\/mueller-trade.com\/fr\/?s={search_term_string}"},"query-input":{"@type":"PropertyValueSpecification","valueRequired":true,"valueName":"search_term_string"}}],"inLanguage":"fr-FR"},{"@type":"Organization","@id":"https:\/\/mueller-trade.com\/fr\/#organization","name":"M\u00fcller Trade Corporate Clothing","url":"https:\/\/mueller-trade.com\/fr\/","logo":{"@type":"ImageObject","inLanguage":"fr-FR","@id":"https:\/\/mueller-trade.com\/fr\/#\/schema\/logo\/image\/","url":"https:\/\/mueller-trade.com\/wp-content\/uploads\/sites\/2\/cropped-cropped-mt-icon.png","contentUrl":"https:\/\/mueller-trade.com\/wp-content\/uploads\/sites\/2\/cropped-cropped-mt-icon.png","width":512,"height":512,"caption":"M\u00fcller Trade Corporate Clothing"},"image":{"@id":"https:\/\/mueller-trade.com\/fr\/#\/schema\/logo\/image\/"}}]}},"acf":[],"brands":[{"id":4559,"name":"Kentaur","slug":"kentaur-fr"}],"_links":{"self":[{"href":"https:\/\/mueller-trade.com\/fr\/wp-json\/wp\/v2\/product\/250982"}],"collection":[{"href":"https:\/\/mueller-trade.com\/fr\/wp-json\/wp\/v2\/product"}],"about":[{"href":"https:\/\/mueller-trade.com\/fr\/wp-json\/wp\/v2\/types\/product"}],"wp:featuredmedia":[{"embeddable":true,"href":"https:\/\/mueller-trade.com\/fr\/wp-json\/wp\/v2\/media\/57294"}],"wp:attachment":[{"href":"https:\/\/mueller-trade.com\/fr\/wp-json\/wp\/v2\/media?parent=250982"}],"wp:term":[{"taxonomy":"pwb-brand","embeddable":true,"href":"https:\/\/mueller-trade.com\/fr\/wp-json\/wp\/v2\/pwb-brand?post=250982"},{"taxonomy":"product_cat","embeddable":true,"href":"https:\/\/mueller-trade.com\/fr\/wp-json\/wp\/v2\/product_cat?post=250982"},{"taxonomy":"product_tag","embeddable":true,"href":"https:\/\/mueller-trade.com\/fr\/wp-json\/wp\/v2\/product_tag?post=250982"}],"curies":[{"name":"wp","href":"https:\/\/api.w.org\/{rel}","templated":true}]}}