{"id":249491,"date":"2024-06-12T14:53:43","date_gmt":"2024-06-12T12:53:43","guid":{"rendered":"https:\/\/mueller-trade.com\/shop\/unkategorisiert\/herren-kochjacke-5\/"},"modified":"2024-10-28T19:17:49","modified_gmt":"2024-10-28T18:17:49","slug":"herren-kochjacke-3","status":"publish","type":"product","link":"https:\/\/mueller-trade.com\/fr\/shop\/service-cuisine-fr\/vetements-cuisine-sk-fr\/vestes-cuisine-sk-fr\/herren-kochjacke-3\/","title":{"rendered":"Herren Kochjacke"},"content":{"rendered":"<\/p>\n<ul>\n<li style=\"list-style-type: none\">\n<ul>\n<li style=\"list-style-type: none\">\n<ul>\n<li style=\"list-style-type: none\">\n<ul>\n<li style=\"list-style-type: none\">\n<ul>\n<li>Stehkragen<\/li>\n<li>1\/1 \u00c4rmel<\/li>\n<li>Kochjacke f\u00fcr Kugelkn\u00f6pfe<\/li>\n<li>Wird ohne Kugelkn\u00f6pfe geliefert<\/li>\n<\/ul>\n<p>Gr.: 44-68<\/p>\n<p>50% Baumwolle, 50% Polyester, 210 g\/m<sup>2<\/sup><\/li>\n<\/ul>\n<\/li>\n<li><\/li>\n<\/ul>\n<\/li>\n<\/ul>\n<\/li>\n<\/ul>\n","protected":false},"excerpt":{"rendered":"<p>Stehkragen 1\/1 \u00c4rmel Kochjacke f\u00fcr Kugelkn\u00f6pfe Wird ohne Kugelkn\u00f6pfe geliefert Gr.: 44-68 50% Baumwolle, 50% Polyester, 210 g\/m2 [&#8230;]<\/p>\n<p><a class=\"btn btn-secondary understrap-read-more-link\" href=\"https:\/\/mueller-trade.com\/fr\/shop\/service-cuisine-fr\/vetements-cuisine-sk-fr\/vestes-cuisine-sk-fr\/herren-kochjacke-3\/\">plus<span class=\"screen-reader-text\"> from Herren Kochjacke<\/span><\/a><\/p>\n","protected":false},"featured_media":56710,"template":"","meta":{"_acf_changed":false,"inline_featured_image":false},"pwb-brand":[4559],"product_cat":[1262,3365,3460,3489,3487],"product_tag":[],"class_list":{"0":"post-249491","1":"product","2":"type-product","3":"status-publish","4":"has-post-thumbnail","6":"pwb-brand-kentaur-fr","7":"product_cat-tout","8":"product_cat-vetements-de-cuisine","9":"product_cat-service-cuisine-fr","10":"product_cat-vestes-cuisine-sk-fr","11":"product_cat-vetements-cuisine-sk-fr","12":"pa_color-101-blanc","13":"pa_color-group-blanc","14":"pa_fit-regular-fit","15":"pa_gender-hommes","16":"pa_size-men-44-fr","17":"pa_size-men-46-fr","18":"pa_size-men-48-fr","19":"pa_size-men-50-fr","20":"pa_size-men-52-fr","21":"pa_size-men-54-fr","22":"pa_size-men-56-fr","23":"pa_size-men-58-fr","24":"pa_size-men-60-fr","25":"pa_size-men-62-fr","26":"pa_size-men-64-fr","27":"pa_size-men-66-fr","28":"pa_size-men-68-fr","30":"first","31":"instock","32":"taxable","33":"shipping-taxable","34":"purchasable","35":"product-type-variable"},"yoast_head":"<title>Herren Kochjacke - M\u00fcller Trade<\/title>\n<meta name=\"description\" content=\"Herren Kochjacke - M\u00fcller Trade\" \/>\n<meta name=\"robots\" content=\"index, follow, max-snippet:-1, max-image-preview:large, max-video-preview:-1\" \/>\n<link rel=\"canonical\" href=\"https:\/\/mueller-trade.com\/fr\/shop\/service-cuisine-fr\/vetements-cuisine-sk-fr\/vestes-cuisine-sk-fr\/herren-kochjacke-3\/\" \/>\n<meta property=\"og:locale\" content=\"fr_FR\" \/>\n<meta property=\"og:type\" content=\"article\" \/>\n<meta property=\"og:title\" content=\"Herren Kochjacke - M\u00fcller Trade\" \/>\n<meta property=\"og:description\" content=\"Herren Kochjacke - M\u00fcller Trade\" \/>\n<meta property=\"og:url\" content=\"https:\/\/mueller-trade.com\/fr\/shop\/service-cuisine-fr\/vetements-cuisine-sk-fr\/vestes-cuisine-sk-fr\/herren-kochjacke-3\/\" \/>\n<meta property=\"og:site_name\" content=\"M\u00fcller Trade\" \/>\n<meta property=\"article:modified_time\" content=\"2024-10-28T18:17:49+00:00\" \/>\n<meta property=\"og:image\" content=\"https:\/\/mueller-trade.com\/wp-content\/uploads\/sites\/2\/2330-4100-0-0-101-Lo-Res_1.jpg\" \/>\n\t<meta property=\"og:image:width\" content=\"800\" \/>\n\t<meta property=\"og:image:height\" content=\"1200\" \/>\n\t<meta property=\"og:image:type\" content=\"image\/jpeg\" \/>\n<meta name=\"twitter:card\" content=\"summary_large_image\" \/>\n<script type=\"application\/ld+json\" class=\"yoast-schema-graph\">{\"@context\":\"https:\/\/schema.org\",\"@graph\":[{\"@type\":\"WebPage\",\"@id\":\"https:\/\/mueller-trade.com\/fr\/shop\/service-cuisine-fr\/vetements-cuisine-sk-fr\/vestes-cuisine-sk-fr\/herren-kochjacke-3\/\",\"url\":\"https:\/\/mueller-trade.com\/fr\/shop\/service-cuisine-fr\/vetements-cuisine-sk-fr\/vestes-cuisine-sk-fr\/herren-kochjacke-3\/\",\"name\":\"Herren Kochjacke - M\u00fcller Trade\",\"isPartOf\":{\"@id\":\"https:\/\/mueller-trade.com\/fr\/#website\"},\"primaryImageOfPage\":{\"@id\":\"https:\/\/mueller-trade.com\/fr\/shop\/service-cuisine-fr\/vetements-cuisine-sk-fr\/vestes-cuisine-sk-fr\/herren-kochjacke-3\/#primaryimage\"},\"image\":{\"@id\":\"https:\/\/mueller-trade.com\/fr\/shop\/service-cuisine-fr\/vetements-cuisine-sk-fr\/vestes-cuisine-sk-fr\/herren-kochjacke-3\/#primaryimage\"},\"thumbnailUrl\":\"https:\/\/mueller-trade.com\/wp-content\/uploads\/sites\/2\/2330-4100-0-0-101-Lo-Res_1.jpg\",\"datePublished\":\"2024-06-12T12:53:43+00:00\",\"dateModified\":\"2024-10-28T18:17:49+00:00\",\"description\":\"Herren Kochjacke - M\u00fcller Trade\",\"breadcrumb\":{\"@id\":\"https:\/\/mueller-trade.com\/fr\/shop\/service-cuisine-fr\/vetements-cuisine-sk-fr\/vestes-cuisine-sk-fr\/herren-kochjacke-3\/#breadcrumb\"},\"inLanguage\":\"fr-FR\",\"potentialAction\":[{\"@type\":\"ReadAction\",\"target\":[\"https:\/\/mueller-trade.com\/fr\/shop\/service-cuisine-fr\/vetements-cuisine-sk-fr\/vestes-cuisine-sk-fr\/herren-kochjacke-3\/\"]}]},{\"@type\":\"ImageObject\",\"inLanguage\":\"fr-FR\",\"@id\":\"https:\/\/mueller-trade.com\/fr\/shop\/service-cuisine-fr\/vetements-cuisine-sk-fr\/vestes-cuisine-sk-fr\/herren-kochjacke-3\/#primaryimage\",\"url\":\"https:\/\/mueller-trade.com\/wp-content\/uploads\/sites\/2\/2330-4100-0-0-101-Lo-Res_1.jpg\",\"contentUrl\":\"https:\/\/mueller-trade.com\/wp-content\/uploads\/sites\/2\/2330-4100-0-0-101-Lo-Res_1.jpg\",\"width\":800,\"height\":1200},{\"@type\":\"BreadcrumbList\",\"@id\":\"https:\/\/mueller-trade.com\/fr\/shop\/service-cuisine-fr\/vetements-cuisine-sk-fr\/vestes-cuisine-sk-fr\/herren-kochjacke-3\/#breadcrumb\",\"itemListElement\":[{\"@type\":\"ListItem\",\"position\":1,\"name\":\"Startseite\",\"item\":\"https:\/\/mueller-trade.com\/fr\/\"},{\"@type\":\"ListItem\",\"position\":2,\"name\":\"Shop\",\"item\":\"https:\/\/mueller-trade.com\/fr\/shop\/\"},{\"@type\":\"ListItem\",\"position\":3,\"name\":\"Herren Kochjacke\"}]},{\"@type\":\"WebSite\",\"@id\":\"https:\/\/mueller-trade.com\/fr\/#website\",\"url\":\"https:\/\/mueller-trade.com\/fr\/\",\"name\":\"M\u00fcller Trade\",\"description\":\"VOTRE BOUTIQUE B2B DE V\u00caTEMENTS PROFESSIONNELS\",\"publisher\":{\"@id\":\"https:\/\/mueller-trade.com\/fr\/#organization\"},\"potentialAction\":[{\"@type\":\"SearchAction\",\"target\":{\"@type\":\"EntryPoint\",\"urlTemplate\":\"https:\/\/mueller-trade.com\/fr\/?s={search_term_string}\"},\"query-input\":{\"@type\":\"PropertyValueSpecification\",\"valueRequired\":true,\"valueName\":\"search_term_string\"}}],\"inLanguage\":\"fr-FR\"},{\"@type\":\"Organization\",\"@id\":\"https:\/\/mueller-trade.com\/fr\/#organization\",\"name\":\"M\u00fcller Trade Corporate Clothing\",\"url\":\"https:\/\/mueller-trade.com\/fr\/\",\"logo\":{\"@type\":\"ImageObject\",\"inLanguage\":\"fr-FR\",\"@id\":\"https:\/\/mueller-trade.com\/fr\/#\/schema\/logo\/image\/\",\"url\":\"https:\/\/mueller-trade.com\/wp-content\/uploads\/sites\/2\/cropped-cropped-mt-icon.png\",\"contentUrl\":\"https:\/\/mueller-trade.com\/wp-content\/uploads\/sites\/2\/cropped-cropped-mt-icon.png\",\"width\":512,\"height\":512,\"caption\":\"M\u00fcller Trade Corporate Clothing\"},\"image\":{\"@id\":\"https:\/\/mueller-trade.com\/fr\/#\/schema\/logo\/image\/\"}}]}<\/script>","yoast_head_json":{"title":"Herren Kochjacke - M\u00fcller Trade","description":"Herren Kochjacke - M\u00fcller Trade","robots":{"index":"index","follow":"follow","max-snippet":"max-snippet:-1","max-image-preview":"max-image-preview:large","max-video-preview":"max-video-preview:-1"},"canonical":"https:\/\/mueller-trade.com\/fr\/shop\/service-cuisine-fr\/vetements-cuisine-sk-fr\/vestes-cuisine-sk-fr\/herren-kochjacke-3\/","og_locale":"fr_FR","og_type":"article","og_title":"Herren Kochjacke - M\u00fcller Trade","og_description":"Herren Kochjacke - M\u00fcller Trade","og_url":"https:\/\/mueller-trade.com\/fr\/shop\/service-cuisine-fr\/vetements-cuisine-sk-fr\/vestes-cuisine-sk-fr\/herren-kochjacke-3\/","og_site_name":"M\u00fcller Trade","article_modified_time":"2024-10-28T18:17:49+00:00","og_image":[{"width":800,"height":1200,"url":"https:\/\/mueller-trade.com\/wp-content\/uploads\/sites\/2\/2330-4100-0-0-101-Lo-Res_1.jpg","type":"image\/jpeg"}],"twitter_card":"summary_large_image","schema":{"@context":"https:\/\/schema.org","@graph":[{"@type":"WebPage","@id":"https:\/\/mueller-trade.com\/fr\/shop\/service-cuisine-fr\/vetements-cuisine-sk-fr\/vestes-cuisine-sk-fr\/herren-kochjacke-3\/","url":"https:\/\/mueller-trade.com\/fr\/shop\/service-cuisine-fr\/vetements-cuisine-sk-fr\/vestes-cuisine-sk-fr\/herren-kochjacke-3\/","name":"Herren Kochjacke - M\u00fcller Trade","isPartOf":{"@id":"https:\/\/mueller-trade.com\/fr\/#website"},"primaryImageOfPage":{"@id":"https:\/\/mueller-trade.com\/fr\/shop\/service-cuisine-fr\/vetements-cuisine-sk-fr\/vestes-cuisine-sk-fr\/herren-kochjacke-3\/#primaryimage"},"image":{"@id":"https:\/\/mueller-trade.com\/fr\/shop\/service-cuisine-fr\/vetements-cuisine-sk-fr\/vestes-cuisine-sk-fr\/herren-kochjacke-3\/#primaryimage"},"thumbnailUrl":"https:\/\/mueller-trade.com\/wp-content\/uploads\/sites\/2\/2330-4100-0-0-101-Lo-Res_1.jpg","datePublished":"2024-06-12T12:53:43+00:00","dateModified":"2024-10-28T18:17:49+00:00","description":"Herren Kochjacke - M\u00fcller Trade","breadcrumb":{"@id":"https:\/\/mueller-trade.com\/fr\/shop\/service-cuisine-fr\/vetements-cuisine-sk-fr\/vestes-cuisine-sk-fr\/herren-kochjacke-3\/#breadcrumb"},"inLanguage":"fr-FR","potentialAction":[{"@type":"ReadAction","target":["https:\/\/mueller-trade.com\/fr\/shop\/service-cuisine-fr\/vetements-cuisine-sk-fr\/vestes-cuisine-sk-fr\/herren-kochjacke-3\/"]}]},{"@type":"ImageObject","inLanguage":"fr-FR","@id":"https:\/\/mueller-trade.com\/fr\/shop\/service-cuisine-fr\/vetements-cuisine-sk-fr\/vestes-cuisine-sk-fr\/herren-kochjacke-3\/#primaryimage","url":"https:\/\/mueller-trade.com\/wp-content\/uploads\/sites\/2\/2330-4100-0-0-101-Lo-Res_1.jpg","contentUrl":"https:\/\/mueller-trade.com\/wp-content\/uploads\/sites\/2\/2330-4100-0-0-101-Lo-Res_1.jpg","width":800,"height":1200},{"@type":"BreadcrumbList","@id":"https:\/\/mueller-trade.com\/fr\/shop\/service-cuisine-fr\/vetements-cuisine-sk-fr\/vestes-cuisine-sk-fr\/herren-kochjacke-3\/#breadcrumb","itemListElement":[{"@type":"ListItem","position":1,"name":"Startseite","item":"https:\/\/mueller-trade.com\/fr\/"},{"@type":"ListItem","position":2,"name":"Shop","item":"https:\/\/mueller-trade.com\/fr\/shop\/"},{"@type":"ListItem","position":3,"name":"Herren Kochjacke"}]},{"@type":"WebSite","@id":"https:\/\/mueller-trade.com\/fr\/#website","url":"https:\/\/mueller-trade.com\/fr\/","name":"M\u00fcller Trade","description":"VOTRE BOUTIQUE B2B DE V\u00caTEMENTS PROFESSIONNELS","publisher":{"@id":"https:\/\/mueller-trade.com\/fr\/#organization"},"potentialAction":[{"@type":"SearchAction","target":{"@type":"EntryPoint","urlTemplate":"https:\/\/mueller-trade.com\/fr\/?s={search_term_string}"},"query-input":{"@type":"PropertyValueSpecification","valueRequired":true,"valueName":"search_term_string"}}],"inLanguage":"fr-FR"},{"@type":"Organization","@id":"https:\/\/mueller-trade.com\/fr\/#organization","name":"M\u00fcller Trade Corporate Clothing","url":"https:\/\/mueller-trade.com\/fr\/","logo":{"@type":"ImageObject","inLanguage":"fr-FR","@id":"https:\/\/mueller-trade.com\/fr\/#\/schema\/logo\/image\/","url":"https:\/\/mueller-trade.com\/wp-content\/uploads\/sites\/2\/cropped-cropped-mt-icon.png","contentUrl":"https:\/\/mueller-trade.com\/wp-content\/uploads\/sites\/2\/cropped-cropped-mt-icon.png","width":512,"height":512,"caption":"M\u00fcller Trade Corporate Clothing"},"image":{"@id":"https:\/\/mueller-trade.com\/fr\/#\/schema\/logo\/image\/"}}]}},"acf":[],"brands":[{"id":4559,"name":"Kentaur","slug":"kentaur-fr"}],"_links":{"self":[{"href":"https:\/\/mueller-trade.com\/fr\/wp-json\/wp\/v2\/product\/249491"}],"collection":[{"href":"https:\/\/mueller-trade.com\/fr\/wp-json\/wp\/v2\/product"}],"about":[{"href":"https:\/\/mueller-trade.com\/fr\/wp-json\/wp\/v2\/types\/product"}],"wp:featuredmedia":[{"embeddable":true,"href":"https:\/\/mueller-trade.com\/fr\/wp-json\/wp\/v2\/media\/56710"}],"wp:attachment":[{"href":"https:\/\/mueller-trade.com\/fr\/wp-json\/wp\/v2\/media?parent=249491"}],"wp:term":[{"taxonomy":"pwb-brand","embeddable":true,"href":"https:\/\/mueller-trade.com\/fr\/wp-json\/wp\/v2\/pwb-brand?post=249491"},{"taxonomy":"product_cat","embeddable":true,"href":"https:\/\/mueller-trade.com\/fr\/wp-json\/wp\/v2\/product_cat?post=249491"},{"taxonomy":"product_tag","embeddable":true,"href":"https:\/\/mueller-trade.com\/fr\/wp-json\/wp\/v2\/product_tag?post=249491"}],"curies":[{"name":"wp","href":"https:\/\/api.w.org\/{rel}","templated":true}]}}