{"id":247845,"date":"2024-06-12T02:10:08","date_gmt":"2024-06-12T00:10:08","guid":{"rendered":"https:\/\/mueller-trade.com\/shop\/unkategorisiert\/veste-softshell-femme\/"},"modified":"2024-10-28T18:48:41","modified_gmt":"2024-10-28T17:48:41","slug":"veste-softshell-femme-2","status":"publish","type":"product","link":"https:\/\/mueller-trade.com\/fr\/shop\/corporate-wear-fr\/manteaux-cw-fr\/veste-softshell-femme-2\/","title":{"rendered":"Veste Softshell femme"},"content":{"rendered":"<\/p>\n<ul>\n<li>Regular Fit<\/li>\n<li>col montant<\/li>\n<li>vienne cousue<\/li>\n<li>2 poches passepoil\u00e9es<\/li>\n<li>1 poche int\u00e9rieure<\/li>\n<li>semi-doubl\u00e9<\/li>\n<li>longueur du dos 91cm<\/li>\n<\/ul>\n<p>Tailles\u00a0XS &#8211; 2XL<\/p>\n<ul>\n<li>46% polyamide, 42% polyester, 12% \u00e9lastanne<\/li>\n<\/ul>\n<p class=\"care-icons\">f 9 4 i_W<\/p><\/p>\n","protected":false},"excerpt":{"rendered":"<p>Regular Fit col montant vienne cousue 2 poches passepoil\u00e9es 1 poche int\u00e9rieure semi-doubl\u00e9 longueur du dos 91cm Tailles\u00a0XS &#8211; 2XL 46% polyamide, 42% polyester, 12% \u00e9lastanne f 9 4 i_W [&#8230;]<\/p>\n<p><a class=\"btn btn-secondary understrap-read-more-link\" href=\"https:\/\/mueller-trade.com\/fr\/shop\/corporate-wear-fr\/manteaux-cw-fr\/veste-softshell-femme-2\/\">plus<span class=\"screen-reader-text\"> from Veste Softshell femme<\/span><\/a><\/p>\n","protected":false},"featured_media":48622,"template":"","meta":{"_acf_changed":false,"inline_featured_image":false},"pwb-brand":[4547],"product_cat":[1262,3362,3366,3416,3437,3380,3395],"product_tag":[],"class_list":{"0":"post-247845","1":"product","2":"type-product","3":"status-publish","4":"has-post-thumbnail","6":"pwb-brand-greiff-fr","7":"product_cat-tout","8":"product_cat-vestes","9":"product_cat-manteaux","10":"product_cat-corporate-wear-fr","11":"product_cat-manteaux-cw-fr","12":"product_cat-casual-wear-fr","13":"product_cat-vestes-ca-fr","14":"pa_color-010-noir","15":"pa_color-group-noir","16":"pa_fit-regular-fit","17":"pa_gender-femmes","18":"pa_size-international-xs-fr","19":"pa_size-international-s-fr","20":"pa_size-international-m-fr","21":"pa_size-international-l-fr","22":"pa_size-international-xl-fr","23":"pa_size-international-xxl-fr","25":"first","26":"instock","27":"taxable","28":"shipping-taxable","29":"purchasable","30":"product-type-variable"},"yoast_head":"<title>Veste Softshell femme - M\u00fcller Trade<\/title>\n<meta name=\"description\" content=\"Veste Softshell femme - M\u00fcller Trade\" \/>\n<meta name=\"robots\" content=\"index, follow, max-snippet:-1, max-image-preview:large, max-video-preview:-1\" \/>\n<link rel=\"canonical\" href=\"https:\/\/mueller-trade.com\/fr\/shop\/corporate-wear-fr\/manteaux-cw-fr\/veste-softshell-femme-2\/\" \/>\n<meta property=\"og:locale\" content=\"fr_FR\" \/>\n<meta property=\"og:type\" content=\"article\" \/>\n<meta property=\"og:title\" content=\"Veste Softshell femme - M\u00fcller Trade\" \/>\n<meta property=\"og:description\" content=\"Veste Softshell femme - M\u00fcller Trade\" \/>\n<meta property=\"og:url\" content=\"https:\/\/mueller-trade.com\/fr\/shop\/corporate-wear-fr\/manteaux-cw-fr\/veste-softshell-femme-2\/\" \/>\n<meta property=\"og:site_name\" content=\"M\u00fcller Trade\" \/>\n<meta property=\"article:modified_time\" content=\"2024-10-28T17:48:41+00:00\" \/>\n<meta property=\"og:image\" content=\"https:\/\/mueller-trade.com\/wp-content\/uploads\/sites\/2\/1842_1660_010_V.jpg\" \/>\n\t<meta property=\"og:image:width\" content=\"1001\" \/>\n\t<meta property=\"og:image:height\" content=\"1500\" \/>\n\t<meta property=\"og:image:type\" content=\"image\/jpeg\" \/>\n<meta name=\"twitter:card\" content=\"summary_large_image\" \/>\n<script type=\"application\/ld+json\" class=\"yoast-schema-graph\">{\"@context\":\"https:\/\/schema.org\",\"@graph\":[{\"@type\":\"WebPage\",\"@id\":\"https:\/\/mueller-trade.com\/fr\/shop\/corporate-wear-fr\/manteaux-cw-fr\/veste-softshell-femme-2\/\",\"url\":\"https:\/\/mueller-trade.com\/fr\/shop\/corporate-wear-fr\/manteaux-cw-fr\/veste-softshell-femme-2\/\",\"name\":\"Veste Softshell femme - M\u00fcller Trade\",\"isPartOf\":{\"@id\":\"https:\/\/mueller-trade.com\/fr\/#website\"},\"primaryImageOfPage\":{\"@id\":\"https:\/\/mueller-trade.com\/fr\/shop\/corporate-wear-fr\/manteaux-cw-fr\/veste-softshell-femme-2\/#primaryimage\"},\"image\":{\"@id\":\"https:\/\/mueller-trade.com\/fr\/shop\/corporate-wear-fr\/manteaux-cw-fr\/veste-softshell-femme-2\/#primaryimage\"},\"thumbnailUrl\":\"https:\/\/mueller-trade.com\/wp-content\/uploads\/sites\/2\/1842_1660_010_V.jpg\",\"datePublished\":\"2024-06-12T00:10:08+00:00\",\"dateModified\":\"2024-10-28T17:48:41+00:00\",\"description\":\"Veste Softshell femme - M\u00fcller Trade\",\"breadcrumb\":{\"@id\":\"https:\/\/mueller-trade.com\/fr\/shop\/corporate-wear-fr\/manteaux-cw-fr\/veste-softshell-femme-2\/#breadcrumb\"},\"inLanguage\":\"fr-FR\",\"potentialAction\":[{\"@type\":\"ReadAction\",\"target\":[\"https:\/\/mueller-trade.com\/fr\/shop\/corporate-wear-fr\/manteaux-cw-fr\/veste-softshell-femme-2\/\"]}]},{\"@type\":\"ImageObject\",\"inLanguage\":\"fr-FR\",\"@id\":\"https:\/\/mueller-trade.com\/fr\/shop\/corporate-wear-fr\/manteaux-cw-fr\/veste-softshell-femme-2\/#primaryimage\",\"url\":\"https:\/\/mueller-trade.com\/wp-content\/uploads\/sites\/2\/1842_1660_010_V.jpg\",\"contentUrl\":\"https:\/\/mueller-trade.com\/wp-content\/uploads\/sites\/2\/1842_1660_010_V.jpg\",\"width\":1001,\"height\":1500},{\"@type\":\"BreadcrumbList\",\"@id\":\"https:\/\/mueller-trade.com\/fr\/shop\/corporate-wear-fr\/manteaux-cw-fr\/veste-softshell-femme-2\/#breadcrumb\",\"itemListElement\":[{\"@type\":\"ListItem\",\"position\":1,\"name\":\"Startseite\",\"item\":\"https:\/\/mueller-trade.com\/fr\/\"},{\"@type\":\"ListItem\",\"position\":2,\"name\":\"Shop\",\"item\":\"https:\/\/mueller-trade.com\/fr\/shop\/\"},{\"@type\":\"ListItem\",\"position\":3,\"name\":\"Veste Softshell femme\"}]},{\"@type\":\"WebSite\",\"@id\":\"https:\/\/mueller-trade.com\/fr\/#website\",\"url\":\"https:\/\/mueller-trade.com\/fr\/\",\"name\":\"M\u00fcller Trade\",\"description\":\"VOTRE BOUTIQUE B2B DE V\u00caTEMENTS PROFESSIONNELS\",\"publisher\":{\"@id\":\"https:\/\/mueller-trade.com\/fr\/#organization\"},\"potentialAction\":[{\"@type\":\"SearchAction\",\"target\":{\"@type\":\"EntryPoint\",\"urlTemplate\":\"https:\/\/mueller-trade.com\/fr\/?s={search_term_string}\"},\"query-input\":{\"@type\":\"PropertyValueSpecification\",\"valueRequired\":true,\"valueName\":\"search_term_string\"}}],\"inLanguage\":\"fr-FR\"},{\"@type\":\"Organization\",\"@id\":\"https:\/\/mueller-trade.com\/fr\/#organization\",\"name\":\"M\u00fcller Trade Corporate Clothing\",\"url\":\"https:\/\/mueller-trade.com\/fr\/\",\"logo\":{\"@type\":\"ImageObject\",\"inLanguage\":\"fr-FR\",\"@id\":\"https:\/\/mueller-trade.com\/fr\/#\/schema\/logo\/image\/\",\"url\":\"https:\/\/mueller-trade.com\/wp-content\/uploads\/sites\/2\/cropped-cropped-mt-icon.png\",\"contentUrl\":\"https:\/\/mueller-trade.com\/wp-content\/uploads\/sites\/2\/cropped-cropped-mt-icon.png\",\"width\":512,\"height\":512,\"caption\":\"M\u00fcller Trade Corporate Clothing\"},\"image\":{\"@id\":\"https:\/\/mueller-trade.com\/fr\/#\/schema\/logo\/image\/\"}}]}<\/script>","yoast_head_json":{"title":"Veste Softshell femme - M\u00fcller Trade","description":"Veste Softshell femme - M\u00fcller Trade","robots":{"index":"index","follow":"follow","max-snippet":"max-snippet:-1","max-image-preview":"max-image-preview:large","max-video-preview":"max-video-preview:-1"},"canonical":"https:\/\/mueller-trade.com\/fr\/shop\/corporate-wear-fr\/manteaux-cw-fr\/veste-softshell-femme-2\/","og_locale":"fr_FR","og_type":"article","og_title":"Veste Softshell femme - M\u00fcller Trade","og_description":"Veste Softshell femme - M\u00fcller Trade","og_url":"https:\/\/mueller-trade.com\/fr\/shop\/corporate-wear-fr\/manteaux-cw-fr\/veste-softshell-femme-2\/","og_site_name":"M\u00fcller Trade","article_modified_time":"2024-10-28T17:48:41+00:00","og_image":[{"width":1001,"height":1500,"url":"https:\/\/mueller-trade.com\/wp-content\/uploads\/sites\/2\/1842_1660_010_V.jpg","type":"image\/jpeg"}],"twitter_card":"summary_large_image","schema":{"@context":"https:\/\/schema.org","@graph":[{"@type":"WebPage","@id":"https:\/\/mueller-trade.com\/fr\/shop\/corporate-wear-fr\/manteaux-cw-fr\/veste-softshell-femme-2\/","url":"https:\/\/mueller-trade.com\/fr\/shop\/corporate-wear-fr\/manteaux-cw-fr\/veste-softshell-femme-2\/","name":"Veste Softshell femme - M\u00fcller Trade","isPartOf":{"@id":"https:\/\/mueller-trade.com\/fr\/#website"},"primaryImageOfPage":{"@id":"https:\/\/mueller-trade.com\/fr\/shop\/corporate-wear-fr\/manteaux-cw-fr\/veste-softshell-femme-2\/#primaryimage"},"image":{"@id":"https:\/\/mueller-trade.com\/fr\/shop\/corporate-wear-fr\/manteaux-cw-fr\/veste-softshell-femme-2\/#primaryimage"},"thumbnailUrl":"https:\/\/mueller-trade.com\/wp-content\/uploads\/sites\/2\/1842_1660_010_V.jpg","datePublished":"2024-06-12T00:10:08+00:00","dateModified":"2024-10-28T17:48:41+00:00","description":"Veste Softshell femme - M\u00fcller Trade","breadcrumb":{"@id":"https:\/\/mueller-trade.com\/fr\/shop\/corporate-wear-fr\/manteaux-cw-fr\/veste-softshell-femme-2\/#breadcrumb"},"inLanguage":"fr-FR","potentialAction":[{"@type":"ReadAction","target":["https:\/\/mueller-trade.com\/fr\/shop\/corporate-wear-fr\/manteaux-cw-fr\/veste-softshell-femme-2\/"]}]},{"@type":"ImageObject","inLanguage":"fr-FR","@id":"https:\/\/mueller-trade.com\/fr\/shop\/corporate-wear-fr\/manteaux-cw-fr\/veste-softshell-femme-2\/#primaryimage","url":"https:\/\/mueller-trade.com\/wp-content\/uploads\/sites\/2\/1842_1660_010_V.jpg","contentUrl":"https:\/\/mueller-trade.com\/wp-content\/uploads\/sites\/2\/1842_1660_010_V.jpg","width":1001,"height":1500},{"@type":"BreadcrumbList","@id":"https:\/\/mueller-trade.com\/fr\/shop\/corporate-wear-fr\/manteaux-cw-fr\/veste-softshell-femme-2\/#breadcrumb","itemListElement":[{"@type":"ListItem","position":1,"name":"Startseite","item":"https:\/\/mueller-trade.com\/fr\/"},{"@type":"ListItem","position":2,"name":"Shop","item":"https:\/\/mueller-trade.com\/fr\/shop\/"},{"@type":"ListItem","position":3,"name":"Veste Softshell femme"}]},{"@type":"WebSite","@id":"https:\/\/mueller-trade.com\/fr\/#website","url":"https:\/\/mueller-trade.com\/fr\/","name":"M\u00fcller Trade","description":"VOTRE BOUTIQUE B2B DE V\u00caTEMENTS PROFESSIONNELS","publisher":{"@id":"https:\/\/mueller-trade.com\/fr\/#organization"},"potentialAction":[{"@type":"SearchAction","target":{"@type":"EntryPoint","urlTemplate":"https:\/\/mueller-trade.com\/fr\/?s={search_term_string}"},"query-input":{"@type":"PropertyValueSpecification","valueRequired":true,"valueName":"search_term_string"}}],"inLanguage":"fr-FR"},{"@type":"Organization","@id":"https:\/\/mueller-trade.com\/fr\/#organization","name":"M\u00fcller Trade Corporate Clothing","url":"https:\/\/mueller-trade.com\/fr\/","logo":{"@type":"ImageObject","inLanguage":"fr-FR","@id":"https:\/\/mueller-trade.com\/fr\/#\/schema\/logo\/image\/","url":"https:\/\/mueller-trade.com\/wp-content\/uploads\/sites\/2\/cropped-cropped-mt-icon.png","contentUrl":"https:\/\/mueller-trade.com\/wp-content\/uploads\/sites\/2\/cropped-cropped-mt-icon.png","width":512,"height":512,"caption":"M\u00fcller Trade Corporate Clothing"},"image":{"@id":"https:\/\/mueller-trade.com\/fr\/#\/schema\/logo\/image\/"}}]}},"acf":[],"brands":[{"id":4547,"name":"Greiff","slug":"greiff-fr"}],"_links":{"self":[{"href":"https:\/\/mueller-trade.com\/fr\/wp-json\/wp\/v2\/product\/247845"}],"collection":[{"href":"https:\/\/mueller-trade.com\/fr\/wp-json\/wp\/v2\/product"}],"about":[{"href":"https:\/\/mueller-trade.com\/fr\/wp-json\/wp\/v2\/types\/product"}],"wp:featuredmedia":[{"embeddable":true,"href":"https:\/\/mueller-trade.com\/fr\/wp-json\/wp\/v2\/media\/48622"}],"wp:attachment":[{"href":"https:\/\/mueller-trade.com\/fr\/wp-json\/wp\/v2\/media?parent=247845"}],"wp:term":[{"taxonomy":"pwb-brand","embeddable":true,"href":"https:\/\/mueller-trade.com\/fr\/wp-json\/wp\/v2\/pwb-brand?post=247845"},{"taxonomy":"product_cat","embeddable":true,"href":"https:\/\/mueller-trade.com\/fr\/wp-json\/wp\/v2\/product_cat?post=247845"},{"taxonomy":"product_tag","embeddable":true,"href":"https:\/\/mueller-trade.com\/fr\/wp-json\/wp\/v2\/product_tag?post=247845"}],"curies":[{"name":"wp","href":"https:\/\/api.w.org\/{rel}","templated":true}]}}