{"id":247270,"date":"2024-06-12T13:52:09","date_gmt":"2024-06-12T11:52:09","guid":{"rendered":"https:\/\/mueller-trade.com\/shop\/unkategorisiert\/herren-koch-servicehemd-kurzarm-3\/"},"modified":"2024-10-28T18:43:07","modified_gmt":"2024-10-28T17:43:07","slug":"herren-koch-servicehemd-kurzarm","status":"publish","type":"product","link":"https:\/\/mueller-trade.com\/fr\/shop\/service-cuisine-fr\/vetements-cuisine-sk-fr\/vestes-cuisine-sk-fr\/herren-koch-servicehemd-kurzarm\/","title":{"rendered":"Herren Koch-\/ Servicehemd kurzarm"},"content":{"rendered":"<\/p>\n<ul>\n<li style=\"list-style-type: none\">\n<ul>\n<li>Stehkragen<\/li>\n<li>Kontrastfarbe im Kragen<\/li>\n<li>mit Kontrastfaden befestigte Kn\u00f6pfe<\/li>\n<li>Lasche aussen am Kragen zum Fixieren des Nackenbandes der Latzsch\u00fcrze<\/li>\n<li>Zweigeteilte Stifttasche am linken \u00c4rmel<\/li>\n<li>R\u00fcckenabn\u00e4her<\/li>\n<li>Seitenschlitze<\/li>\n<li><\/li>\n<li>Gr.: XS-4XL<\/li>\n<\/ul>\n<p>65% Polyester, 35% Baumwolle, 150 g\/m<sup>2<\/sup><\/li>\n<\/ul>\n","protected":false},"excerpt":{"rendered":"<p>Stehkragen Kontrastfarbe im Kragen mit Kontrastfaden befestigte Kn\u00f6pfe Lasche aussen am Kragen zum Fixieren des Nackenbandes der Latzsch\u00fcrze Zweigeteilte Stifttasche am linken \u00c4rmel R\u00fcckenabn\u00e4her Seitenschlitze Gr.: XS-4XL 65% Polyester, 35% Baumwolle, 150 g\/m2 [&#8230;]<\/p>\n<p><a class=\"btn btn-secondary understrap-read-more-link\" href=\"https:\/\/mueller-trade.com\/fr\/shop\/service-cuisine-fr\/vetements-cuisine-sk-fr\/vestes-cuisine-sk-fr\/herren-koch-servicehemd-kurzarm\/\">plus<span class=\"screen-reader-text\"> from Herren Koch-\/ Servicehemd kurzarm<\/span><\/a><\/p>\n","protected":false},"featured_media":56057,"template":"","meta":{"_acf_changed":false,"inline_featured_image":false},"pwb-brand":[4559],"product_cat":[3356,1262,3354,3365,3460,3481,3489,3479,3487],"product_tag":[],"class_list":{"0":"post-247270","1":"product","2":"type-product","3":"status-publish","4":"has-post-thumbnail","6":"pwb-brand-kentaur-fr","7":"product_cat-manches-courtes","8":"product_cat-tout","9":"product_cat-blouses-chemises","10":"product_cat-vetements-de-cuisine","11":"product_cat-service-cuisine-fr","12":"product_cat-manches-courtes-sk-fr","13":"product_cat-vestes-cuisine-sk-fr","14":"product_cat-blouses-chemises-sk-fr","15":"product_cat-vetements-cuisine-sk-fr","16":"pa_color-639-bleu-denim","17":"pa_color-703-chambraygrau-1","18":"pa_color-group-anthracite-gris","19":"pa_color-group-bleu","20":"pa_fit-regular-fit","21":"pa_gender-hommes","22":"pa_size-international-xs-fr","23":"pa_size-international-s-fr","24":"pa_size-international-m-fr","25":"pa_size-international-l-fr","26":"pa_size-international-xl-fr","27":"pa_size-international-xxl-fr","28":"pa_size-international-3xl-fr","29":"pa_size-international-4xl-fr","31":"first","32":"instock","33":"taxable","34":"shipping-taxable","35":"purchasable","36":"product-type-variable"},"yoast_head":"<title>Herren Koch-\/ Servicehemd kurzarm - M\u00fcller Trade<\/title>\n<meta name=\"description\" content=\"Herren Koch-\/ Servicehemd kurzarm - M\u00fcller Trade\" \/>\n<meta name=\"robots\" content=\"index, follow, max-snippet:-1, max-image-preview:large, max-video-preview:-1\" \/>\n<link rel=\"canonical\" href=\"https:\/\/mueller-trade.com\/fr\/shop\/service-cuisine-fr\/vetements-cuisine-sk-fr\/vestes-cuisine-sk-fr\/herren-koch-servicehemd-kurzarm\/\" \/>\n<meta property=\"og:locale\" content=\"fr_FR\" \/>\n<meta property=\"og:type\" content=\"article\" \/>\n<meta property=\"og:title\" content=\"Herren Koch-\/ Servicehemd kurzarm - M\u00fcller Trade\" \/>\n<meta property=\"og:description\" content=\"Herren Koch-\/ Servicehemd kurzarm - M\u00fcller Trade\" \/>\n<meta property=\"og:url\" content=\"https:\/\/mueller-trade.com\/fr\/shop\/service-cuisine-fr\/vetements-cuisine-sk-fr\/vestes-cuisine-sk-fr\/herren-koch-servicehemd-kurzarm\/\" \/>\n<meta property=\"og:site_name\" content=\"M\u00fcller Trade\" \/>\n<meta property=\"article:modified_time\" content=\"2024-10-28T17:43:07+00:00\" \/>\n<meta property=\"og:image\" content=\"https:\/\/mueller-trade.com\/wp-content\/uploads\/sites\/2\/25207-2086-0-0-703-Lo-Res_1.jpg\" \/>\n\t<meta property=\"og:image:width\" content=\"799\" \/>\n\t<meta property=\"og:image:height\" content=\"1200\" \/>\n\t<meta property=\"og:image:type\" content=\"image\/jpeg\" \/>\n<meta name=\"twitter:card\" content=\"summary_large_image\" \/>\n<script type=\"application\/ld+json\" class=\"yoast-schema-graph\">{\"@context\":\"https:\/\/schema.org\",\"@graph\":[{\"@type\":\"WebPage\",\"@id\":\"https:\/\/mueller-trade.com\/fr\/shop\/service-cuisine-fr\/vetements-cuisine-sk-fr\/vestes-cuisine-sk-fr\/herren-koch-servicehemd-kurzarm\/\",\"url\":\"https:\/\/mueller-trade.com\/fr\/shop\/service-cuisine-fr\/vetements-cuisine-sk-fr\/vestes-cuisine-sk-fr\/herren-koch-servicehemd-kurzarm\/\",\"name\":\"Herren Koch-\/ Servicehemd kurzarm - M\u00fcller Trade\",\"isPartOf\":{\"@id\":\"https:\/\/mueller-trade.com\/fr\/#website\"},\"primaryImageOfPage\":{\"@id\":\"https:\/\/mueller-trade.com\/fr\/shop\/service-cuisine-fr\/vetements-cuisine-sk-fr\/vestes-cuisine-sk-fr\/herren-koch-servicehemd-kurzarm\/#primaryimage\"},\"image\":{\"@id\":\"https:\/\/mueller-trade.com\/fr\/shop\/service-cuisine-fr\/vetements-cuisine-sk-fr\/vestes-cuisine-sk-fr\/herren-koch-servicehemd-kurzarm\/#primaryimage\"},\"thumbnailUrl\":\"https:\/\/mueller-trade.com\/wp-content\/uploads\/sites\/2\/25207-2086-0-0-703-Lo-Res_1.jpg\",\"datePublished\":\"2024-06-12T11:52:09+00:00\",\"dateModified\":\"2024-10-28T17:43:07+00:00\",\"description\":\"Herren Koch-\/ Servicehemd kurzarm - M\u00fcller Trade\",\"breadcrumb\":{\"@id\":\"https:\/\/mueller-trade.com\/fr\/shop\/service-cuisine-fr\/vetements-cuisine-sk-fr\/vestes-cuisine-sk-fr\/herren-koch-servicehemd-kurzarm\/#breadcrumb\"},\"inLanguage\":\"fr-FR\",\"potentialAction\":[{\"@type\":\"ReadAction\",\"target\":[\"https:\/\/mueller-trade.com\/fr\/shop\/service-cuisine-fr\/vetements-cuisine-sk-fr\/vestes-cuisine-sk-fr\/herren-koch-servicehemd-kurzarm\/\"]}]},{\"@type\":\"ImageObject\",\"inLanguage\":\"fr-FR\",\"@id\":\"https:\/\/mueller-trade.com\/fr\/shop\/service-cuisine-fr\/vetements-cuisine-sk-fr\/vestes-cuisine-sk-fr\/herren-koch-servicehemd-kurzarm\/#primaryimage\",\"url\":\"https:\/\/mueller-trade.com\/wp-content\/uploads\/sites\/2\/25207-2086-0-0-703-Lo-Res_1.jpg\",\"contentUrl\":\"https:\/\/mueller-trade.com\/wp-content\/uploads\/sites\/2\/25207-2086-0-0-703-Lo-Res_1.jpg\",\"width\":799,\"height\":1200},{\"@type\":\"BreadcrumbList\",\"@id\":\"https:\/\/mueller-trade.com\/fr\/shop\/service-cuisine-fr\/vetements-cuisine-sk-fr\/vestes-cuisine-sk-fr\/herren-koch-servicehemd-kurzarm\/#breadcrumb\",\"itemListElement\":[{\"@type\":\"ListItem\",\"position\":1,\"name\":\"Startseite\",\"item\":\"https:\/\/mueller-trade.com\/fr\/\"},{\"@type\":\"ListItem\",\"position\":2,\"name\":\"Shop\",\"item\":\"https:\/\/mueller-trade.com\/fr\/shop\/\"},{\"@type\":\"ListItem\",\"position\":3,\"name\":\"Herren Koch-\/ Servicehemd kurzarm\"}]},{\"@type\":\"WebSite\",\"@id\":\"https:\/\/mueller-trade.com\/fr\/#website\",\"url\":\"https:\/\/mueller-trade.com\/fr\/\",\"name\":\"M\u00fcller Trade\",\"description\":\"VOTRE BOUTIQUE B2B DE V\u00caTEMENTS PROFESSIONNELS\",\"publisher\":{\"@id\":\"https:\/\/mueller-trade.com\/fr\/#organization\"},\"potentialAction\":[{\"@type\":\"SearchAction\",\"target\":{\"@type\":\"EntryPoint\",\"urlTemplate\":\"https:\/\/mueller-trade.com\/fr\/?s={search_term_string}\"},\"query-input\":{\"@type\":\"PropertyValueSpecification\",\"valueRequired\":true,\"valueName\":\"search_term_string\"}}],\"inLanguage\":\"fr-FR\"},{\"@type\":\"Organization\",\"@id\":\"https:\/\/mueller-trade.com\/fr\/#organization\",\"name\":\"M\u00fcller Trade Corporate Clothing\",\"url\":\"https:\/\/mueller-trade.com\/fr\/\",\"logo\":{\"@type\":\"ImageObject\",\"inLanguage\":\"fr-FR\",\"@id\":\"https:\/\/mueller-trade.com\/fr\/#\/schema\/logo\/image\/\",\"url\":\"https:\/\/mueller-trade.com\/wp-content\/uploads\/sites\/2\/cropped-cropped-mt-icon.png\",\"contentUrl\":\"https:\/\/mueller-trade.com\/wp-content\/uploads\/sites\/2\/cropped-cropped-mt-icon.png\",\"width\":512,\"height\":512,\"caption\":\"M\u00fcller Trade Corporate Clothing\"},\"image\":{\"@id\":\"https:\/\/mueller-trade.com\/fr\/#\/schema\/logo\/image\/\"}}]}<\/script>","yoast_head_json":{"title":"Herren Koch-\/ Servicehemd kurzarm - M\u00fcller Trade","description":"Herren Koch-\/ Servicehemd kurzarm - M\u00fcller Trade","robots":{"index":"index","follow":"follow","max-snippet":"max-snippet:-1","max-image-preview":"max-image-preview:large","max-video-preview":"max-video-preview:-1"},"canonical":"https:\/\/mueller-trade.com\/fr\/shop\/service-cuisine-fr\/vetements-cuisine-sk-fr\/vestes-cuisine-sk-fr\/herren-koch-servicehemd-kurzarm\/","og_locale":"fr_FR","og_type":"article","og_title":"Herren Koch-\/ Servicehemd kurzarm - M\u00fcller Trade","og_description":"Herren Koch-\/ Servicehemd kurzarm - M\u00fcller Trade","og_url":"https:\/\/mueller-trade.com\/fr\/shop\/service-cuisine-fr\/vetements-cuisine-sk-fr\/vestes-cuisine-sk-fr\/herren-koch-servicehemd-kurzarm\/","og_site_name":"M\u00fcller Trade","article_modified_time":"2024-10-28T17:43:07+00:00","og_image":[{"width":799,"height":1200,"url":"https:\/\/mueller-trade.com\/wp-content\/uploads\/sites\/2\/25207-2086-0-0-703-Lo-Res_1.jpg","type":"image\/jpeg"}],"twitter_card":"summary_large_image","schema":{"@context":"https:\/\/schema.org","@graph":[{"@type":"WebPage","@id":"https:\/\/mueller-trade.com\/fr\/shop\/service-cuisine-fr\/vetements-cuisine-sk-fr\/vestes-cuisine-sk-fr\/herren-koch-servicehemd-kurzarm\/","url":"https:\/\/mueller-trade.com\/fr\/shop\/service-cuisine-fr\/vetements-cuisine-sk-fr\/vestes-cuisine-sk-fr\/herren-koch-servicehemd-kurzarm\/","name":"Herren Koch-\/ Servicehemd kurzarm - M\u00fcller Trade","isPartOf":{"@id":"https:\/\/mueller-trade.com\/fr\/#website"},"primaryImageOfPage":{"@id":"https:\/\/mueller-trade.com\/fr\/shop\/service-cuisine-fr\/vetements-cuisine-sk-fr\/vestes-cuisine-sk-fr\/herren-koch-servicehemd-kurzarm\/#primaryimage"},"image":{"@id":"https:\/\/mueller-trade.com\/fr\/shop\/service-cuisine-fr\/vetements-cuisine-sk-fr\/vestes-cuisine-sk-fr\/herren-koch-servicehemd-kurzarm\/#primaryimage"},"thumbnailUrl":"https:\/\/mueller-trade.com\/wp-content\/uploads\/sites\/2\/25207-2086-0-0-703-Lo-Res_1.jpg","datePublished":"2024-06-12T11:52:09+00:00","dateModified":"2024-10-28T17:43:07+00:00","description":"Herren Koch-\/ Servicehemd kurzarm - M\u00fcller Trade","breadcrumb":{"@id":"https:\/\/mueller-trade.com\/fr\/shop\/service-cuisine-fr\/vetements-cuisine-sk-fr\/vestes-cuisine-sk-fr\/herren-koch-servicehemd-kurzarm\/#breadcrumb"},"inLanguage":"fr-FR","potentialAction":[{"@type":"ReadAction","target":["https:\/\/mueller-trade.com\/fr\/shop\/service-cuisine-fr\/vetements-cuisine-sk-fr\/vestes-cuisine-sk-fr\/herren-koch-servicehemd-kurzarm\/"]}]},{"@type":"ImageObject","inLanguage":"fr-FR","@id":"https:\/\/mueller-trade.com\/fr\/shop\/service-cuisine-fr\/vetements-cuisine-sk-fr\/vestes-cuisine-sk-fr\/herren-koch-servicehemd-kurzarm\/#primaryimage","url":"https:\/\/mueller-trade.com\/wp-content\/uploads\/sites\/2\/25207-2086-0-0-703-Lo-Res_1.jpg","contentUrl":"https:\/\/mueller-trade.com\/wp-content\/uploads\/sites\/2\/25207-2086-0-0-703-Lo-Res_1.jpg","width":799,"height":1200},{"@type":"BreadcrumbList","@id":"https:\/\/mueller-trade.com\/fr\/shop\/service-cuisine-fr\/vetements-cuisine-sk-fr\/vestes-cuisine-sk-fr\/herren-koch-servicehemd-kurzarm\/#breadcrumb","itemListElement":[{"@type":"ListItem","position":1,"name":"Startseite","item":"https:\/\/mueller-trade.com\/fr\/"},{"@type":"ListItem","position":2,"name":"Shop","item":"https:\/\/mueller-trade.com\/fr\/shop\/"},{"@type":"ListItem","position":3,"name":"Herren Koch-\/ Servicehemd kurzarm"}]},{"@type":"WebSite","@id":"https:\/\/mueller-trade.com\/fr\/#website","url":"https:\/\/mueller-trade.com\/fr\/","name":"M\u00fcller Trade","description":"VOTRE BOUTIQUE B2B DE V\u00caTEMENTS PROFESSIONNELS","publisher":{"@id":"https:\/\/mueller-trade.com\/fr\/#organization"},"potentialAction":[{"@type":"SearchAction","target":{"@type":"EntryPoint","urlTemplate":"https:\/\/mueller-trade.com\/fr\/?s={search_term_string}"},"query-input":{"@type":"PropertyValueSpecification","valueRequired":true,"valueName":"search_term_string"}}],"inLanguage":"fr-FR"},{"@type":"Organization","@id":"https:\/\/mueller-trade.com\/fr\/#organization","name":"M\u00fcller Trade Corporate Clothing","url":"https:\/\/mueller-trade.com\/fr\/","logo":{"@type":"ImageObject","inLanguage":"fr-FR","@id":"https:\/\/mueller-trade.com\/fr\/#\/schema\/logo\/image\/","url":"https:\/\/mueller-trade.com\/wp-content\/uploads\/sites\/2\/cropped-cropped-mt-icon.png","contentUrl":"https:\/\/mueller-trade.com\/wp-content\/uploads\/sites\/2\/cropped-cropped-mt-icon.png","width":512,"height":512,"caption":"M\u00fcller Trade Corporate Clothing"},"image":{"@id":"https:\/\/mueller-trade.com\/fr\/#\/schema\/logo\/image\/"}}]}},"acf":[],"brands":[{"id":4559,"name":"Kentaur","slug":"kentaur-fr"}],"_links":{"self":[{"href":"https:\/\/mueller-trade.com\/fr\/wp-json\/wp\/v2\/product\/247270"}],"collection":[{"href":"https:\/\/mueller-trade.com\/fr\/wp-json\/wp\/v2\/product"}],"about":[{"href":"https:\/\/mueller-trade.com\/fr\/wp-json\/wp\/v2\/types\/product"}],"wp:featuredmedia":[{"embeddable":true,"href":"https:\/\/mueller-trade.com\/fr\/wp-json\/wp\/v2\/media\/56057"}],"wp:attachment":[{"href":"https:\/\/mueller-trade.com\/fr\/wp-json\/wp\/v2\/media?parent=247270"}],"wp:term":[{"taxonomy":"pwb-brand","embeddable":true,"href":"https:\/\/mueller-trade.com\/fr\/wp-json\/wp\/v2\/pwb-brand?post=247270"},{"taxonomy":"product_cat","embeddable":true,"href":"https:\/\/mueller-trade.com\/fr\/wp-json\/wp\/v2\/product_cat?post=247270"},{"taxonomy":"product_tag","embeddable":true,"href":"https:\/\/mueller-trade.com\/fr\/wp-json\/wp\/v2\/product_tag?post=247270"}],"curies":[{"name":"wp","href":"https:\/\/api.w.org\/{rel}","templated":true}]}}