{"id":246129,"date":"2024-06-12T20:50:41","date_gmt":"2024-06-12T18:50:41","guid":{"rendered":"https:\/\/mueller-trade.com\/shop\/unkategorisiert\/herren-jeanskochhemd-vintage-blue\/"},"modified":"2024-10-28T19:18:54","modified_gmt":"2024-10-28T18:18:54","slug":"herren-jeanskochhemd-vintage-blue-2","status":"publish","type":"product","link":"https:\/\/mueller-trade.com\/fr\/shop\/service-cuisine-fr\/vetements-cuisine-sk-fr\/vestes-cuisine-sk-fr\/herren-jeanskochhemd-vintage-blue-2\/","title":{"rendered":"Herren-Jeanskochhemd, vintage blue"},"content":{"rendered":"<\/p>\n<ul>\n<li style=\"list-style-type: none\">\n<ul>\n<li>im Denim-Look<\/li>\n<li>aus besonders leichtem Stoff f\u00fcr grosse Bewegungsfreiheit und ein luftiges Tragegef\u00fchl<\/li>\n<li>kontrastfarbige Steppn\u00e4hte f\u00fcr den originalen Jeans-Style<\/li>\n<li>modischer Button-Down-Kragen<\/li>\n<li>gekrempelte Hemd\u00e4rmel k\u00f6nnen dank zus\u00e4tzlicher Befestigungsriegel fixiert werden<\/li>\n<li>zwei stylische Brusttaschen bieten Platz f\u00fcr Stifte, Mobiltelefon oder kleinere K\u00fcchenutensilien<\/li>\n<li>mit bronzierten Druckkn\u00f6pfen f\u00fcr schnelles \u00d6ffnen und Schliessen des Kochhemds<\/li>\n<li>industriew\u00e4schetauglich<\/li>\n<li><\/li>\n<\/ul>\n<ul>\n<li>Gr.: 46 &#8211; 64<\/li>\n<\/ul>\n<\/li>\n<li>65% Polyester, 35% Baumwolle, 145 g\/m<sup>2<\/sup><\/li>\n<li><\/li>\n<\/ul>\n<p class=\"care-icons\">e 9 1 n_W<\/p><\/p>\n","protected":false},"excerpt":{"rendered":"<p>im Denim-Look aus besonders leichtem Stoff f\u00fcr grosse Bewegungsfreiheit und ein luftiges Tragegef\u00fchl kontrastfarbige Steppn\u00e4hte f\u00fcr den originalen Jeans-Style modischer Button-Down-Kragen gekrempelte Hemd\u00e4rmel k\u00f6nnen dank zus\u00e4tzlicher Befestigungsriegel fixiert werden zwei stylische Brusttaschen bieten Platz f\u00fcr Stifte, Mobiltelefon oder kleinere K\u00fcchenutensilien mit bronzierten Druckkn\u00f6pfen f\u00fcr schnelles \u00d6ffnen und Schliessen des Kochhemds industriew\u00e4schetauglich Gr.: 46 &#8211; 64 [&#8230;]<\/p>\n<p><a class=\"btn btn-secondary understrap-read-more-link\" href=\"https:\/\/mueller-trade.com\/fr\/shop\/service-cuisine-fr\/vetements-cuisine-sk-fr\/vestes-cuisine-sk-fr\/herren-jeanskochhemd-vintage-blue-2\/\">plus<span class=\"screen-reader-text\"> from Herren-Jeanskochhemd, vintage blue<\/span><\/a><\/p>\n","protected":false},"featured_media":61308,"template":"","meta":{"_acf_changed":false,"inline_featured_image":false},"pwb-brand":[4566],"product_cat":[1262,3365,3460,3489,3487],"product_tag":[],"class_list":{"0":"post-246129","1":"product","2":"type-product","3":"status-publish","4":"has-post-thumbnail","6":"pwb-brand-karlowsky-fr","7":"product_cat-tout","8":"product_cat-vetements-de-cuisine","9":"product_cat-service-cuisine-fr","10":"product_cat-vestes-cuisine-sk-fr","11":"product_cat-vetements-cuisine-sk-fr","12":"pa_color-15-vintage-bleu","13":"pa_color-16-vintage-noir","14":"pa_color-group-bleu","15":"pa_color-group-noir","16":"pa_fit-regular-fit","17":"pa_gender-hommes","18":"pa_size-men-46-fr","19":"pa_size-men-48-fr","20":"pa_size-men-50-fr","21":"pa_size-men-52-fr","22":"pa_size-men-54-fr","23":"pa_size-men-56-fr","24":"pa_size-men-58-fr","25":"pa_size-men-60-fr","26":"pa_size-men-62-fr","27":"pa_size-men-64-fr","29":"first","30":"instock","31":"taxable","32":"shipping-taxable","33":"purchasable","34":"product-type-variable"},"yoast_head":"<title>Herren-Jeanskochhemd, vintage blue - M\u00fcller Trade<\/title>\n<meta name=\"description\" content=\"Herren-Jeanskochhemd, vintage blue - M\u00fcller Trade\" \/>\n<meta name=\"robots\" content=\"index, follow, max-snippet:-1, max-image-preview:large, max-video-preview:-1\" \/>\n<link rel=\"canonical\" href=\"https:\/\/mueller-trade.com\/fr\/shop\/service-cuisine-fr\/vetements-cuisine-sk-fr\/vestes-cuisine-sk-fr\/herren-jeanskochhemd-vintage-blue-2\/\" \/>\n<meta property=\"og:locale\" content=\"fr_FR\" \/>\n<meta property=\"og:type\" content=\"article\" \/>\n<meta property=\"og:title\" content=\"Herren-Jeanskochhemd, vintage blue - M\u00fcller Trade\" \/>\n<meta property=\"og:description\" content=\"Herren-Jeanskochhemd, vintage blue - M\u00fcller Trade\" \/>\n<meta property=\"og:url\" content=\"https:\/\/mueller-trade.com\/fr\/shop\/service-cuisine-fr\/vetements-cuisine-sk-fr\/vestes-cuisine-sk-fr\/herren-jeanskochhemd-vintage-blue-2\/\" \/>\n<meta property=\"og:site_name\" content=\"M\u00fcller Trade\" \/>\n<meta property=\"article:modified_time\" content=\"2024-10-28T18:18:54+00:00\" \/>\n<meta property=\"og:image\" content=\"https:\/\/mueller-trade.com\/wp-content\/uploads\/sites\/2\/JM-30_15_b_front.jpg\" \/>\n\t<meta property=\"og:image:width\" content=\"800\" \/>\n\t<meta property=\"og:image:height\" content=\"1200\" \/>\n\t<meta property=\"og:image:type\" content=\"image\/jpeg\" \/>\n<meta name=\"twitter:card\" content=\"summary_large_image\" \/>\n<script type=\"application\/ld+json\" class=\"yoast-schema-graph\">{\"@context\":\"https:\/\/schema.org\",\"@graph\":[{\"@type\":\"WebPage\",\"@id\":\"https:\/\/mueller-trade.com\/fr\/shop\/service-cuisine-fr\/vetements-cuisine-sk-fr\/vestes-cuisine-sk-fr\/herren-jeanskochhemd-vintage-blue-2\/\",\"url\":\"https:\/\/mueller-trade.com\/fr\/shop\/service-cuisine-fr\/vetements-cuisine-sk-fr\/vestes-cuisine-sk-fr\/herren-jeanskochhemd-vintage-blue-2\/\",\"name\":\"Herren-Jeanskochhemd, vintage blue - M\u00fcller Trade\",\"isPartOf\":{\"@id\":\"https:\/\/mueller-trade.com\/fr\/#website\"},\"primaryImageOfPage\":{\"@id\":\"https:\/\/mueller-trade.com\/fr\/shop\/service-cuisine-fr\/vetements-cuisine-sk-fr\/vestes-cuisine-sk-fr\/herren-jeanskochhemd-vintage-blue-2\/#primaryimage\"},\"image\":{\"@id\":\"https:\/\/mueller-trade.com\/fr\/shop\/service-cuisine-fr\/vetements-cuisine-sk-fr\/vestes-cuisine-sk-fr\/herren-jeanskochhemd-vintage-blue-2\/#primaryimage\"},\"thumbnailUrl\":\"https:\/\/mueller-trade.com\/wp-content\/uploads\/sites\/2\/JM-30_15_b_front.jpg\",\"datePublished\":\"2024-06-12T18:50:41+00:00\",\"dateModified\":\"2024-10-28T18:18:54+00:00\",\"description\":\"Herren-Jeanskochhemd, vintage blue - M\u00fcller Trade\",\"breadcrumb\":{\"@id\":\"https:\/\/mueller-trade.com\/fr\/shop\/service-cuisine-fr\/vetements-cuisine-sk-fr\/vestes-cuisine-sk-fr\/herren-jeanskochhemd-vintage-blue-2\/#breadcrumb\"},\"inLanguage\":\"fr-FR\",\"potentialAction\":[{\"@type\":\"ReadAction\",\"target\":[\"https:\/\/mueller-trade.com\/fr\/shop\/service-cuisine-fr\/vetements-cuisine-sk-fr\/vestes-cuisine-sk-fr\/herren-jeanskochhemd-vintage-blue-2\/\"]}]},{\"@type\":\"ImageObject\",\"inLanguage\":\"fr-FR\",\"@id\":\"https:\/\/mueller-trade.com\/fr\/shop\/service-cuisine-fr\/vetements-cuisine-sk-fr\/vestes-cuisine-sk-fr\/herren-jeanskochhemd-vintage-blue-2\/#primaryimage\",\"url\":\"https:\/\/mueller-trade.com\/wp-content\/uploads\/sites\/2\/JM-30_15_b_front.jpg\",\"contentUrl\":\"https:\/\/mueller-trade.com\/wp-content\/uploads\/sites\/2\/JM-30_15_b_front.jpg\",\"width\":800,\"height\":1200},{\"@type\":\"BreadcrumbList\",\"@id\":\"https:\/\/mueller-trade.com\/fr\/shop\/service-cuisine-fr\/vetements-cuisine-sk-fr\/vestes-cuisine-sk-fr\/herren-jeanskochhemd-vintage-blue-2\/#breadcrumb\",\"itemListElement\":[{\"@type\":\"ListItem\",\"position\":1,\"name\":\"Startseite\",\"item\":\"https:\/\/mueller-trade.com\/fr\/\"},{\"@type\":\"ListItem\",\"position\":2,\"name\":\"Shop\",\"item\":\"https:\/\/mueller-trade.com\/fr\/shop\/\"},{\"@type\":\"ListItem\",\"position\":3,\"name\":\"Herren-Jeanskochhemd, vintage blue\"}]},{\"@type\":\"WebSite\",\"@id\":\"https:\/\/mueller-trade.com\/fr\/#website\",\"url\":\"https:\/\/mueller-trade.com\/fr\/\",\"name\":\"M\u00fcller Trade\",\"description\":\"VOTRE BOUTIQUE B2B DE V\u00caTEMENTS PROFESSIONNELS\",\"publisher\":{\"@id\":\"https:\/\/mueller-trade.com\/fr\/#organization\"},\"potentialAction\":[{\"@type\":\"SearchAction\",\"target\":{\"@type\":\"EntryPoint\",\"urlTemplate\":\"https:\/\/mueller-trade.com\/fr\/?s={search_term_string}\"},\"query-input\":{\"@type\":\"PropertyValueSpecification\",\"valueRequired\":true,\"valueName\":\"search_term_string\"}}],\"inLanguage\":\"fr-FR\"},{\"@type\":\"Organization\",\"@id\":\"https:\/\/mueller-trade.com\/fr\/#organization\",\"name\":\"M\u00fcller Trade Corporate Clothing\",\"url\":\"https:\/\/mueller-trade.com\/fr\/\",\"logo\":{\"@type\":\"ImageObject\",\"inLanguage\":\"fr-FR\",\"@id\":\"https:\/\/mueller-trade.com\/fr\/#\/schema\/logo\/image\/\",\"url\":\"https:\/\/mueller-trade.com\/wp-content\/uploads\/sites\/2\/cropped-cropped-mt-icon.png\",\"contentUrl\":\"https:\/\/mueller-trade.com\/wp-content\/uploads\/sites\/2\/cropped-cropped-mt-icon.png\",\"width\":512,\"height\":512,\"caption\":\"M\u00fcller Trade Corporate Clothing\"},\"image\":{\"@id\":\"https:\/\/mueller-trade.com\/fr\/#\/schema\/logo\/image\/\"}}]}<\/script>","yoast_head_json":{"title":"Herren-Jeanskochhemd, vintage blue - M\u00fcller Trade","description":"Herren-Jeanskochhemd, vintage blue - M\u00fcller Trade","robots":{"index":"index","follow":"follow","max-snippet":"max-snippet:-1","max-image-preview":"max-image-preview:large","max-video-preview":"max-video-preview:-1"},"canonical":"https:\/\/mueller-trade.com\/fr\/shop\/service-cuisine-fr\/vetements-cuisine-sk-fr\/vestes-cuisine-sk-fr\/herren-jeanskochhemd-vintage-blue-2\/","og_locale":"fr_FR","og_type":"article","og_title":"Herren-Jeanskochhemd, vintage blue - M\u00fcller Trade","og_description":"Herren-Jeanskochhemd, vintage blue - M\u00fcller Trade","og_url":"https:\/\/mueller-trade.com\/fr\/shop\/service-cuisine-fr\/vetements-cuisine-sk-fr\/vestes-cuisine-sk-fr\/herren-jeanskochhemd-vintage-blue-2\/","og_site_name":"M\u00fcller Trade","article_modified_time":"2024-10-28T18:18:54+00:00","og_image":[{"width":800,"height":1200,"url":"https:\/\/mueller-trade.com\/wp-content\/uploads\/sites\/2\/JM-30_15_b_front.jpg","type":"image\/jpeg"}],"twitter_card":"summary_large_image","schema":{"@context":"https:\/\/schema.org","@graph":[{"@type":"WebPage","@id":"https:\/\/mueller-trade.com\/fr\/shop\/service-cuisine-fr\/vetements-cuisine-sk-fr\/vestes-cuisine-sk-fr\/herren-jeanskochhemd-vintage-blue-2\/","url":"https:\/\/mueller-trade.com\/fr\/shop\/service-cuisine-fr\/vetements-cuisine-sk-fr\/vestes-cuisine-sk-fr\/herren-jeanskochhemd-vintage-blue-2\/","name":"Herren-Jeanskochhemd, vintage blue - M\u00fcller Trade","isPartOf":{"@id":"https:\/\/mueller-trade.com\/fr\/#website"},"primaryImageOfPage":{"@id":"https:\/\/mueller-trade.com\/fr\/shop\/service-cuisine-fr\/vetements-cuisine-sk-fr\/vestes-cuisine-sk-fr\/herren-jeanskochhemd-vintage-blue-2\/#primaryimage"},"image":{"@id":"https:\/\/mueller-trade.com\/fr\/shop\/service-cuisine-fr\/vetements-cuisine-sk-fr\/vestes-cuisine-sk-fr\/herren-jeanskochhemd-vintage-blue-2\/#primaryimage"},"thumbnailUrl":"https:\/\/mueller-trade.com\/wp-content\/uploads\/sites\/2\/JM-30_15_b_front.jpg","datePublished":"2024-06-12T18:50:41+00:00","dateModified":"2024-10-28T18:18:54+00:00","description":"Herren-Jeanskochhemd, vintage blue - M\u00fcller Trade","breadcrumb":{"@id":"https:\/\/mueller-trade.com\/fr\/shop\/service-cuisine-fr\/vetements-cuisine-sk-fr\/vestes-cuisine-sk-fr\/herren-jeanskochhemd-vintage-blue-2\/#breadcrumb"},"inLanguage":"fr-FR","potentialAction":[{"@type":"ReadAction","target":["https:\/\/mueller-trade.com\/fr\/shop\/service-cuisine-fr\/vetements-cuisine-sk-fr\/vestes-cuisine-sk-fr\/herren-jeanskochhemd-vintage-blue-2\/"]}]},{"@type":"ImageObject","inLanguage":"fr-FR","@id":"https:\/\/mueller-trade.com\/fr\/shop\/service-cuisine-fr\/vetements-cuisine-sk-fr\/vestes-cuisine-sk-fr\/herren-jeanskochhemd-vintage-blue-2\/#primaryimage","url":"https:\/\/mueller-trade.com\/wp-content\/uploads\/sites\/2\/JM-30_15_b_front.jpg","contentUrl":"https:\/\/mueller-trade.com\/wp-content\/uploads\/sites\/2\/JM-30_15_b_front.jpg","width":800,"height":1200},{"@type":"BreadcrumbList","@id":"https:\/\/mueller-trade.com\/fr\/shop\/service-cuisine-fr\/vetements-cuisine-sk-fr\/vestes-cuisine-sk-fr\/herren-jeanskochhemd-vintage-blue-2\/#breadcrumb","itemListElement":[{"@type":"ListItem","position":1,"name":"Startseite","item":"https:\/\/mueller-trade.com\/fr\/"},{"@type":"ListItem","position":2,"name":"Shop","item":"https:\/\/mueller-trade.com\/fr\/shop\/"},{"@type":"ListItem","position":3,"name":"Herren-Jeanskochhemd, vintage blue"}]},{"@type":"WebSite","@id":"https:\/\/mueller-trade.com\/fr\/#website","url":"https:\/\/mueller-trade.com\/fr\/","name":"M\u00fcller Trade","description":"VOTRE BOUTIQUE B2B DE V\u00caTEMENTS PROFESSIONNELS","publisher":{"@id":"https:\/\/mueller-trade.com\/fr\/#organization"},"potentialAction":[{"@type":"SearchAction","target":{"@type":"EntryPoint","urlTemplate":"https:\/\/mueller-trade.com\/fr\/?s={search_term_string}"},"query-input":{"@type":"PropertyValueSpecification","valueRequired":true,"valueName":"search_term_string"}}],"inLanguage":"fr-FR"},{"@type":"Organization","@id":"https:\/\/mueller-trade.com\/fr\/#organization","name":"M\u00fcller Trade Corporate Clothing","url":"https:\/\/mueller-trade.com\/fr\/","logo":{"@type":"ImageObject","inLanguage":"fr-FR","@id":"https:\/\/mueller-trade.com\/fr\/#\/schema\/logo\/image\/","url":"https:\/\/mueller-trade.com\/wp-content\/uploads\/sites\/2\/cropped-cropped-mt-icon.png","contentUrl":"https:\/\/mueller-trade.com\/wp-content\/uploads\/sites\/2\/cropped-cropped-mt-icon.png","width":512,"height":512,"caption":"M\u00fcller Trade Corporate Clothing"},"image":{"@id":"https:\/\/mueller-trade.com\/fr\/#\/schema\/logo\/image\/"}}]}},"acf":[],"brands":[{"id":4566,"name":"Karlowsky","slug":"karlowsky-fr"}],"_links":{"self":[{"href":"https:\/\/mueller-trade.com\/fr\/wp-json\/wp\/v2\/product\/246129"}],"collection":[{"href":"https:\/\/mueller-trade.com\/fr\/wp-json\/wp\/v2\/product"}],"about":[{"href":"https:\/\/mueller-trade.com\/fr\/wp-json\/wp\/v2\/types\/product"}],"wp:featuredmedia":[{"embeddable":true,"href":"https:\/\/mueller-trade.com\/fr\/wp-json\/wp\/v2\/media\/61308"}],"wp:attachment":[{"href":"https:\/\/mueller-trade.com\/fr\/wp-json\/wp\/v2\/media?parent=246129"}],"wp:term":[{"taxonomy":"pwb-brand","embeddable":true,"href":"https:\/\/mueller-trade.com\/fr\/wp-json\/wp\/v2\/pwb-brand?post=246129"},{"taxonomy":"product_cat","embeddable":true,"href":"https:\/\/mueller-trade.com\/fr\/wp-json\/wp\/v2\/product_cat?post=246129"},{"taxonomy":"product_tag","embeddable":true,"href":"https:\/\/mueller-trade.com\/fr\/wp-json\/wp\/v2\/product_tag?post=246129"}],"curies":[{"name":"wp","href":"https:\/\/api.w.org\/{rel}","templated":true}]}}