{"id":245977,"date":"2024-06-12T02:48:38","date_gmt":"2024-06-12T00:48:38","guid":{"rendered":"https:\/\/mueller-trade.com\/shop\/unkategorisiert\/sweatshirt-homme\/"},"modified":"2024-10-28T19:12:50","modified_gmt":"2024-10-28T18:12:50","slug":"sweatshirt-homme","status":"publish","type":"product","link":"https:\/\/mueller-trade.com\/fr\/shop\/casual-wear-fr\/sweatshirts-fr\/sweatshirts-ca-fr\/sweatshirt-homme\/","title":{"rendered":"Sweatshirt homme"},"content":{"rendered":"<\/p>\n<ul>\n<li>encolure arrondie<\/li>\n<li>Comfort Fit<\/li>\n<li>interieur l\u00e9g\u00e8rement grenu<\/li>\n<li>pr\u00e9r\u00e9tr\u00e9ci<\/li>\n<\/ul>\n<p>Taille XS &#8211; 6XL<\/p>\n<ul>\n<li>70% coton, 30% polyester<\/li>\n<\/ul>\n<p class=\"care-icons\">c 9 1 n_,<\/p><\/p>\n","protected":false},"excerpt":{"rendered":"<p>encolure arrondie Comfort Fit interieur l\u00e9g\u00e8rement grenu pr\u00e9r\u00e9tr\u00e9ci Taille XS &#8211; 6XL 70% coton, 30% polyester c 9 1 n_, [&#8230;]<\/p>\n<p><a class=\"btn btn-secondary understrap-read-more-link\" href=\"https:\/\/mueller-trade.com\/fr\/shop\/casual-wear-fr\/sweatshirts-fr\/sweatshirts-ca-fr\/sweatshirt-homme\/\">plus<span class=\"screen-reader-text\"> from Sweatshirt homme<\/span><\/a><\/p>\n","protected":false},"featured_media":4938,"template":"","meta":{"_acf_changed":false,"inline_featured_image":false},"pwb-brand":[4557],"product_cat":[1262,3370,3380,3405,3403],"product_tag":[],"class_list":{"0":"post-245977","1":"product","2":"type-product","3":"status-publish","4":"has-post-thumbnail","6":"pwb-brand-hakro-fr","7":"product_cat-tout","8":"product_cat-sweatshirts-fr-all","9":"product_cat-casual-wear-fr","10":"product_cat-sweatshirts-ca-fr","11":"product_cat-sweatshirts-fr","12":"pa_color-001-blanc-1","13":"pa_color-002-rouge","14":"pa_color-003-marine","15":"pa_color-005-noir","16":"pa_color-007-sable","17":"pa_color-010-royal-1","18":"pa_color-012-emeraude","19":"pa_color-015-gris-chine","20":"pa_color-017-rouge-vin","21":"pa_color-024-ash-melange","22":"pa_color-027-orange-1","23":"pa_color-028-anthracite","24":"pa_color-029-vert-kelly","25":"pa_color-034-encre","26":"pa_color-041-bleu-mali","27":"pa_color-042-graphite","28":"pa_color-043-titane","29":"pa_color-046-petrol-1","30":"pa_color-072-sapin","31":"pa_color-group-anthracite-gris","32":"pa_color-group-blanc","33":"pa_color-group-bleu","34":"pa_color-group-brun-beige","35":"pa_color-group-jaune-orange","36":"pa_color-group-noir","37":"pa_color-group-rouge-bordeaux","38":"pa_color-group-vert","39":"pa_gender-femmes","40":"pa_gender-hommes","41":"pa_size-international-xs-fr","42":"pa_size-international-s-fr","43":"pa_size-international-m-fr","44":"pa_size-international-l-fr","45":"pa_size-international-xl-fr","46":"pa_size-international-xxl-fr","47":"pa_size-international-3xl-fr","48":"pa_size-international-4xl-fr","49":"pa_size-international-5xl-fr","50":"pa_size-international-6xl-fr","52":"first","53":"instock","54":"taxable","55":"shipping-taxable","56":"purchasable","57":"product-type-variable"},"yoast_head":"<title>Sweatshirt homme - M\u00fcller Trade<\/title>\n<meta name=\"description\" content=\"Sweatshirt homme - M\u00fcller Trade\" \/>\n<meta name=\"robots\" content=\"index, follow, max-snippet:-1, max-image-preview:large, max-video-preview:-1\" \/>\n<link rel=\"canonical\" href=\"https:\/\/mueller-trade.com\/fr\/shop\/casual-wear-fr\/sweatshirts-fr\/sweatshirts-ca-fr\/sweatshirt-homme\/\" \/>\n<meta property=\"og:locale\" content=\"fr_FR\" \/>\n<meta property=\"og:type\" content=\"article\" \/>\n<meta property=\"og:title\" content=\"Sweatshirt homme - M\u00fcller Trade\" \/>\n<meta property=\"og:description\" content=\"Sweatshirt homme - M\u00fcller Trade\" \/>\n<meta property=\"og:url\" content=\"https:\/\/mueller-trade.com\/fr\/shop\/casual-wear-fr\/sweatshirts-fr\/sweatshirts-ca-fr\/sweatshirt-homme\/\" \/>\n<meta property=\"og:site_name\" content=\"M\u00fcller Trade\" \/>\n<meta property=\"article:modified_time\" content=\"2024-10-28T18:12:50+00:00\" \/>\n<meta property=\"og:image\" content=\"https:\/\/mueller-trade.com\/wp-content\/uploads\/sites\/2\/471_005-1-1.jpg\" \/>\n\t<meta property=\"og:image:width\" content=\"708\" \/>\n\t<meta property=\"og:image:height\" content=\"946\" \/>\n\t<meta property=\"og:image:type\" content=\"image\/jpeg\" \/>\n<meta name=\"twitter:card\" content=\"summary_large_image\" \/>\n<script type=\"application\/ld+json\" class=\"yoast-schema-graph\">{\"@context\":\"https:\/\/schema.org\",\"@graph\":[{\"@type\":\"WebPage\",\"@id\":\"https:\/\/mueller-trade.com\/fr\/shop\/casual-wear-fr\/sweatshirts-fr\/sweatshirts-ca-fr\/sweatshirt-homme\/\",\"url\":\"https:\/\/mueller-trade.com\/fr\/shop\/casual-wear-fr\/sweatshirts-fr\/sweatshirts-ca-fr\/sweatshirt-homme\/\",\"name\":\"Sweatshirt homme - M\u00fcller Trade\",\"isPartOf\":{\"@id\":\"https:\/\/mueller-trade.com\/fr\/#website\"},\"primaryImageOfPage\":{\"@id\":\"https:\/\/mueller-trade.com\/fr\/shop\/casual-wear-fr\/sweatshirts-fr\/sweatshirts-ca-fr\/sweatshirt-homme\/#primaryimage\"},\"image\":{\"@id\":\"https:\/\/mueller-trade.com\/fr\/shop\/casual-wear-fr\/sweatshirts-fr\/sweatshirts-ca-fr\/sweatshirt-homme\/#primaryimage\"},\"thumbnailUrl\":\"https:\/\/mueller-trade.com\/wp-content\/uploads\/sites\/2\/471_005-1-1.jpg\",\"datePublished\":\"2024-06-12T00:48:38+00:00\",\"dateModified\":\"2024-10-28T18:12:50+00:00\",\"description\":\"Sweatshirt homme - M\u00fcller Trade\",\"breadcrumb\":{\"@id\":\"https:\/\/mueller-trade.com\/fr\/shop\/casual-wear-fr\/sweatshirts-fr\/sweatshirts-ca-fr\/sweatshirt-homme\/#breadcrumb\"},\"inLanguage\":\"fr-FR\",\"potentialAction\":[{\"@type\":\"ReadAction\",\"target\":[\"https:\/\/mueller-trade.com\/fr\/shop\/casual-wear-fr\/sweatshirts-fr\/sweatshirts-ca-fr\/sweatshirt-homme\/\"]}]},{\"@type\":\"ImageObject\",\"inLanguage\":\"fr-FR\",\"@id\":\"https:\/\/mueller-trade.com\/fr\/shop\/casual-wear-fr\/sweatshirts-fr\/sweatshirts-ca-fr\/sweatshirt-homme\/#primaryimage\",\"url\":\"https:\/\/mueller-trade.com\/wp-content\/uploads\/sites\/2\/471_005-1-1.jpg\",\"contentUrl\":\"https:\/\/mueller-trade.com\/wp-content\/uploads\/sites\/2\/471_005-1-1.jpg\",\"width\":708,\"height\":946},{\"@type\":\"BreadcrumbList\",\"@id\":\"https:\/\/mueller-trade.com\/fr\/shop\/casual-wear-fr\/sweatshirts-fr\/sweatshirts-ca-fr\/sweatshirt-homme\/#breadcrumb\",\"itemListElement\":[{\"@type\":\"ListItem\",\"position\":1,\"name\":\"Startseite\",\"item\":\"https:\/\/mueller-trade.com\/fr\/\"},{\"@type\":\"ListItem\",\"position\":2,\"name\":\"Shop\",\"item\":\"https:\/\/mueller-trade.com\/fr\/shop\/\"},{\"@type\":\"ListItem\",\"position\":3,\"name\":\"Sweatshirt homme\"}]},{\"@type\":\"WebSite\",\"@id\":\"https:\/\/mueller-trade.com\/fr\/#website\",\"url\":\"https:\/\/mueller-trade.com\/fr\/\",\"name\":\"M\u00fcller Trade\",\"description\":\"VOTRE BOUTIQUE B2B DE V\u00caTEMENTS PROFESSIONNELS\",\"publisher\":{\"@id\":\"https:\/\/mueller-trade.com\/fr\/#organization\"},\"potentialAction\":[{\"@type\":\"SearchAction\",\"target\":{\"@type\":\"EntryPoint\",\"urlTemplate\":\"https:\/\/mueller-trade.com\/fr\/?s={search_term_string}\"},\"query-input\":{\"@type\":\"PropertyValueSpecification\",\"valueRequired\":true,\"valueName\":\"search_term_string\"}}],\"inLanguage\":\"fr-FR\"},{\"@type\":\"Organization\",\"@id\":\"https:\/\/mueller-trade.com\/fr\/#organization\",\"name\":\"M\u00fcller Trade Corporate Clothing\",\"url\":\"https:\/\/mueller-trade.com\/fr\/\",\"logo\":{\"@type\":\"ImageObject\",\"inLanguage\":\"fr-FR\",\"@id\":\"https:\/\/mueller-trade.com\/fr\/#\/schema\/logo\/image\/\",\"url\":\"https:\/\/mueller-trade.com\/wp-content\/uploads\/sites\/2\/cropped-cropped-mt-icon.png\",\"contentUrl\":\"https:\/\/mueller-trade.com\/wp-content\/uploads\/sites\/2\/cropped-cropped-mt-icon.png\",\"width\":512,\"height\":512,\"caption\":\"M\u00fcller Trade Corporate Clothing\"},\"image\":{\"@id\":\"https:\/\/mueller-trade.com\/fr\/#\/schema\/logo\/image\/\"}}]}<\/script>","yoast_head_json":{"title":"Sweatshirt homme - M\u00fcller Trade","description":"Sweatshirt homme - M\u00fcller Trade","robots":{"index":"index","follow":"follow","max-snippet":"max-snippet:-1","max-image-preview":"max-image-preview:large","max-video-preview":"max-video-preview:-1"},"canonical":"https:\/\/mueller-trade.com\/fr\/shop\/casual-wear-fr\/sweatshirts-fr\/sweatshirts-ca-fr\/sweatshirt-homme\/","og_locale":"fr_FR","og_type":"article","og_title":"Sweatshirt homme - M\u00fcller Trade","og_description":"Sweatshirt homme - M\u00fcller Trade","og_url":"https:\/\/mueller-trade.com\/fr\/shop\/casual-wear-fr\/sweatshirts-fr\/sweatshirts-ca-fr\/sweatshirt-homme\/","og_site_name":"M\u00fcller Trade","article_modified_time":"2024-10-28T18:12:50+00:00","og_image":[{"width":708,"height":946,"url":"https:\/\/mueller-trade.com\/wp-content\/uploads\/sites\/2\/471_005-1-1.jpg","type":"image\/jpeg"}],"twitter_card":"summary_large_image","schema":{"@context":"https:\/\/schema.org","@graph":[{"@type":"WebPage","@id":"https:\/\/mueller-trade.com\/fr\/shop\/casual-wear-fr\/sweatshirts-fr\/sweatshirts-ca-fr\/sweatshirt-homme\/","url":"https:\/\/mueller-trade.com\/fr\/shop\/casual-wear-fr\/sweatshirts-fr\/sweatshirts-ca-fr\/sweatshirt-homme\/","name":"Sweatshirt homme - M\u00fcller Trade","isPartOf":{"@id":"https:\/\/mueller-trade.com\/fr\/#website"},"primaryImageOfPage":{"@id":"https:\/\/mueller-trade.com\/fr\/shop\/casual-wear-fr\/sweatshirts-fr\/sweatshirts-ca-fr\/sweatshirt-homme\/#primaryimage"},"image":{"@id":"https:\/\/mueller-trade.com\/fr\/shop\/casual-wear-fr\/sweatshirts-fr\/sweatshirts-ca-fr\/sweatshirt-homme\/#primaryimage"},"thumbnailUrl":"https:\/\/mueller-trade.com\/wp-content\/uploads\/sites\/2\/471_005-1-1.jpg","datePublished":"2024-06-12T00:48:38+00:00","dateModified":"2024-10-28T18:12:50+00:00","description":"Sweatshirt homme - M\u00fcller Trade","breadcrumb":{"@id":"https:\/\/mueller-trade.com\/fr\/shop\/casual-wear-fr\/sweatshirts-fr\/sweatshirts-ca-fr\/sweatshirt-homme\/#breadcrumb"},"inLanguage":"fr-FR","potentialAction":[{"@type":"ReadAction","target":["https:\/\/mueller-trade.com\/fr\/shop\/casual-wear-fr\/sweatshirts-fr\/sweatshirts-ca-fr\/sweatshirt-homme\/"]}]},{"@type":"ImageObject","inLanguage":"fr-FR","@id":"https:\/\/mueller-trade.com\/fr\/shop\/casual-wear-fr\/sweatshirts-fr\/sweatshirts-ca-fr\/sweatshirt-homme\/#primaryimage","url":"https:\/\/mueller-trade.com\/wp-content\/uploads\/sites\/2\/471_005-1-1.jpg","contentUrl":"https:\/\/mueller-trade.com\/wp-content\/uploads\/sites\/2\/471_005-1-1.jpg","width":708,"height":946},{"@type":"BreadcrumbList","@id":"https:\/\/mueller-trade.com\/fr\/shop\/casual-wear-fr\/sweatshirts-fr\/sweatshirts-ca-fr\/sweatshirt-homme\/#breadcrumb","itemListElement":[{"@type":"ListItem","position":1,"name":"Startseite","item":"https:\/\/mueller-trade.com\/fr\/"},{"@type":"ListItem","position":2,"name":"Shop","item":"https:\/\/mueller-trade.com\/fr\/shop\/"},{"@type":"ListItem","position":3,"name":"Sweatshirt homme"}]},{"@type":"WebSite","@id":"https:\/\/mueller-trade.com\/fr\/#website","url":"https:\/\/mueller-trade.com\/fr\/","name":"M\u00fcller Trade","description":"VOTRE BOUTIQUE B2B DE V\u00caTEMENTS PROFESSIONNELS","publisher":{"@id":"https:\/\/mueller-trade.com\/fr\/#organization"},"potentialAction":[{"@type":"SearchAction","target":{"@type":"EntryPoint","urlTemplate":"https:\/\/mueller-trade.com\/fr\/?s={search_term_string}"},"query-input":{"@type":"PropertyValueSpecification","valueRequired":true,"valueName":"search_term_string"}}],"inLanguage":"fr-FR"},{"@type":"Organization","@id":"https:\/\/mueller-trade.com\/fr\/#organization","name":"M\u00fcller Trade Corporate Clothing","url":"https:\/\/mueller-trade.com\/fr\/","logo":{"@type":"ImageObject","inLanguage":"fr-FR","@id":"https:\/\/mueller-trade.com\/fr\/#\/schema\/logo\/image\/","url":"https:\/\/mueller-trade.com\/wp-content\/uploads\/sites\/2\/cropped-cropped-mt-icon.png","contentUrl":"https:\/\/mueller-trade.com\/wp-content\/uploads\/sites\/2\/cropped-cropped-mt-icon.png","width":512,"height":512,"caption":"M\u00fcller Trade Corporate Clothing"},"image":{"@id":"https:\/\/mueller-trade.com\/fr\/#\/schema\/logo\/image\/"}}]}},"acf":[],"brands":[{"id":4557,"name":"Hakro","slug":"hakro-fr"}],"_links":{"self":[{"href":"https:\/\/mueller-trade.com\/fr\/wp-json\/wp\/v2\/product\/245977"}],"collection":[{"href":"https:\/\/mueller-trade.com\/fr\/wp-json\/wp\/v2\/product"}],"about":[{"href":"https:\/\/mueller-trade.com\/fr\/wp-json\/wp\/v2\/types\/product"}],"wp:featuredmedia":[{"embeddable":true,"href":"https:\/\/mueller-trade.com\/fr\/wp-json\/wp\/v2\/media\/4938"}],"wp:attachment":[{"href":"https:\/\/mueller-trade.com\/fr\/wp-json\/wp\/v2\/media?parent=245977"}],"wp:term":[{"taxonomy":"pwb-brand","embeddable":true,"href":"https:\/\/mueller-trade.com\/fr\/wp-json\/wp\/v2\/pwb-brand?post=245977"},{"taxonomy":"product_cat","embeddable":true,"href":"https:\/\/mueller-trade.com\/fr\/wp-json\/wp\/v2\/product_cat?post=245977"},{"taxonomy":"product_tag","embeddable":true,"href":"https:\/\/mueller-trade.com\/fr\/wp-json\/wp\/v2\/product_tag?post=245977"}],"curies":[{"name":"wp","href":"https:\/\/api.w.org\/{rel}","templated":true}]}}