{"id":245098,"date":"2024-06-12T06:03:44","date_gmt":"2024-06-12T04:03:44","guid":{"rendered":"https:\/\/mueller-trade.com\/shop\/unkategorisiert\/chemise-homme-manches-longues\/"},"modified":"2025-09-01T10:32:07","modified_gmt":"2025-09-01T08:32:07","slug":"chemise-homme-manches-longues-12","status":"publish","type":"product","link":"https:\/\/mueller-trade.com\/fr\/shop\/corporate-wear-fr\/blouses-chemises-cw-fr\/manches-longues-cw-fr\/chemise-homme-manches-longues-12\/","title":{"rendered":"Chemise homme manches longues"},"content":{"rendered":"<\/p>\n<ul>\n<li>forme moderne, l\u00e9g\u00e8rement cintr\u00e9e<\/li>\n<li>col\u00a0New-Kent<\/li>\n<li>manchette r\u00e9glable avec logo brod\u00e9 ton sur ton<\/li>\n<\/ul>\n<p>tailles: 35\/36 &#8211; 45\/46<\/p>\n<p>98% coton, 2% \u00e9lasthanne<\/p>\n<p class=\"care-icons\">c 9 1 n_W<\/p><\/p>\n","protected":false},"excerpt":{"rendered":"<p>Text all<\/p>\n<p> [&#8230;]<\/p>\n<p><a class=\"btn btn-secondary understrap-read-more-link\" href=\"https:\/\/mueller-trade.com\/fr\/shop\/corporate-wear-fr\/blouses-chemises-cw-fr\/manches-longues-cw-fr\/chemise-homme-manches-longues-12\/\">plus<span class=\"screen-reader-text\"> from Chemise homme manches longues<\/span><\/a><\/p>\n","protected":false},"featured_media":52451,"template":"","meta":{"_acf_changed":false,"inline_featured_image":false},"pwb-brand":[4547],"product_cat":[3357,1262,3354,3416,3430,3427],"product_tag":[],"class_list":{"0":"post-245098","1":"product","2":"type-product","3":"status-publish","4":"has-post-thumbnail","6":"pwb-brand-greiff-fr","7":"product_cat-manches-longues","8":"product_cat-tout","9":"product_cat-blouses-chemises","10":"product_cat-corporate-wear-fr","11":"product_cat-manches-longues-cw-fr","12":"product_cat-blouses-chemises-cw-fr","13":"pa_color-010-noir","14":"pa_color-023-bleu-moyen","15":"pa_color-090-blanc","16":"pa_color-group-blanc","17":"pa_color-group-bleu","18":"pa_color-group-noir","19":"pa_fit-regular-fit","20":"pa_gender-hommes","21":"pa_shirtsizes-37-38","22":"pa_shirtsizes-39-40","23":"pa_shirtsizes-41-42","24":"pa_shirtsizes-43-44","25":"pa_shirtsizes-45-46","27":"first","28":"instock","29":"taxable","30":"shipping-taxable","31":"purchasable","32":"product-type-variable"},"yoast_head":"<title>Chemise homme manches longues - M\u00fcller Trade<\/title>\n<meta name=\"description\" content=\"Chemise homme manches longues - M\u00fcller Trade\" \/>\n<meta name=\"robots\" content=\"index, follow, max-snippet:-1, max-image-preview:large, max-video-preview:-1\" \/>\n<link rel=\"canonical\" href=\"https:\/\/mueller-trade.com\/fr\/shop\/corporate-wear-fr\/blouses-chemises-cw-fr\/manches-longues-cw-fr\/chemise-homme-manches-longues-12\/\" \/>\n<meta property=\"og:locale\" content=\"fr_FR\" \/>\n<meta property=\"og:type\" content=\"article\" \/>\n<meta property=\"og:title\" content=\"Chemise homme manches longues - M\u00fcller Trade\" \/>\n<meta property=\"og:description\" content=\"Chemise homme manches longues - M\u00fcller Trade\" \/>\n<meta property=\"og:url\" content=\"https:\/\/mueller-trade.com\/fr\/shop\/corporate-wear-fr\/blouses-chemises-cw-fr\/manches-longues-cw-fr\/chemise-homme-manches-longues-12\/\" \/>\n<meta property=\"og:site_name\" content=\"M\u00fcller Trade\" \/>\n<meta property=\"article:modified_time\" content=\"2025-09-01T08:32:07+00:00\" \/>\n<meta property=\"og:image\" content=\"https:\/\/mueller-trade.com\/wp-content\/uploads\/sites\/2\/6762_1200_090_V.jpg\" \/>\n\t<meta property=\"og:image:width\" content=\"750\" \/>\n\t<meta property=\"og:image:height\" content=\"1124\" \/>\n\t<meta property=\"og:image:type\" content=\"image\/jpeg\" \/>\n<meta name=\"twitter:card\" content=\"summary_large_image\" \/>\n<script type=\"application\/ld+json\" class=\"yoast-schema-graph\">{\"@context\":\"https:\/\/schema.org\",\"@graph\":[{\"@type\":\"WebPage\",\"@id\":\"https:\/\/mueller-trade.com\/fr\/shop\/corporate-wear-fr\/blouses-chemises-cw-fr\/manches-longues-cw-fr\/chemise-homme-manches-longues-12\/\",\"url\":\"https:\/\/mueller-trade.com\/fr\/shop\/corporate-wear-fr\/blouses-chemises-cw-fr\/manches-longues-cw-fr\/chemise-homme-manches-longues-12\/\",\"name\":\"Chemise homme manches longues - M\u00fcller Trade\",\"isPartOf\":{\"@id\":\"https:\/\/mueller-trade.com\/fr\/#website\"},\"primaryImageOfPage\":{\"@id\":\"https:\/\/mueller-trade.com\/fr\/shop\/corporate-wear-fr\/blouses-chemises-cw-fr\/manches-longues-cw-fr\/chemise-homme-manches-longues-12\/#primaryimage\"},\"image\":{\"@id\":\"https:\/\/mueller-trade.com\/fr\/shop\/corporate-wear-fr\/blouses-chemises-cw-fr\/manches-longues-cw-fr\/chemise-homme-manches-longues-12\/#primaryimage\"},\"thumbnailUrl\":\"https:\/\/mueller-trade.com\/wp-content\/uploads\/sites\/2\/6762_1200_090_V.jpg\",\"datePublished\":\"2024-06-12T04:03:44+00:00\",\"dateModified\":\"2025-09-01T08:32:07+00:00\",\"description\":\"Chemise homme manches longues - M\u00fcller Trade\",\"breadcrumb\":{\"@id\":\"https:\/\/mueller-trade.com\/fr\/shop\/corporate-wear-fr\/blouses-chemises-cw-fr\/manches-longues-cw-fr\/chemise-homme-manches-longues-12\/#breadcrumb\"},\"inLanguage\":\"fr-FR\",\"potentialAction\":[{\"@type\":\"ReadAction\",\"target\":[\"https:\/\/mueller-trade.com\/fr\/shop\/corporate-wear-fr\/blouses-chemises-cw-fr\/manches-longues-cw-fr\/chemise-homme-manches-longues-12\/\"]}]},{\"@type\":\"ImageObject\",\"inLanguage\":\"fr-FR\",\"@id\":\"https:\/\/mueller-trade.com\/fr\/shop\/corporate-wear-fr\/blouses-chemises-cw-fr\/manches-longues-cw-fr\/chemise-homme-manches-longues-12\/#primaryimage\",\"url\":\"https:\/\/mueller-trade.com\/wp-content\/uploads\/sites\/2\/6762_1200_090_V.jpg\",\"contentUrl\":\"https:\/\/mueller-trade.com\/wp-content\/uploads\/sites\/2\/6762_1200_090_V.jpg\",\"width\":750,\"height\":1124},{\"@type\":\"BreadcrumbList\",\"@id\":\"https:\/\/mueller-trade.com\/fr\/shop\/corporate-wear-fr\/blouses-chemises-cw-fr\/manches-longues-cw-fr\/chemise-homme-manches-longues-12\/#breadcrumb\",\"itemListElement\":[{\"@type\":\"ListItem\",\"position\":1,\"name\":\"Startseite\",\"item\":\"https:\/\/mueller-trade.com\/fr\/\"},{\"@type\":\"ListItem\",\"position\":2,\"name\":\"Shop\",\"item\":\"https:\/\/mueller-trade.com\/fr\/shop\/\"},{\"@type\":\"ListItem\",\"position\":3,\"name\":\"Chemise homme manches longues\"}]},{\"@type\":\"WebSite\",\"@id\":\"https:\/\/mueller-trade.com\/fr\/#website\",\"url\":\"https:\/\/mueller-trade.com\/fr\/\",\"name\":\"M\u00fcller Trade\",\"description\":\"VOTRE BOUTIQUE B2B DE V\u00caTEMENTS PROFESSIONNELS\",\"publisher\":{\"@id\":\"https:\/\/mueller-trade.com\/fr\/#organization\"},\"potentialAction\":[{\"@type\":\"SearchAction\",\"target\":{\"@type\":\"EntryPoint\",\"urlTemplate\":\"https:\/\/mueller-trade.com\/fr\/?s={search_term_string}\"},\"query-input\":{\"@type\":\"PropertyValueSpecification\",\"valueRequired\":true,\"valueName\":\"search_term_string\"}}],\"inLanguage\":\"fr-FR\"},{\"@type\":\"Organization\",\"@id\":\"https:\/\/mueller-trade.com\/fr\/#organization\",\"name\":\"M\u00fcller Trade Corporate Clothing\",\"url\":\"https:\/\/mueller-trade.com\/fr\/\",\"logo\":{\"@type\":\"ImageObject\",\"inLanguage\":\"fr-FR\",\"@id\":\"https:\/\/mueller-trade.com\/fr\/#\/schema\/logo\/image\/\",\"url\":\"https:\/\/mueller-trade.com\/wp-content\/uploads\/sites\/2\/cropped-cropped-mt-icon.png\",\"contentUrl\":\"https:\/\/mueller-trade.com\/wp-content\/uploads\/sites\/2\/cropped-cropped-mt-icon.png\",\"width\":512,\"height\":512,\"caption\":\"M\u00fcller Trade Corporate Clothing\"},\"image\":{\"@id\":\"https:\/\/mueller-trade.com\/fr\/#\/schema\/logo\/image\/\"}}]}<\/script>","yoast_head_json":{"title":"Chemise homme manches longues - M\u00fcller Trade","description":"Chemise homme manches longues - M\u00fcller Trade","robots":{"index":"index","follow":"follow","max-snippet":"max-snippet:-1","max-image-preview":"max-image-preview:large","max-video-preview":"max-video-preview:-1"},"canonical":"https:\/\/mueller-trade.com\/fr\/shop\/corporate-wear-fr\/blouses-chemises-cw-fr\/manches-longues-cw-fr\/chemise-homme-manches-longues-12\/","og_locale":"fr_FR","og_type":"article","og_title":"Chemise homme manches longues - M\u00fcller Trade","og_description":"Chemise homme manches longues - M\u00fcller Trade","og_url":"https:\/\/mueller-trade.com\/fr\/shop\/corporate-wear-fr\/blouses-chemises-cw-fr\/manches-longues-cw-fr\/chemise-homme-manches-longues-12\/","og_site_name":"M\u00fcller Trade","article_modified_time":"2025-09-01T08:32:07+00:00","og_image":[{"width":750,"height":1124,"url":"https:\/\/mueller-trade.com\/wp-content\/uploads\/sites\/2\/6762_1200_090_V.jpg","type":"image\/jpeg"}],"twitter_card":"summary_large_image","schema":{"@context":"https:\/\/schema.org","@graph":[{"@type":"WebPage","@id":"https:\/\/mueller-trade.com\/fr\/shop\/corporate-wear-fr\/blouses-chemises-cw-fr\/manches-longues-cw-fr\/chemise-homme-manches-longues-12\/","url":"https:\/\/mueller-trade.com\/fr\/shop\/corporate-wear-fr\/blouses-chemises-cw-fr\/manches-longues-cw-fr\/chemise-homme-manches-longues-12\/","name":"Chemise homme manches longues - M\u00fcller Trade","isPartOf":{"@id":"https:\/\/mueller-trade.com\/fr\/#website"},"primaryImageOfPage":{"@id":"https:\/\/mueller-trade.com\/fr\/shop\/corporate-wear-fr\/blouses-chemises-cw-fr\/manches-longues-cw-fr\/chemise-homme-manches-longues-12\/#primaryimage"},"image":{"@id":"https:\/\/mueller-trade.com\/fr\/shop\/corporate-wear-fr\/blouses-chemises-cw-fr\/manches-longues-cw-fr\/chemise-homme-manches-longues-12\/#primaryimage"},"thumbnailUrl":"https:\/\/mueller-trade.com\/wp-content\/uploads\/sites\/2\/6762_1200_090_V.jpg","datePublished":"2024-06-12T04:03:44+00:00","dateModified":"2025-09-01T08:32:07+00:00","description":"Chemise homme manches longues - M\u00fcller Trade","breadcrumb":{"@id":"https:\/\/mueller-trade.com\/fr\/shop\/corporate-wear-fr\/blouses-chemises-cw-fr\/manches-longues-cw-fr\/chemise-homme-manches-longues-12\/#breadcrumb"},"inLanguage":"fr-FR","potentialAction":[{"@type":"ReadAction","target":["https:\/\/mueller-trade.com\/fr\/shop\/corporate-wear-fr\/blouses-chemises-cw-fr\/manches-longues-cw-fr\/chemise-homme-manches-longues-12\/"]}]},{"@type":"ImageObject","inLanguage":"fr-FR","@id":"https:\/\/mueller-trade.com\/fr\/shop\/corporate-wear-fr\/blouses-chemises-cw-fr\/manches-longues-cw-fr\/chemise-homme-manches-longues-12\/#primaryimage","url":"https:\/\/mueller-trade.com\/wp-content\/uploads\/sites\/2\/6762_1200_090_V.jpg","contentUrl":"https:\/\/mueller-trade.com\/wp-content\/uploads\/sites\/2\/6762_1200_090_V.jpg","width":750,"height":1124},{"@type":"BreadcrumbList","@id":"https:\/\/mueller-trade.com\/fr\/shop\/corporate-wear-fr\/blouses-chemises-cw-fr\/manches-longues-cw-fr\/chemise-homme-manches-longues-12\/#breadcrumb","itemListElement":[{"@type":"ListItem","position":1,"name":"Startseite","item":"https:\/\/mueller-trade.com\/fr\/"},{"@type":"ListItem","position":2,"name":"Shop","item":"https:\/\/mueller-trade.com\/fr\/shop\/"},{"@type":"ListItem","position":3,"name":"Chemise homme manches longues"}]},{"@type":"WebSite","@id":"https:\/\/mueller-trade.com\/fr\/#website","url":"https:\/\/mueller-trade.com\/fr\/","name":"M\u00fcller Trade","description":"VOTRE BOUTIQUE B2B DE V\u00caTEMENTS PROFESSIONNELS","publisher":{"@id":"https:\/\/mueller-trade.com\/fr\/#organization"},"potentialAction":[{"@type":"SearchAction","target":{"@type":"EntryPoint","urlTemplate":"https:\/\/mueller-trade.com\/fr\/?s={search_term_string}"},"query-input":{"@type":"PropertyValueSpecification","valueRequired":true,"valueName":"search_term_string"}}],"inLanguage":"fr-FR"},{"@type":"Organization","@id":"https:\/\/mueller-trade.com\/fr\/#organization","name":"M\u00fcller Trade Corporate Clothing","url":"https:\/\/mueller-trade.com\/fr\/","logo":{"@type":"ImageObject","inLanguage":"fr-FR","@id":"https:\/\/mueller-trade.com\/fr\/#\/schema\/logo\/image\/","url":"https:\/\/mueller-trade.com\/wp-content\/uploads\/sites\/2\/cropped-cropped-mt-icon.png","contentUrl":"https:\/\/mueller-trade.com\/wp-content\/uploads\/sites\/2\/cropped-cropped-mt-icon.png","width":512,"height":512,"caption":"M\u00fcller Trade Corporate Clothing"},"image":{"@id":"https:\/\/mueller-trade.com\/fr\/#\/schema\/logo\/image\/"}}]}},"acf":[],"brands":[{"id":4547,"name":"Greiff","slug":"greiff-fr"}],"_links":{"self":[{"href":"https:\/\/mueller-trade.com\/fr\/wp-json\/wp\/v2\/product\/245098"}],"collection":[{"href":"https:\/\/mueller-trade.com\/fr\/wp-json\/wp\/v2\/product"}],"about":[{"href":"https:\/\/mueller-trade.com\/fr\/wp-json\/wp\/v2\/types\/product"}],"wp:featuredmedia":[{"embeddable":true,"href":"https:\/\/mueller-trade.com\/fr\/wp-json\/wp\/v2\/media\/52451"}],"wp:attachment":[{"href":"https:\/\/mueller-trade.com\/fr\/wp-json\/wp\/v2\/media?parent=245098"}],"wp:term":[{"taxonomy":"pwb-brand","embeddable":true,"href":"https:\/\/mueller-trade.com\/fr\/wp-json\/wp\/v2\/pwb-brand?post=245098"},{"taxonomy":"product_cat","embeddable":true,"href":"https:\/\/mueller-trade.com\/fr\/wp-json\/wp\/v2\/product_cat?post=245098"},{"taxonomy":"product_tag","embeddable":true,"href":"https:\/\/mueller-trade.com\/fr\/wp-json\/wp\/v2\/product_tag?post=245098"}],"curies":[{"name":"wp","href":"https:\/\/api.w.org\/{rel}","templated":true}]}}