{"id":243408,"date":"2024-06-12T10:02:40","date_gmt":"2024-06-12T08:02:40","guid":{"rendered":"https:\/\/mueller-trade.com\/shop\/unkategorisiert\/tablier-a-bavette\/"},"modified":"2024-10-28T19:22:44","modified_gmt":"2024-10-28T18:22:44","slug":"tablier-a-bavette-17","status":"publish","type":"product","link":"https:\/\/mueller-trade.com\/fr\/shop\/service-cuisine-fr\/sk-tabliers-fr\/tabliers-jean-sk-fr\/tablier-a-bavette-17\/","title":{"rendered":"Tablier \u00e0 bavette"},"content":{"rendered":"<\/p>\n<ul>\n<li>\n<ul>\n<li>\n<ul>\n<li>\n<ul>\n<li>\n<ul>\n<li>poches appliqu\u00e9es\u00a0\u00e0 l\u2019arri\u00e8re<\/li>\n<li>boucle suppl\u00e9mentaire sur la bande<\/li>\n<\/ul>\n<\/li>\n<\/ul>\n<\/li>\n<\/ul>\n<\/li>\n<\/ul>\n<\/li>\n<\/ul>\n<p>Taille: 70 x 90cm<\/p>\n<p>100% coton<\/p>\n<p class=\"care-icons\">c 9 1 n_W<\/p><\/p>\n","protected":false},"excerpt":{"rendered":"<p>Text all<\/p>\n<p> [&#8230;]<\/p>\n<p><a class=\"btn btn-secondary understrap-read-more-link\" href=\"https:\/\/mueller-trade.com\/fr\/shop\/service-cuisine-fr\/sk-tabliers-fr\/tabliers-jean-sk-fr\/tablier-a-bavette-17\/\">plus<span class=\"screen-reader-text\"> from Tablier \u00e0 bavette<\/span><\/a><\/p>\n","protected":false},"featured_media":54253,"template":"","meta":{"_acf_changed":false,"inline_featured_image":false},"pwb-brand":[4183],"product_cat":[1262,3368,3460,3493,3492,3490],"product_tag":[],"class_list":{"0":"post-243408","1":"product","2":"type-product","3":"status-publish","4":"has-post-thumbnail","6":"pwb-brand-chaud-devant","7":"product_cat-tout","8":"product_cat-tabliers","9":"product_cat-service-cuisine-fr","10":"product_cat-tabliers-bavette-sk-fr","11":"product_cat-tabliers-jean-sk-fr","12":"product_cat-sk-tabliers-fr","13":"pa_color-boue-denim","14":"pa_color-bleu-denim","15":"pa_color-grey-denim-1","16":"pa_color-group-anthracite-gris","17":"pa_color-group-bleu","18":"pa_color-group-brun-beige","19":"pa_gender-femmes","20":"pa_gender-hommes","21":"pa_size-international-70-x-90cm-fr","23":"first","24":"instock","25":"taxable","26":"shipping-taxable","27":"purchasable","28":"product-type-variable"},"yoast_head":"<title>Tablier \u00e0 bavette - M\u00fcller Trade<\/title>\n<meta name=\"description\" content=\"Tablier \u00e0 bavette - M\u00fcller Trade\" \/>\n<meta name=\"robots\" content=\"index, follow, max-snippet:-1, max-image-preview:large, max-video-preview:-1\" \/>\n<link rel=\"canonical\" href=\"https:\/\/mueller-trade.com\/fr\/shop\/service-cuisine-fr\/sk-tabliers-fr\/tabliers-jean-sk-fr\/tablier-a-bavette-17\/\" \/>\n<meta property=\"og:locale\" content=\"fr_FR\" \/>\n<meta property=\"og:type\" content=\"article\" \/>\n<meta property=\"og:title\" content=\"Tablier \u00e0 bavette - M\u00fcller Trade\" \/>\n<meta property=\"og:description\" content=\"Tablier \u00e0 bavette - M\u00fcller Trade\" \/>\n<meta property=\"og:url\" content=\"https:\/\/mueller-trade.com\/fr\/shop\/service-cuisine-fr\/sk-tabliers-fr\/tabliers-jean-sk-fr\/tablier-a-bavette-17\/\" \/>\n<meta property=\"og:site_name\" content=\"M\u00fcller Trade\" \/>\n<meta property=\"article:modified_time\" content=\"2024-10-28T18:22:44+00:00\" \/>\n<meta property=\"og:image\" content=\"https:\/\/mueller-trade.com\/wp-content\/uploads\/sites\/2\/Latz_mud2.jpg\" \/>\n\t<meta property=\"og:image:width\" content=\"1000\" \/>\n\t<meta property=\"og:image:height\" content=\"1500\" \/>\n\t<meta property=\"og:image:type\" content=\"image\/jpeg\" \/>\n<meta name=\"twitter:card\" content=\"summary_large_image\" \/>\n<script type=\"application\/ld+json\" class=\"yoast-schema-graph\">{\"@context\":\"https:\/\/schema.org\",\"@graph\":[{\"@type\":\"WebPage\",\"@id\":\"https:\/\/mueller-trade.com\/fr\/shop\/service-cuisine-fr\/sk-tabliers-fr\/tabliers-jean-sk-fr\/tablier-a-bavette-17\/\",\"url\":\"https:\/\/mueller-trade.com\/fr\/shop\/service-cuisine-fr\/sk-tabliers-fr\/tabliers-jean-sk-fr\/tablier-a-bavette-17\/\",\"name\":\"Tablier \u00e0 bavette - M\u00fcller Trade\",\"isPartOf\":{\"@id\":\"https:\/\/mueller-trade.com\/fr\/#website\"},\"primaryImageOfPage\":{\"@id\":\"https:\/\/mueller-trade.com\/fr\/shop\/service-cuisine-fr\/sk-tabliers-fr\/tabliers-jean-sk-fr\/tablier-a-bavette-17\/#primaryimage\"},\"image\":{\"@id\":\"https:\/\/mueller-trade.com\/fr\/shop\/service-cuisine-fr\/sk-tabliers-fr\/tabliers-jean-sk-fr\/tablier-a-bavette-17\/#primaryimage\"},\"thumbnailUrl\":\"https:\/\/mueller-trade.com\/wp-content\/uploads\/sites\/2\/Latz_mud2.jpg\",\"datePublished\":\"2024-06-12T08:02:40+00:00\",\"dateModified\":\"2024-10-28T18:22:44+00:00\",\"description\":\"Tablier \u00e0 bavette - M\u00fcller Trade\",\"breadcrumb\":{\"@id\":\"https:\/\/mueller-trade.com\/fr\/shop\/service-cuisine-fr\/sk-tabliers-fr\/tabliers-jean-sk-fr\/tablier-a-bavette-17\/#breadcrumb\"},\"inLanguage\":\"fr-FR\",\"potentialAction\":[{\"@type\":\"ReadAction\",\"target\":[\"https:\/\/mueller-trade.com\/fr\/shop\/service-cuisine-fr\/sk-tabliers-fr\/tabliers-jean-sk-fr\/tablier-a-bavette-17\/\"]}]},{\"@type\":\"ImageObject\",\"inLanguage\":\"fr-FR\",\"@id\":\"https:\/\/mueller-trade.com\/fr\/shop\/service-cuisine-fr\/sk-tabliers-fr\/tabliers-jean-sk-fr\/tablier-a-bavette-17\/#primaryimage\",\"url\":\"https:\/\/mueller-trade.com\/wp-content\/uploads\/sites\/2\/Latz_mud2.jpg\",\"contentUrl\":\"https:\/\/mueller-trade.com\/wp-content\/uploads\/sites\/2\/Latz_mud2.jpg\",\"width\":1000,\"height\":1500},{\"@type\":\"BreadcrumbList\",\"@id\":\"https:\/\/mueller-trade.com\/fr\/shop\/service-cuisine-fr\/sk-tabliers-fr\/tabliers-jean-sk-fr\/tablier-a-bavette-17\/#breadcrumb\",\"itemListElement\":[{\"@type\":\"ListItem\",\"position\":1,\"name\":\"Startseite\",\"item\":\"https:\/\/mueller-trade.com\/fr\/\"},{\"@type\":\"ListItem\",\"position\":2,\"name\":\"Shop\",\"item\":\"https:\/\/mueller-trade.com\/fr\/shop\/\"},{\"@type\":\"ListItem\",\"position\":3,\"name\":\"Tablier \u00e0 bavette\"}]},{\"@type\":\"WebSite\",\"@id\":\"https:\/\/mueller-trade.com\/fr\/#website\",\"url\":\"https:\/\/mueller-trade.com\/fr\/\",\"name\":\"M\u00fcller Trade\",\"description\":\"VOTRE BOUTIQUE B2B DE V\u00caTEMENTS PROFESSIONNELS\",\"publisher\":{\"@id\":\"https:\/\/mueller-trade.com\/fr\/#organization\"},\"potentialAction\":[{\"@type\":\"SearchAction\",\"target\":{\"@type\":\"EntryPoint\",\"urlTemplate\":\"https:\/\/mueller-trade.com\/fr\/?s={search_term_string}\"},\"query-input\":{\"@type\":\"PropertyValueSpecification\",\"valueRequired\":true,\"valueName\":\"search_term_string\"}}],\"inLanguage\":\"fr-FR\"},{\"@type\":\"Organization\",\"@id\":\"https:\/\/mueller-trade.com\/fr\/#organization\",\"name\":\"M\u00fcller Trade Corporate Clothing\",\"url\":\"https:\/\/mueller-trade.com\/fr\/\",\"logo\":{\"@type\":\"ImageObject\",\"inLanguage\":\"fr-FR\",\"@id\":\"https:\/\/mueller-trade.com\/fr\/#\/schema\/logo\/image\/\",\"url\":\"https:\/\/mueller-trade.com\/wp-content\/uploads\/sites\/2\/cropped-cropped-mt-icon.png\",\"contentUrl\":\"https:\/\/mueller-trade.com\/wp-content\/uploads\/sites\/2\/cropped-cropped-mt-icon.png\",\"width\":512,\"height\":512,\"caption\":\"M\u00fcller Trade Corporate Clothing\"},\"image\":{\"@id\":\"https:\/\/mueller-trade.com\/fr\/#\/schema\/logo\/image\/\"}}]}<\/script>","yoast_head_json":{"title":"Tablier \u00e0 bavette - M\u00fcller Trade","description":"Tablier \u00e0 bavette - M\u00fcller Trade","robots":{"index":"index","follow":"follow","max-snippet":"max-snippet:-1","max-image-preview":"max-image-preview:large","max-video-preview":"max-video-preview:-1"},"canonical":"https:\/\/mueller-trade.com\/fr\/shop\/service-cuisine-fr\/sk-tabliers-fr\/tabliers-jean-sk-fr\/tablier-a-bavette-17\/","og_locale":"fr_FR","og_type":"article","og_title":"Tablier \u00e0 bavette - M\u00fcller Trade","og_description":"Tablier \u00e0 bavette - M\u00fcller Trade","og_url":"https:\/\/mueller-trade.com\/fr\/shop\/service-cuisine-fr\/sk-tabliers-fr\/tabliers-jean-sk-fr\/tablier-a-bavette-17\/","og_site_name":"M\u00fcller Trade","article_modified_time":"2024-10-28T18:22:44+00:00","og_image":[{"width":1000,"height":1500,"url":"https:\/\/mueller-trade.com\/wp-content\/uploads\/sites\/2\/Latz_mud2.jpg","type":"image\/jpeg"}],"twitter_card":"summary_large_image","schema":{"@context":"https:\/\/schema.org","@graph":[{"@type":"WebPage","@id":"https:\/\/mueller-trade.com\/fr\/shop\/service-cuisine-fr\/sk-tabliers-fr\/tabliers-jean-sk-fr\/tablier-a-bavette-17\/","url":"https:\/\/mueller-trade.com\/fr\/shop\/service-cuisine-fr\/sk-tabliers-fr\/tabliers-jean-sk-fr\/tablier-a-bavette-17\/","name":"Tablier \u00e0 bavette - M\u00fcller Trade","isPartOf":{"@id":"https:\/\/mueller-trade.com\/fr\/#website"},"primaryImageOfPage":{"@id":"https:\/\/mueller-trade.com\/fr\/shop\/service-cuisine-fr\/sk-tabliers-fr\/tabliers-jean-sk-fr\/tablier-a-bavette-17\/#primaryimage"},"image":{"@id":"https:\/\/mueller-trade.com\/fr\/shop\/service-cuisine-fr\/sk-tabliers-fr\/tabliers-jean-sk-fr\/tablier-a-bavette-17\/#primaryimage"},"thumbnailUrl":"https:\/\/mueller-trade.com\/wp-content\/uploads\/sites\/2\/Latz_mud2.jpg","datePublished":"2024-06-12T08:02:40+00:00","dateModified":"2024-10-28T18:22:44+00:00","description":"Tablier \u00e0 bavette - M\u00fcller Trade","breadcrumb":{"@id":"https:\/\/mueller-trade.com\/fr\/shop\/service-cuisine-fr\/sk-tabliers-fr\/tabliers-jean-sk-fr\/tablier-a-bavette-17\/#breadcrumb"},"inLanguage":"fr-FR","potentialAction":[{"@type":"ReadAction","target":["https:\/\/mueller-trade.com\/fr\/shop\/service-cuisine-fr\/sk-tabliers-fr\/tabliers-jean-sk-fr\/tablier-a-bavette-17\/"]}]},{"@type":"ImageObject","inLanguage":"fr-FR","@id":"https:\/\/mueller-trade.com\/fr\/shop\/service-cuisine-fr\/sk-tabliers-fr\/tabliers-jean-sk-fr\/tablier-a-bavette-17\/#primaryimage","url":"https:\/\/mueller-trade.com\/wp-content\/uploads\/sites\/2\/Latz_mud2.jpg","contentUrl":"https:\/\/mueller-trade.com\/wp-content\/uploads\/sites\/2\/Latz_mud2.jpg","width":1000,"height":1500},{"@type":"BreadcrumbList","@id":"https:\/\/mueller-trade.com\/fr\/shop\/service-cuisine-fr\/sk-tabliers-fr\/tabliers-jean-sk-fr\/tablier-a-bavette-17\/#breadcrumb","itemListElement":[{"@type":"ListItem","position":1,"name":"Startseite","item":"https:\/\/mueller-trade.com\/fr\/"},{"@type":"ListItem","position":2,"name":"Shop","item":"https:\/\/mueller-trade.com\/fr\/shop\/"},{"@type":"ListItem","position":3,"name":"Tablier \u00e0 bavette"}]},{"@type":"WebSite","@id":"https:\/\/mueller-trade.com\/fr\/#website","url":"https:\/\/mueller-trade.com\/fr\/","name":"M\u00fcller Trade","description":"VOTRE BOUTIQUE B2B DE V\u00caTEMENTS PROFESSIONNELS","publisher":{"@id":"https:\/\/mueller-trade.com\/fr\/#organization"},"potentialAction":[{"@type":"SearchAction","target":{"@type":"EntryPoint","urlTemplate":"https:\/\/mueller-trade.com\/fr\/?s={search_term_string}"},"query-input":{"@type":"PropertyValueSpecification","valueRequired":true,"valueName":"search_term_string"}}],"inLanguage":"fr-FR"},{"@type":"Organization","@id":"https:\/\/mueller-trade.com\/fr\/#organization","name":"M\u00fcller Trade Corporate Clothing","url":"https:\/\/mueller-trade.com\/fr\/","logo":{"@type":"ImageObject","inLanguage":"fr-FR","@id":"https:\/\/mueller-trade.com\/fr\/#\/schema\/logo\/image\/","url":"https:\/\/mueller-trade.com\/wp-content\/uploads\/sites\/2\/cropped-cropped-mt-icon.png","contentUrl":"https:\/\/mueller-trade.com\/wp-content\/uploads\/sites\/2\/cropped-cropped-mt-icon.png","width":512,"height":512,"caption":"M\u00fcller Trade Corporate Clothing"},"image":{"@id":"https:\/\/mueller-trade.com\/fr\/#\/schema\/logo\/image\/"}}]}},"acf":[],"brands":[{"id":4183,"name":"Chaud Devant","slug":"chaud-devant"}],"_links":{"self":[{"href":"https:\/\/mueller-trade.com\/fr\/wp-json\/wp\/v2\/product\/243408"}],"collection":[{"href":"https:\/\/mueller-trade.com\/fr\/wp-json\/wp\/v2\/product"}],"about":[{"href":"https:\/\/mueller-trade.com\/fr\/wp-json\/wp\/v2\/types\/product"}],"wp:featuredmedia":[{"embeddable":true,"href":"https:\/\/mueller-trade.com\/fr\/wp-json\/wp\/v2\/media\/54253"}],"wp:attachment":[{"href":"https:\/\/mueller-trade.com\/fr\/wp-json\/wp\/v2\/media?parent=243408"}],"wp:term":[{"taxonomy":"pwb-brand","embeddable":true,"href":"https:\/\/mueller-trade.com\/fr\/wp-json\/wp\/v2\/pwb-brand?post=243408"},{"taxonomy":"product_cat","embeddable":true,"href":"https:\/\/mueller-trade.com\/fr\/wp-json\/wp\/v2\/product_cat?post=243408"},{"taxonomy":"product_tag","embeddable":true,"href":"https:\/\/mueller-trade.com\/fr\/wp-json\/wp\/v2\/product_tag?post=243408"}],"curies":[{"name":"wp","href":"https:\/\/api.w.org\/{rel}","templated":true}]}}