{"id":241141,"date":"2024-06-12T16:23:03","date_gmt":"2024-06-12T14:23:03","guid":{"rendered":"https:\/\/mueller-trade.com\/shop\/unkategorisiert\/unisex-schlupfhose-2\/"},"modified":"2024-10-28T18:55:52","modified_gmt":"2024-10-28T17:55:52","slug":"unisex-schlupfhose","status":"publish","type":"product","link":"https:\/\/mueller-trade.com\/fr\/shop\/wellness-spa-fr\/pantalons-ws-fr\/unisex-schlupfhose\/","title":{"rendered":"Unisex-Schlupfhose"},"content":{"rendered":"<\/p>\n<ul>\n<li>\n<ul>\n<li>\n<ul>\n<li>\n<ul>\n<li>Gummizug und Kordel in der Taille<\/li>\n<li>2 Schr\u00e4gtaschen<\/li>\n<li>Aufh\u00e4ngerschlaufen<\/li>\n<li>Patchlappen<\/li>\n<li>Schrittl\u00e4nge 80cm<\/li>\n<\/ul>\n<p>Gr. XS-4XL<\/p>\n<ul>\n<li>65% Polyester, 35% Baumwolle, 245 g\/m<sup>2<\/sup><\/li>\n<\/ul>\n<\/li>\n<\/ul>\n<\/li>\n<\/ul>\n<\/li>\n<\/ul>\n","protected":false},"excerpt":{"rendered":"<p>Gummizug und Kordel in der Taille 2 Schr\u00e4gtaschen Aufh\u00e4ngerschlaufen Patchlappen Schrittl\u00e4nge 80cm Gr. XS-4XL 65% Polyester, 35% Baumwolle, 245 g\/m2 [&#8230;]<\/p>\n<p><a class=\"btn btn-secondary understrap-read-more-link\" href=\"https:\/\/mueller-trade.com\/fr\/shop\/wellness-spa-fr\/pantalons-ws-fr\/unisex-schlupfhose\/\">plus<span class=\"screen-reader-text\"> from Unisex-Schlupfhose<\/span><\/a><\/p>\n","protected":false},"featured_media":57969,"template":"","meta":{"_acf_changed":false,"inline_featured_image":false},"pwb-brand":[4559],"product_cat":[3360,1262,3358,3444,3445,3501,3502,3454,3455],"product_tag":[],"class_list":{"0":"post-241141","1":"product","2":"type-product","3":"status-publish","4":"has-post-thumbnail","6":"pwb-brand-kentaur-fr","7":"product_cat-chinos-pantalons-en-tissu-all","8":"product_cat-tout","9":"product_cat-pantalons","10":"product_cat-housekeeping-fr","11":"product_cat-pantalons-hsk-fr","12":"product_cat-wellness-spa-fr","13":"product_cat-pantalons-ws-fr","14":"product_cat-medical-fr","15":"product_cat-pantalons-ff-fr","16":"pa_color-101-blanc","17":"pa_color-401-bordeaux-1","18":"pa_color-601-comoblau-1","19":"pa_color-700-noir","20":"pa_color-701-gris-clair","21":"pa_color-704-gris-fonce","22":"pa_color-907-noir-et-blanc-pepita","23":"pa_color-group-anthracite-gris","24":"pa_color-group-blanc","25":"pa_color-group-bleu","26":"pa_color-group-noir","27":"pa_color-group-rouge-bordeaux","28":"pa_fit-regular-fit","29":"pa_gender-femmes","30":"pa_gender-hommes","31":"pa_size-international-xs-fr","32":"pa_size-international-s-fr","33":"pa_size-international-m-fr","34":"pa_size-international-l-fr","35":"pa_size-international-xl-fr","36":"pa_size-international-xxl-fr","37":"pa_size-international-3xl-fr","38":"pa_size-international-4xl-fr","40":"first","41":"instock","42":"taxable","43":"shipping-taxable","44":"purchasable","45":"product-type-variable"},"yoast_head":"<title>Unisex-Schlupfhose - M\u00fcller Trade<\/title>\n<meta name=\"description\" content=\"Unisex-Schlupfhose - M\u00fcller Trade\" \/>\n<meta name=\"robots\" content=\"index, follow, max-snippet:-1, max-image-preview:large, max-video-preview:-1\" \/>\n<link rel=\"canonical\" href=\"https:\/\/mueller-trade.com\/fr\/shop\/wellness-spa-fr\/pantalons-ws-fr\/unisex-schlupfhose\/\" \/>\n<meta property=\"og:locale\" content=\"fr_FR\" \/>\n<meta property=\"og:type\" content=\"article\" \/>\n<meta property=\"og:title\" content=\"Unisex-Schlupfhose - M\u00fcller Trade\" \/>\n<meta property=\"og:description\" content=\"Unisex-Schlupfhose - M\u00fcller Trade\" \/>\n<meta property=\"og:url\" content=\"https:\/\/mueller-trade.com\/fr\/shop\/wellness-spa-fr\/pantalons-ws-fr\/unisex-schlupfhose\/\" \/>\n<meta property=\"og:site_name\" content=\"M\u00fcller Trade\" \/>\n<meta property=\"article:modified_time\" content=\"2024-10-28T17:55:52+00:00\" \/>\n<meta property=\"og:image\" content=\"https:\/\/mueller-trade.com\/wp-content\/uploads\/sites\/2\/1646-101-0-0-101-Hi-Res_1.jpg\" \/>\n\t<meta property=\"og:image:width\" content=\"800\" \/>\n\t<meta property=\"og:image:height\" content=\"1200\" \/>\n\t<meta property=\"og:image:type\" content=\"image\/jpeg\" \/>\n<meta name=\"twitter:card\" content=\"summary_large_image\" \/>\n<script type=\"application\/ld+json\" class=\"yoast-schema-graph\">{\"@context\":\"https:\/\/schema.org\",\"@graph\":[{\"@type\":\"WebPage\",\"@id\":\"https:\/\/mueller-trade.com\/fr\/shop\/wellness-spa-fr\/pantalons-ws-fr\/unisex-schlupfhose\/\",\"url\":\"https:\/\/mueller-trade.com\/fr\/shop\/wellness-spa-fr\/pantalons-ws-fr\/unisex-schlupfhose\/\",\"name\":\"Unisex-Schlupfhose - M\u00fcller Trade\",\"isPartOf\":{\"@id\":\"https:\/\/mueller-trade.com\/fr\/#website\"},\"primaryImageOfPage\":{\"@id\":\"https:\/\/mueller-trade.com\/fr\/shop\/wellness-spa-fr\/pantalons-ws-fr\/unisex-schlupfhose\/#primaryimage\"},\"image\":{\"@id\":\"https:\/\/mueller-trade.com\/fr\/shop\/wellness-spa-fr\/pantalons-ws-fr\/unisex-schlupfhose\/#primaryimage\"},\"thumbnailUrl\":\"https:\/\/mueller-trade.com\/wp-content\/uploads\/sites\/2\/1646-101-0-0-101-Hi-Res_1.jpg\",\"datePublished\":\"2024-06-12T14:23:03+00:00\",\"dateModified\":\"2024-10-28T17:55:52+00:00\",\"description\":\"Unisex-Schlupfhose - M\u00fcller Trade\",\"breadcrumb\":{\"@id\":\"https:\/\/mueller-trade.com\/fr\/shop\/wellness-spa-fr\/pantalons-ws-fr\/unisex-schlupfhose\/#breadcrumb\"},\"inLanguage\":\"fr-FR\",\"potentialAction\":[{\"@type\":\"ReadAction\",\"target\":[\"https:\/\/mueller-trade.com\/fr\/shop\/wellness-spa-fr\/pantalons-ws-fr\/unisex-schlupfhose\/\"]}]},{\"@type\":\"ImageObject\",\"inLanguage\":\"fr-FR\",\"@id\":\"https:\/\/mueller-trade.com\/fr\/shop\/wellness-spa-fr\/pantalons-ws-fr\/unisex-schlupfhose\/#primaryimage\",\"url\":\"https:\/\/mueller-trade.com\/wp-content\/uploads\/sites\/2\/1646-101-0-0-101-Hi-Res_1.jpg\",\"contentUrl\":\"https:\/\/mueller-trade.com\/wp-content\/uploads\/sites\/2\/1646-101-0-0-101-Hi-Res_1.jpg\",\"width\":800,\"height\":1200},{\"@type\":\"BreadcrumbList\",\"@id\":\"https:\/\/mueller-trade.com\/fr\/shop\/wellness-spa-fr\/pantalons-ws-fr\/unisex-schlupfhose\/#breadcrumb\",\"itemListElement\":[{\"@type\":\"ListItem\",\"position\":1,\"name\":\"Startseite\",\"item\":\"https:\/\/mueller-trade.com\/fr\/\"},{\"@type\":\"ListItem\",\"position\":2,\"name\":\"Shop\",\"item\":\"https:\/\/mueller-trade.com\/fr\/shop\/\"},{\"@type\":\"ListItem\",\"position\":3,\"name\":\"Unisex-Schlupfhose\"}]},{\"@type\":\"WebSite\",\"@id\":\"https:\/\/mueller-trade.com\/fr\/#website\",\"url\":\"https:\/\/mueller-trade.com\/fr\/\",\"name\":\"M\u00fcller Trade\",\"description\":\"VOTRE BOUTIQUE B2B DE V\u00caTEMENTS PROFESSIONNELS\",\"publisher\":{\"@id\":\"https:\/\/mueller-trade.com\/fr\/#organization\"},\"potentialAction\":[{\"@type\":\"SearchAction\",\"target\":{\"@type\":\"EntryPoint\",\"urlTemplate\":\"https:\/\/mueller-trade.com\/fr\/?s={search_term_string}\"},\"query-input\":{\"@type\":\"PropertyValueSpecification\",\"valueRequired\":true,\"valueName\":\"search_term_string\"}}],\"inLanguage\":\"fr-FR\"},{\"@type\":\"Organization\",\"@id\":\"https:\/\/mueller-trade.com\/fr\/#organization\",\"name\":\"M\u00fcller Trade Corporate Clothing\",\"url\":\"https:\/\/mueller-trade.com\/fr\/\",\"logo\":{\"@type\":\"ImageObject\",\"inLanguage\":\"fr-FR\",\"@id\":\"https:\/\/mueller-trade.com\/fr\/#\/schema\/logo\/image\/\",\"url\":\"https:\/\/mueller-trade.com\/wp-content\/uploads\/sites\/2\/cropped-cropped-mt-icon.png\",\"contentUrl\":\"https:\/\/mueller-trade.com\/wp-content\/uploads\/sites\/2\/cropped-cropped-mt-icon.png\",\"width\":512,\"height\":512,\"caption\":\"M\u00fcller Trade Corporate Clothing\"},\"image\":{\"@id\":\"https:\/\/mueller-trade.com\/fr\/#\/schema\/logo\/image\/\"}}]}<\/script>","yoast_head_json":{"title":"Unisex-Schlupfhose - M\u00fcller Trade","description":"Unisex-Schlupfhose - M\u00fcller Trade","robots":{"index":"index","follow":"follow","max-snippet":"max-snippet:-1","max-image-preview":"max-image-preview:large","max-video-preview":"max-video-preview:-1"},"canonical":"https:\/\/mueller-trade.com\/fr\/shop\/wellness-spa-fr\/pantalons-ws-fr\/unisex-schlupfhose\/","og_locale":"fr_FR","og_type":"article","og_title":"Unisex-Schlupfhose - M\u00fcller Trade","og_description":"Unisex-Schlupfhose - M\u00fcller Trade","og_url":"https:\/\/mueller-trade.com\/fr\/shop\/wellness-spa-fr\/pantalons-ws-fr\/unisex-schlupfhose\/","og_site_name":"M\u00fcller Trade","article_modified_time":"2024-10-28T17:55:52+00:00","og_image":[{"width":800,"height":1200,"url":"https:\/\/mueller-trade.com\/wp-content\/uploads\/sites\/2\/1646-101-0-0-101-Hi-Res_1.jpg","type":"image\/jpeg"}],"twitter_card":"summary_large_image","schema":{"@context":"https:\/\/schema.org","@graph":[{"@type":"WebPage","@id":"https:\/\/mueller-trade.com\/fr\/shop\/wellness-spa-fr\/pantalons-ws-fr\/unisex-schlupfhose\/","url":"https:\/\/mueller-trade.com\/fr\/shop\/wellness-spa-fr\/pantalons-ws-fr\/unisex-schlupfhose\/","name":"Unisex-Schlupfhose - M\u00fcller Trade","isPartOf":{"@id":"https:\/\/mueller-trade.com\/fr\/#website"},"primaryImageOfPage":{"@id":"https:\/\/mueller-trade.com\/fr\/shop\/wellness-spa-fr\/pantalons-ws-fr\/unisex-schlupfhose\/#primaryimage"},"image":{"@id":"https:\/\/mueller-trade.com\/fr\/shop\/wellness-spa-fr\/pantalons-ws-fr\/unisex-schlupfhose\/#primaryimage"},"thumbnailUrl":"https:\/\/mueller-trade.com\/wp-content\/uploads\/sites\/2\/1646-101-0-0-101-Hi-Res_1.jpg","datePublished":"2024-06-12T14:23:03+00:00","dateModified":"2024-10-28T17:55:52+00:00","description":"Unisex-Schlupfhose - M\u00fcller Trade","breadcrumb":{"@id":"https:\/\/mueller-trade.com\/fr\/shop\/wellness-spa-fr\/pantalons-ws-fr\/unisex-schlupfhose\/#breadcrumb"},"inLanguage":"fr-FR","potentialAction":[{"@type":"ReadAction","target":["https:\/\/mueller-trade.com\/fr\/shop\/wellness-spa-fr\/pantalons-ws-fr\/unisex-schlupfhose\/"]}]},{"@type":"ImageObject","inLanguage":"fr-FR","@id":"https:\/\/mueller-trade.com\/fr\/shop\/wellness-spa-fr\/pantalons-ws-fr\/unisex-schlupfhose\/#primaryimage","url":"https:\/\/mueller-trade.com\/wp-content\/uploads\/sites\/2\/1646-101-0-0-101-Hi-Res_1.jpg","contentUrl":"https:\/\/mueller-trade.com\/wp-content\/uploads\/sites\/2\/1646-101-0-0-101-Hi-Res_1.jpg","width":800,"height":1200},{"@type":"BreadcrumbList","@id":"https:\/\/mueller-trade.com\/fr\/shop\/wellness-spa-fr\/pantalons-ws-fr\/unisex-schlupfhose\/#breadcrumb","itemListElement":[{"@type":"ListItem","position":1,"name":"Startseite","item":"https:\/\/mueller-trade.com\/fr\/"},{"@type":"ListItem","position":2,"name":"Shop","item":"https:\/\/mueller-trade.com\/fr\/shop\/"},{"@type":"ListItem","position":3,"name":"Unisex-Schlupfhose"}]},{"@type":"WebSite","@id":"https:\/\/mueller-trade.com\/fr\/#website","url":"https:\/\/mueller-trade.com\/fr\/","name":"M\u00fcller Trade","description":"VOTRE BOUTIQUE B2B DE V\u00caTEMENTS PROFESSIONNELS","publisher":{"@id":"https:\/\/mueller-trade.com\/fr\/#organization"},"potentialAction":[{"@type":"SearchAction","target":{"@type":"EntryPoint","urlTemplate":"https:\/\/mueller-trade.com\/fr\/?s={search_term_string}"},"query-input":{"@type":"PropertyValueSpecification","valueRequired":true,"valueName":"search_term_string"}}],"inLanguage":"fr-FR"},{"@type":"Organization","@id":"https:\/\/mueller-trade.com\/fr\/#organization","name":"M\u00fcller Trade Corporate Clothing","url":"https:\/\/mueller-trade.com\/fr\/","logo":{"@type":"ImageObject","inLanguage":"fr-FR","@id":"https:\/\/mueller-trade.com\/fr\/#\/schema\/logo\/image\/","url":"https:\/\/mueller-trade.com\/wp-content\/uploads\/sites\/2\/cropped-cropped-mt-icon.png","contentUrl":"https:\/\/mueller-trade.com\/wp-content\/uploads\/sites\/2\/cropped-cropped-mt-icon.png","width":512,"height":512,"caption":"M\u00fcller Trade Corporate Clothing"},"image":{"@id":"https:\/\/mueller-trade.com\/fr\/#\/schema\/logo\/image\/"}}]}},"acf":[],"brands":[{"id":4559,"name":"Kentaur","slug":"kentaur-fr"}],"_links":{"self":[{"href":"https:\/\/mueller-trade.com\/fr\/wp-json\/wp\/v2\/product\/241141"}],"collection":[{"href":"https:\/\/mueller-trade.com\/fr\/wp-json\/wp\/v2\/product"}],"about":[{"href":"https:\/\/mueller-trade.com\/fr\/wp-json\/wp\/v2\/types\/product"}],"wp:featuredmedia":[{"embeddable":true,"href":"https:\/\/mueller-trade.com\/fr\/wp-json\/wp\/v2\/media\/57969"}],"wp:attachment":[{"href":"https:\/\/mueller-trade.com\/fr\/wp-json\/wp\/v2\/media?parent=241141"}],"wp:term":[{"taxonomy":"pwb-brand","embeddable":true,"href":"https:\/\/mueller-trade.com\/fr\/wp-json\/wp\/v2\/pwb-brand?post=241141"},{"taxonomy":"product_cat","embeddable":true,"href":"https:\/\/mueller-trade.com\/fr\/wp-json\/wp\/v2\/product_cat?post=241141"},{"taxonomy":"product_tag","embeddable":true,"href":"https:\/\/mueller-trade.com\/fr\/wp-json\/wp\/v2\/product_tag?post=241141"}],"curies":[{"name":"wp","href":"https:\/\/api.w.org\/{rel}","templated":true}]}}