{"id":240687,"date":"2024-06-12T15:19:26","date_gmt":"2024-06-12T13:19:26","guid":{"rendered":"https:\/\/mueller-trade.com\/shop\/unkategorisiert\/latzschuerze-2\/"},"modified":"2024-10-28T19:07:42","modified_gmt":"2024-10-28T18:07:42","slug":"latzschuerze-3","status":"publish","type":"product","link":"https:\/\/mueller-trade.com\/fr\/shop\/service-cuisine-fr\/sk-tabliers-fr\/tabliers-bavette-sk-fr\/latzschuerze-3\/","title":{"rendered":"Latzsch\u00fcrze"},"content":{"rendered":"<\/p>\n<ul>\n<li>\n<ul>\n<li>Verstellbares Nackenband<\/li>\n<li>B\u00e4nder aus dem Grundstoff<\/li>\n<li>Aufh\u00e4ngerschlaufen<\/li>\n<\/ul>\n<ul>\n<li>Breite x H\u00f6he:<\/li>\n<li>70 x 100 cm<\/li>\n<\/ul>\n<ul>\n<li><\/li>\n<li>65% Polyester, 35% Baumwolle, 245 g\/m<sup>2<\/sup><\/li>\n<\/ul>\n<\/li>\n<\/ul>\n","protected":false},"excerpt":{"rendered":"<p>Verstellbares Nackenband B\u00e4nder aus dem Grundstoff Aufh\u00e4ngerschlaufen Breite x H\u00f6he: 70 x 100 cm 65% Polyester, 35% Baumwolle, 245 g\/m2 [&#8230;]<\/p>\n<p><a class=\"btn btn-secondary understrap-read-more-link\" href=\"https:\/\/mueller-trade.com\/fr\/shop\/service-cuisine-fr\/sk-tabliers-fr\/tabliers-bavette-sk-fr\/latzschuerze-3\/\">plus<span class=\"screen-reader-text\"> from Latzsch\u00fcrze<\/span><\/a><\/p>\n","protected":false},"featured_media":57199,"template":"","meta":{"_acf_changed":false,"inline_featured_image":false},"pwb-brand":[4559],"product_cat":[1262,3368,3460,3493,3490],"product_tag":[],"class_list":{"0":"post-240687","1":"product","2":"type-product","3":"status-publish","4":"has-post-thumbnail","6":"pwb-brand-kentaur-fr","7":"product_cat-tout","8":"product_cat-tabliers","9":"product_cat-service-cuisine-fr","10":"product_cat-tabliers-bavette-sk-fr","11":"product_cat-sk-tabliers-fr","12":"pa_color-100-blanc","13":"pa_color-205-sable-fonce","14":"pa_color-211-mocca-1","15":"pa_color-302-jaune","16":"pa_color-401-bordeaux-1","17":"pa_color-402-rouge","18":"pa_color-409-orange-1","19":"pa_color-519-blattgruen-1","20":"pa_color-522-lime-1","21":"pa_color-527-vert-chasse","22":"pa_color-601-comoblau-1","23":"pa_color-603-bleu-sailor","24":"pa_color-604-gris-bleu","25":"pa_color-700-noir","26":"pa_color-702-gris-graphite","27":"pa_color-709-charcoal-1","28":"pa_color-group-anthracite-gris","29":"pa_color-group-blanc","30":"pa_color-group-bleu","31":"pa_color-group-brun-beige","32":"pa_color-group-jaune-orange","33":"pa_color-group-noir","34":"pa_color-group-rouge-bordeaux","35":"pa_color-group-vert","36":"pa_gender-femmes","37":"pa_gender-hommes","38":"pa_size-international-70-x-100-cm","40":"first","41":"instock","42":"taxable","43":"shipping-taxable","44":"purchasable","45":"product-type-variable"},"yoast_head":"<title>Latzsch\u00fcrze - M\u00fcller Trade<\/title>\n<meta name=\"description\" content=\"Latzsch\u00fcrze - M\u00fcller Trade\" \/>\n<meta name=\"robots\" content=\"index, follow, max-snippet:-1, max-image-preview:large, max-video-preview:-1\" \/>\n<link rel=\"canonical\" href=\"https:\/\/mueller-trade.com\/fr\/shop\/service-cuisine-fr\/sk-tabliers-fr\/tabliers-bavette-sk-fr\/latzschuerze-3\/\" \/>\n<meta property=\"og:locale\" content=\"fr_FR\" \/>\n<meta property=\"og:type\" content=\"article\" \/>\n<meta property=\"og:title\" content=\"Latzsch\u00fcrze - M\u00fcller Trade\" \/>\n<meta property=\"og:description\" content=\"Latzsch\u00fcrze - M\u00fcller Trade\" \/>\n<meta property=\"og:url\" content=\"https:\/\/mueller-trade.com\/fr\/shop\/service-cuisine-fr\/sk-tabliers-fr\/tabliers-bavette-sk-fr\/latzschuerze-3\/\" \/>\n<meta property=\"og:site_name\" content=\"M\u00fcller Trade\" \/>\n<meta property=\"article:modified_time\" content=\"2024-10-28T18:07:42+00:00\" \/>\n<meta property=\"og:image\" content=\"https:\/\/mueller-trade.com\/wp-content\/uploads\/sites\/2\/30330-2-0-0-100-Lo-Res_1.jpg\" \/>\n\t<meta property=\"og:image:width\" content=\"800\" \/>\n\t<meta property=\"og:image:height\" content=\"1200\" \/>\n\t<meta property=\"og:image:type\" content=\"image\/jpeg\" \/>\n<meta name=\"twitter:card\" content=\"summary_large_image\" \/>\n<script type=\"application\/ld+json\" class=\"yoast-schema-graph\">{\"@context\":\"https:\/\/schema.org\",\"@graph\":[{\"@type\":\"WebPage\",\"@id\":\"https:\/\/mueller-trade.com\/fr\/shop\/service-cuisine-fr\/sk-tabliers-fr\/tabliers-bavette-sk-fr\/latzschuerze-3\/\",\"url\":\"https:\/\/mueller-trade.com\/fr\/shop\/service-cuisine-fr\/sk-tabliers-fr\/tabliers-bavette-sk-fr\/latzschuerze-3\/\",\"name\":\"Latzsch\u00fcrze - M\u00fcller Trade\",\"isPartOf\":{\"@id\":\"https:\/\/mueller-trade.com\/fr\/#website\"},\"primaryImageOfPage\":{\"@id\":\"https:\/\/mueller-trade.com\/fr\/shop\/service-cuisine-fr\/sk-tabliers-fr\/tabliers-bavette-sk-fr\/latzschuerze-3\/#primaryimage\"},\"image\":{\"@id\":\"https:\/\/mueller-trade.com\/fr\/shop\/service-cuisine-fr\/sk-tabliers-fr\/tabliers-bavette-sk-fr\/latzschuerze-3\/#primaryimage\"},\"thumbnailUrl\":\"https:\/\/mueller-trade.com\/wp-content\/uploads\/sites\/2\/30330-2-0-0-100-Lo-Res_1.jpg\",\"datePublished\":\"2024-06-12T13:19:26+00:00\",\"dateModified\":\"2024-10-28T18:07:42+00:00\",\"description\":\"Latzsch\u00fcrze - M\u00fcller Trade\",\"breadcrumb\":{\"@id\":\"https:\/\/mueller-trade.com\/fr\/shop\/service-cuisine-fr\/sk-tabliers-fr\/tabliers-bavette-sk-fr\/latzschuerze-3\/#breadcrumb\"},\"inLanguage\":\"fr-FR\",\"potentialAction\":[{\"@type\":\"ReadAction\",\"target\":[\"https:\/\/mueller-trade.com\/fr\/shop\/service-cuisine-fr\/sk-tabliers-fr\/tabliers-bavette-sk-fr\/latzschuerze-3\/\"]}]},{\"@type\":\"ImageObject\",\"inLanguage\":\"fr-FR\",\"@id\":\"https:\/\/mueller-trade.com\/fr\/shop\/service-cuisine-fr\/sk-tabliers-fr\/tabliers-bavette-sk-fr\/latzschuerze-3\/#primaryimage\",\"url\":\"https:\/\/mueller-trade.com\/wp-content\/uploads\/sites\/2\/30330-2-0-0-100-Lo-Res_1.jpg\",\"contentUrl\":\"https:\/\/mueller-trade.com\/wp-content\/uploads\/sites\/2\/30330-2-0-0-100-Lo-Res_1.jpg\",\"width\":800,\"height\":1200},{\"@type\":\"BreadcrumbList\",\"@id\":\"https:\/\/mueller-trade.com\/fr\/shop\/service-cuisine-fr\/sk-tabliers-fr\/tabliers-bavette-sk-fr\/latzschuerze-3\/#breadcrumb\",\"itemListElement\":[{\"@type\":\"ListItem\",\"position\":1,\"name\":\"Startseite\",\"item\":\"https:\/\/mueller-trade.com\/fr\/\"},{\"@type\":\"ListItem\",\"position\":2,\"name\":\"Shop\",\"item\":\"https:\/\/mueller-trade.com\/fr\/shop\/\"},{\"@type\":\"ListItem\",\"position\":3,\"name\":\"Latzsch\u00fcrze\"}]},{\"@type\":\"WebSite\",\"@id\":\"https:\/\/mueller-trade.com\/fr\/#website\",\"url\":\"https:\/\/mueller-trade.com\/fr\/\",\"name\":\"M\u00fcller Trade\",\"description\":\"VOTRE BOUTIQUE B2B DE V\u00caTEMENTS PROFESSIONNELS\",\"publisher\":{\"@id\":\"https:\/\/mueller-trade.com\/fr\/#organization\"},\"potentialAction\":[{\"@type\":\"SearchAction\",\"target\":{\"@type\":\"EntryPoint\",\"urlTemplate\":\"https:\/\/mueller-trade.com\/fr\/?s={search_term_string}\"},\"query-input\":{\"@type\":\"PropertyValueSpecification\",\"valueRequired\":true,\"valueName\":\"search_term_string\"}}],\"inLanguage\":\"fr-FR\"},{\"@type\":\"Organization\",\"@id\":\"https:\/\/mueller-trade.com\/fr\/#organization\",\"name\":\"M\u00fcller Trade Corporate Clothing\",\"url\":\"https:\/\/mueller-trade.com\/fr\/\",\"logo\":{\"@type\":\"ImageObject\",\"inLanguage\":\"fr-FR\",\"@id\":\"https:\/\/mueller-trade.com\/fr\/#\/schema\/logo\/image\/\",\"url\":\"https:\/\/mueller-trade.com\/wp-content\/uploads\/sites\/2\/cropped-cropped-mt-icon.png\",\"contentUrl\":\"https:\/\/mueller-trade.com\/wp-content\/uploads\/sites\/2\/cropped-cropped-mt-icon.png\",\"width\":512,\"height\":512,\"caption\":\"M\u00fcller Trade Corporate Clothing\"},\"image\":{\"@id\":\"https:\/\/mueller-trade.com\/fr\/#\/schema\/logo\/image\/\"}}]}<\/script>","yoast_head_json":{"title":"Latzsch\u00fcrze - M\u00fcller Trade","description":"Latzsch\u00fcrze - M\u00fcller Trade","robots":{"index":"index","follow":"follow","max-snippet":"max-snippet:-1","max-image-preview":"max-image-preview:large","max-video-preview":"max-video-preview:-1"},"canonical":"https:\/\/mueller-trade.com\/fr\/shop\/service-cuisine-fr\/sk-tabliers-fr\/tabliers-bavette-sk-fr\/latzschuerze-3\/","og_locale":"fr_FR","og_type":"article","og_title":"Latzsch\u00fcrze - M\u00fcller Trade","og_description":"Latzsch\u00fcrze - M\u00fcller Trade","og_url":"https:\/\/mueller-trade.com\/fr\/shop\/service-cuisine-fr\/sk-tabliers-fr\/tabliers-bavette-sk-fr\/latzschuerze-3\/","og_site_name":"M\u00fcller Trade","article_modified_time":"2024-10-28T18:07:42+00:00","og_image":[{"width":800,"height":1200,"url":"https:\/\/mueller-trade.com\/wp-content\/uploads\/sites\/2\/30330-2-0-0-100-Lo-Res_1.jpg","type":"image\/jpeg"}],"twitter_card":"summary_large_image","schema":{"@context":"https:\/\/schema.org","@graph":[{"@type":"WebPage","@id":"https:\/\/mueller-trade.com\/fr\/shop\/service-cuisine-fr\/sk-tabliers-fr\/tabliers-bavette-sk-fr\/latzschuerze-3\/","url":"https:\/\/mueller-trade.com\/fr\/shop\/service-cuisine-fr\/sk-tabliers-fr\/tabliers-bavette-sk-fr\/latzschuerze-3\/","name":"Latzsch\u00fcrze - M\u00fcller Trade","isPartOf":{"@id":"https:\/\/mueller-trade.com\/fr\/#website"},"primaryImageOfPage":{"@id":"https:\/\/mueller-trade.com\/fr\/shop\/service-cuisine-fr\/sk-tabliers-fr\/tabliers-bavette-sk-fr\/latzschuerze-3\/#primaryimage"},"image":{"@id":"https:\/\/mueller-trade.com\/fr\/shop\/service-cuisine-fr\/sk-tabliers-fr\/tabliers-bavette-sk-fr\/latzschuerze-3\/#primaryimage"},"thumbnailUrl":"https:\/\/mueller-trade.com\/wp-content\/uploads\/sites\/2\/30330-2-0-0-100-Lo-Res_1.jpg","datePublished":"2024-06-12T13:19:26+00:00","dateModified":"2024-10-28T18:07:42+00:00","description":"Latzsch\u00fcrze - M\u00fcller Trade","breadcrumb":{"@id":"https:\/\/mueller-trade.com\/fr\/shop\/service-cuisine-fr\/sk-tabliers-fr\/tabliers-bavette-sk-fr\/latzschuerze-3\/#breadcrumb"},"inLanguage":"fr-FR","potentialAction":[{"@type":"ReadAction","target":["https:\/\/mueller-trade.com\/fr\/shop\/service-cuisine-fr\/sk-tabliers-fr\/tabliers-bavette-sk-fr\/latzschuerze-3\/"]}]},{"@type":"ImageObject","inLanguage":"fr-FR","@id":"https:\/\/mueller-trade.com\/fr\/shop\/service-cuisine-fr\/sk-tabliers-fr\/tabliers-bavette-sk-fr\/latzschuerze-3\/#primaryimage","url":"https:\/\/mueller-trade.com\/wp-content\/uploads\/sites\/2\/30330-2-0-0-100-Lo-Res_1.jpg","contentUrl":"https:\/\/mueller-trade.com\/wp-content\/uploads\/sites\/2\/30330-2-0-0-100-Lo-Res_1.jpg","width":800,"height":1200},{"@type":"BreadcrumbList","@id":"https:\/\/mueller-trade.com\/fr\/shop\/service-cuisine-fr\/sk-tabliers-fr\/tabliers-bavette-sk-fr\/latzschuerze-3\/#breadcrumb","itemListElement":[{"@type":"ListItem","position":1,"name":"Startseite","item":"https:\/\/mueller-trade.com\/fr\/"},{"@type":"ListItem","position":2,"name":"Shop","item":"https:\/\/mueller-trade.com\/fr\/shop\/"},{"@type":"ListItem","position":3,"name":"Latzsch\u00fcrze"}]},{"@type":"WebSite","@id":"https:\/\/mueller-trade.com\/fr\/#website","url":"https:\/\/mueller-trade.com\/fr\/","name":"M\u00fcller Trade","description":"VOTRE BOUTIQUE B2B DE V\u00caTEMENTS PROFESSIONNELS","publisher":{"@id":"https:\/\/mueller-trade.com\/fr\/#organization"},"potentialAction":[{"@type":"SearchAction","target":{"@type":"EntryPoint","urlTemplate":"https:\/\/mueller-trade.com\/fr\/?s={search_term_string}"},"query-input":{"@type":"PropertyValueSpecification","valueRequired":true,"valueName":"search_term_string"}}],"inLanguage":"fr-FR"},{"@type":"Organization","@id":"https:\/\/mueller-trade.com\/fr\/#organization","name":"M\u00fcller Trade Corporate Clothing","url":"https:\/\/mueller-trade.com\/fr\/","logo":{"@type":"ImageObject","inLanguage":"fr-FR","@id":"https:\/\/mueller-trade.com\/fr\/#\/schema\/logo\/image\/","url":"https:\/\/mueller-trade.com\/wp-content\/uploads\/sites\/2\/cropped-cropped-mt-icon.png","contentUrl":"https:\/\/mueller-trade.com\/wp-content\/uploads\/sites\/2\/cropped-cropped-mt-icon.png","width":512,"height":512,"caption":"M\u00fcller Trade Corporate Clothing"},"image":{"@id":"https:\/\/mueller-trade.com\/fr\/#\/schema\/logo\/image\/"}}]}},"acf":[],"brands":[{"id":4559,"name":"Kentaur","slug":"kentaur-fr"}],"_links":{"self":[{"href":"https:\/\/mueller-trade.com\/fr\/wp-json\/wp\/v2\/product\/240687"}],"collection":[{"href":"https:\/\/mueller-trade.com\/fr\/wp-json\/wp\/v2\/product"}],"about":[{"href":"https:\/\/mueller-trade.com\/fr\/wp-json\/wp\/v2\/types\/product"}],"wp:featuredmedia":[{"embeddable":true,"href":"https:\/\/mueller-trade.com\/fr\/wp-json\/wp\/v2\/media\/57199"}],"wp:attachment":[{"href":"https:\/\/mueller-trade.com\/fr\/wp-json\/wp\/v2\/media?parent=240687"}],"wp:term":[{"taxonomy":"pwb-brand","embeddable":true,"href":"https:\/\/mueller-trade.com\/fr\/wp-json\/wp\/v2\/pwb-brand?post=240687"},{"taxonomy":"product_cat","embeddable":true,"href":"https:\/\/mueller-trade.com\/fr\/wp-json\/wp\/v2\/product_cat?post=240687"},{"taxonomy":"product_tag","embeddable":true,"href":"https:\/\/mueller-trade.com\/fr\/wp-json\/wp\/v2\/product_tag?post=240687"}],"curies":[{"name":"wp","href":"https:\/\/api.w.org\/{rel}","templated":true}]}}