{"id":237858,"date":"2024-06-12T06:14:49","date_gmt":"2024-06-12T04:14:49","guid":{"rendered":"https:\/\/mueller-trade.com\/shop\/unkategorisiert\/blazer-femme\/"},"modified":"2025-09-01T10:07:27","modified_gmt":"2025-09-01T08:07:27","slug":"blazer-femme-3","status":"publish","type":"product","link":"https:\/\/mueller-trade.com\/fr\/shop\/corporate-wear-fr\/blazers-vestes-cw-fr\/zip-cw-fr\/blazer-femme-3\/","title":{"rendered":"Blazer femme"},"content":{"rendered":"<\/p>\n<ul>\n<li>forme moderne, l\u00e9g\u00e8rement cintr\u00e9e<\/li>\n<li>encolure arrondie<\/li>\n<li>avec zip<\/li>\n<li>2 poches<\/li>\n<li>1 poche int\u00e9rieure \u00e0 fermeture \u00c9clair<\/li>\n<li>point \u00e0 la main AMF<\/li>\n<li>doubl\u00e9<\/li>\n<li>Longueur de dos 60\u00a0cm\/Tailles 38<\/li>\n<\/ul>\n<p>Tailles 32 &#8211; 52<\/p>\n<ul>\n<li>52% polyester, 46% laine vierge, 2% \u00e9lasthanne<\/li>\n<li>Doublure\u00a0: 100% polyester<\/li>\n<\/ul>\n<p class=\"care-icons\">f 9 4 i_-<\/p><\/p>\n","protected":false},"excerpt":{"rendered":"<p>forme moderne, l\u00e9g\u00e8rement cintr\u00e9e encolure arrondie avec zip 2 poches 1 poche int\u00e9rieure \u00e0 fermeture \u00c9clair point \u00e0 la main AMF doubl\u00e9 Longueur de dos 60\u00a0cm\/Tailles 38 Tailles 32 &#8211; 52 52% polyester, 46% laine vierge, 2% \u00e9lasthanne Doublure\u00a0: 100% polyester f 9 4 i_- [&#8230;]<\/p>\n<p><a class=\"btn btn-secondary understrap-read-more-link\" href=\"https:\/\/mueller-trade.com\/fr\/shop\/corporate-wear-fr\/blazers-vestes-cw-fr\/zip-cw-fr\/blazer-femme-3\/\">plus<span class=\"screen-reader-text\"> from Blazer femme<\/span><\/a><\/p>\n","protected":false},"featured_media":52562,"template":"","meta":{"_acf_changed":false,"inline_featured_image":false},"pwb-brand":[4547],"product_cat":[1267,1262,1264,3416,3426,3423],"product_tag":[4542],"class_list":{"0":"post-237858","1":"product","2":"type-product","3":"status-publish","4":"has-post-thumbnail","6":"pwb-brand-greiff-fr","7":"product_cat-fermeture-eclair-all","8":"product_cat-tout","9":"product_cat-blazers-vestes","10":"product_cat-corporate-wear-fr","11":"product_cat-zip-cw-fr","12":"product_cat-blazers-vestes-cw-fr","13":"product_tag-veste","14":"pa_color-010-noir","15":"pa_color-014-gris-clair","16":"pa_color-021-bleu-fonce","17":"pa_color-group-anthracite-gris","18":"pa_color-group-bleu","19":"pa_color-group-noir","20":"pa_fit-regular-fit","21":"pa_gender-femmes","23":"first","24":"instock","25":"taxable","26":"shipping-taxable","27":"purchasable","28":"product-type-variable"},"yoast_head":"<title>Blazer femme - M\u00fcller Trade<\/title>\n<meta name=\"description\" content=\"Blazer femme - M\u00fcller Trade\" \/>\n<meta name=\"robots\" content=\"index, follow, max-snippet:-1, max-image-preview:large, max-video-preview:-1\" \/>\n<link rel=\"canonical\" href=\"https:\/\/mueller-trade.com\/fr\/shop\/corporate-wear-fr\/blazers-vestes-cw-fr\/zip-cw-fr\/blazer-femme-3\/\" \/>\n<meta property=\"og:locale\" content=\"fr_FR\" \/>\n<meta property=\"og:type\" content=\"article\" \/>\n<meta property=\"og:title\" content=\"Blazer femme - M\u00fcller Trade\" \/>\n<meta property=\"og:description\" content=\"Blazer femme - M\u00fcller Trade\" \/>\n<meta property=\"og:url\" content=\"https:\/\/mueller-trade.com\/fr\/shop\/corporate-wear-fr\/blazers-vestes-cw-fr\/zip-cw-fr\/blazer-femme-3\/\" \/>\n<meta property=\"og:site_name\" content=\"M\u00fcller Trade\" \/>\n<meta property=\"article:modified_time\" content=\"2025-09-01T08:07:27+00:00\" \/>\n<meta property=\"og:image\" content=\"https:\/\/mueller-trade.com\/wp-content\/uploads\/sites\/2\/1429_2820_021_V.jpg\" \/>\n\t<meta property=\"og:image:width\" content=\"750\" \/>\n\t<meta property=\"og:image:height\" content=\"1125\" \/>\n\t<meta property=\"og:image:type\" content=\"image\/jpeg\" \/>\n<meta name=\"twitter:card\" content=\"summary_large_image\" \/>\n<script type=\"application\/ld+json\" class=\"yoast-schema-graph\">{\"@context\":\"https:\/\/schema.org\",\"@graph\":[{\"@type\":\"WebPage\",\"@id\":\"https:\/\/mueller-trade.com\/fr\/shop\/corporate-wear-fr\/blazers-vestes-cw-fr\/zip-cw-fr\/blazer-femme-3\/\",\"url\":\"https:\/\/mueller-trade.com\/fr\/shop\/corporate-wear-fr\/blazers-vestes-cw-fr\/zip-cw-fr\/blazer-femme-3\/\",\"name\":\"Blazer femme - M\u00fcller Trade\",\"isPartOf\":{\"@id\":\"https:\/\/mueller-trade.com\/fr\/#website\"},\"primaryImageOfPage\":{\"@id\":\"https:\/\/mueller-trade.com\/fr\/shop\/corporate-wear-fr\/blazers-vestes-cw-fr\/zip-cw-fr\/blazer-femme-3\/#primaryimage\"},\"image\":{\"@id\":\"https:\/\/mueller-trade.com\/fr\/shop\/corporate-wear-fr\/blazers-vestes-cw-fr\/zip-cw-fr\/blazer-femme-3\/#primaryimage\"},\"thumbnailUrl\":\"https:\/\/mueller-trade.com\/wp-content\/uploads\/sites\/2\/1429_2820_021_V.jpg\",\"datePublished\":\"2024-06-12T04:14:49+00:00\",\"dateModified\":\"2025-09-01T08:07:27+00:00\",\"description\":\"Blazer femme - M\u00fcller Trade\",\"breadcrumb\":{\"@id\":\"https:\/\/mueller-trade.com\/fr\/shop\/corporate-wear-fr\/blazers-vestes-cw-fr\/zip-cw-fr\/blazer-femme-3\/#breadcrumb\"},\"inLanguage\":\"fr-FR\",\"potentialAction\":[{\"@type\":\"ReadAction\",\"target\":[\"https:\/\/mueller-trade.com\/fr\/shop\/corporate-wear-fr\/blazers-vestes-cw-fr\/zip-cw-fr\/blazer-femme-3\/\"]}]},{\"@type\":\"ImageObject\",\"inLanguage\":\"fr-FR\",\"@id\":\"https:\/\/mueller-trade.com\/fr\/shop\/corporate-wear-fr\/blazers-vestes-cw-fr\/zip-cw-fr\/blazer-femme-3\/#primaryimage\",\"url\":\"https:\/\/mueller-trade.com\/wp-content\/uploads\/sites\/2\/1429_2820_021_V.jpg\",\"contentUrl\":\"https:\/\/mueller-trade.com\/wp-content\/uploads\/sites\/2\/1429_2820_021_V.jpg\",\"width\":750,\"height\":1125},{\"@type\":\"BreadcrumbList\",\"@id\":\"https:\/\/mueller-trade.com\/fr\/shop\/corporate-wear-fr\/blazers-vestes-cw-fr\/zip-cw-fr\/blazer-femme-3\/#breadcrumb\",\"itemListElement\":[{\"@type\":\"ListItem\",\"position\":1,\"name\":\"Startseite\",\"item\":\"https:\/\/mueller-trade.com\/fr\/\"},{\"@type\":\"ListItem\",\"position\":2,\"name\":\"Shop\",\"item\":\"https:\/\/mueller-trade.com\/fr\/shop\/\"},{\"@type\":\"ListItem\",\"position\":3,\"name\":\"Blazer femme\"}]},{\"@type\":\"WebSite\",\"@id\":\"https:\/\/mueller-trade.com\/fr\/#website\",\"url\":\"https:\/\/mueller-trade.com\/fr\/\",\"name\":\"M\u00fcller Trade\",\"description\":\"VOTRE BOUTIQUE B2B DE V\u00caTEMENTS PROFESSIONNELS\",\"publisher\":{\"@id\":\"https:\/\/mueller-trade.com\/fr\/#organization\"},\"potentialAction\":[{\"@type\":\"SearchAction\",\"target\":{\"@type\":\"EntryPoint\",\"urlTemplate\":\"https:\/\/mueller-trade.com\/fr\/?s={search_term_string}\"},\"query-input\":{\"@type\":\"PropertyValueSpecification\",\"valueRequired\":true,\"valueName\":\"search_term_string\"}}],\"inLanguage\":\"fr-FR\"},{\"@type\":\"Organization\",\"@id\":\"https:\/\/mueller-trade.com\/fr\/#organization\",\"name\":\"M\u00fcller Trade Corporate Clothing\",\"url\":\"https:\/\/mueller-trade.com\/fr\/\",\"logo\":{\"@type\":\"ImageObject\",\"inLanguage\":\"fr-FR\",\"@id\":\"https:\/\/mueller-trade.com\/fr\/#\/schema\/logo\/image\/\",\"url\":\"https:\/\/mueller-trade.com\/wp-content\/uploads\/sites\/2\/cropped-cropped-mt-icon.png\",\"contentUrl\":\"https:\/\/mueller-trade.com\/wp-content\/uploads\/sites\/2\/cropped-cropped-mt-icon.png\",\"width\":512,\"height\":512,\"caption\":\"M\u00fcller Trade Corporate Clothing\"},\"image\":{\"@id\":\"https:\/\/mueller-trade.com\/fr\/#\/schema\/logo\/image\/\"}}]}<\/script>","yoast_head_json":{"title":"Blazer femme - M\u00fcller Trade","description":"Blazer femme - M\u00fcller Trade","robots":{"index":"index","follow":"follow","max-snippet":"max-snippet:-1","max-image-preview":"max-image-preview:large","max-video-preview":"max-video-preview:-1"},"canonical":"https:\/\/mueller-trade.com\/fr\/shop\/corporate-wear-fr\/blazers-vestes-cw-fr\/zip-cw-fr\/blazer-femme-3\/","og_locale":"fr_FR","og_type":"article","og_title":"Blazer femme - M\u00fcller Trade","og_description":"Blazer femme - M\u00fcller Trade","og_url":"https:\/\/mueller-trade.com\/fr\/shop\/corporate-wear-fr\/blazers-vestes-cw-fr\/zip-cw-fr\/blazer-femme-3\/","og_site_name":"M\u00fcller Trade","article_modified_time":"2025-09-01T08:07:27+00:00","og_image":[{"width":750,"height":1125,"url":"https:\/\/mueller-trade.com\/wp-content\/uploads\/sites\/2\/1429_2820_021_V.jpg","type":"image\/jpeg"}],"twitter_card":"summary_large_image","schema":{"@context":"https:\/\/schema.org","@graph":[{"@type":"WebPage","@id":"https:\/\/mueller-trade.com\/fr\/shop\/corporate-wear-fr\/blazers-vestes-cw-fr\/zip-cw-fr\/blazer-femme-3\/","url":"https:\/\/mueller-trade.com\/fr\/shop\/corporate-wear-fr\/blazers-vestes-cw-fr\/zip-cw-fr\/blazer-femme-3\/","name":"Blazer femme - M\u00fcller Trade","isPartOf":{"@id":"https:\/\/mueller-trade.com\/fr\/#website"},"primaryImageOfPage":{"@id":"https:\/\/mueller-trade.com\/fr\/shop\/corporate-wear-fr\/blazers-vestes-cw-fr\/zip-cw-fr\/blazer-femme-3\/#primaryimage"},"image":{"@id":"https:\/\/mueller-trade.com\/fr\/shop\/corporate-wear-fr\/blazers-vestes-cw-fr\/zip-cw-fr\/blazer-femme-3\/#primaryimage"},"thumbnailUrl":"https:\/\/mueller-trade.com\/wp-content\/uploads\/sites\/2\/1429_2820_021_V.jpg","datePublished":"2024-06-12T04:14:49+00:00","dateModified":"2025-09-01T08:07:27+00:00","description":"Blazer femme - M\u00fcller Trade","breadcrumb":{"@id":"https:\/\/mueller-trade.com\/fr\/shop\/corporate-wear-fr\/blazers-vestes-cw-fr\/zip-cw-fr\/blazer-femme-3\/#breadcrumb"},"inLanguage":"fr-FR","potentialAction":[{"@type":"ReadAction","target":["https:\/\/mueller-trade.com\/fr\/shop\/corporate-wear-fr\/blazers-vestes-cw-fr\/zip-cw-fr\/blazer-femme-3\/"]}]},{"@type":"ImageObject","inLanguage":"fr-FR","@id":"https:\/\/mueller-trade.com\/fr\/shop\/corporate-wear-fr\/blazers-vestes-cw-fr\/zip-cw-fr\/blazer-femme-3\/#primaryimage","url":"https:\/\/mueller-trade.com\/wp-content\/uploads\/sites\/2\/1429_2820_021_V.jpg","contentUrl":"https:\/\/mueller-trade.com\/wp-content\/uploads\/sites\/2\/1429_2820_021_V.jpg","width":750,"height":1125},{"@type":"BreadcrumbList","@id":"https:\/\/mueller-trade.com\/fr\/shop\/corporate-wear-fr\/blazers-vestes-cw-fr\/zip-cw-fr\/blazer-femme-3\/#breadcrumb","itemListElement":[{"@type":"ListItem","position":1,"name":"Startseite","item":"https:\/\/mueller-trade.com\/fr\/"},{"@type":"ListItem","position":2,"name":"Shop","item":"https:\/\/mueller-trade.com\/fr\/shop\/"},{"@type":"ListItem","position":3,"name":"Blazer femme"}]},{"@type":"WebSite","@id":"https:\/\/mueller-trade.com\/fr\/#website","url":"https:\/\/mueller-trade.com\/fr\/","name":"M\u00fcller Trade","description":"VOTRE BOUTIQUE B2B DE V\u00caTEMENTS PROFESSIONNELS","publisher":{"@id":"https:\/\/mueller-trade.com\/fr\/#organization"},"potentialAction":[{"@type":"SearchAction","target":{"@type":"EntryPoint","urlTemplate":"https:\/\/mueller-trade.com\/fr\/?s={search_term_string}"},"query-input":{"@type":"PropertyValueSpecification","valueRequired":true,"valueName":"search_term_string"}}],"inLanguage":"fr-FR"},{"@type":"Organization","@id":"https:\/\/mueller-trade.com\/fr\/#organization","name":"M\u00fcller Trade Corporate Clothing","url":"https:\/\/mueller-trade.com\/fr\/","logo":{"@type":"ImageObject","inLanguage":"fr-FR","@id":"https:\/\/mueller-trade.com\/fr\/#\/schema\/logo\/image\/","url":"https:\/\/mueller-trade.com\/wp-content\/uploads\/sites\/2\/cropped-cropped-mt-icon.png","contentUrl":"https:\/\/mueller-trade.com\/wp-content\/uploads\/sites\/2\/cropped-cropped-mt-icon.png","width":512,"height":512,"caption":"M\u00fcller Trade Corporate Clothing"},"image":{"@id":"https:\/\/mueller-trade.com\/fr\/#\/schema\/logo\/image\/"}}]}},"acf":[],"brands":[{"id":4547,"name":"Greiff","slug":"greiff-fr"}],"_links":{"self":[{"href":"https:\/\/mueller-trade.com\/fr\/wp-json\/wp\/v2\/product\/237858"}],"collection":[{"href":"https:\/\/mueller-trade.com\/fr\/wp-json\/wp\/v2\/product"}],"about":[{"href":"https:\/\/mueller-trade.com\/fr\/wp-json\/wp\/v2\/types\/product"}],"wp:featuredmedia":[{"embeddable":true,"href":"https:\/\/mueller-trade.com\/fr\/wp-json\/wp\/v2\/media\/52562"}],"wp:attachment":[{"href":"https:\/\/mueller-trade.com\/fr\/wp-json\/wp\/v2\/media?parent=237858"}],"wp:term":[{"taxonomy":"pwb-brand","embeddable":true,"href":"https:\/\/mueller-trade.com\/fr\/wp-json\/wp\/v2\/pwb-brand?post=237858"},{"taxonomy":"product_cat","embeddable":true,"href":"https:\/\/mueller-trade.com\/fr\/wp-json\/wp\/v2\/product_cat?post=237858"},{"taxonomy":"product_tag","embeddable":true,"href":"https:\/\/mueller-trade.com\/fr\/wp-json\/wp\/v2\/product_tag?post=237858"}],"curies":[{"name":"wp","href":"https:\/\/api.w.org\/{rel}","templated":true}]}}