{"id":12391,"date":"2024-04-05T11:35:38","date_gmt":"2024-04-05T09:35:38","guid":{"rendered":"https:\/\/mueller-trade.com\/marques\/"},"modified":"2024-09-26T17:26:16","modified_gmt":"2024-09-26T15:26:16","slug":"marques","status":"publish","type":"page","link":"https:\/\/mueller-trade.com\/fr\/marques\/","title":{"rendered":"Marques"},"content":{"rendered":"<div class=\"container page-header\"><h2 class=\"wp-block-heading has-text-align-center page-teaser\"><strong>Nous sommes synonymes de disponibilit\u00e9 rapide dans les qualit\u00e9s les plus diverses, m\u00eame en petites quantit\u00e9s et \u00e0 des prix avantageux.<\/strong><\/h2><\/div><div class=\"container-fluid has-gray-light-background-color has-background\"><div class=\"container\">\n\n<div class=\"brands-listing\"><div class=\"listing-item\"><div class=\"image\"><img decoding=\"async\" width=\"144\" height=\"96\" src=\"https:\/\/mueller-trade.com\/wp-content\/uploads\/sites\/2\/balneo-144x96-1.png\" class=\"attachment-full size-full\" alt=\"Balneo Spa\" \/><\/div>\n                <div class=\"title\">\n                    <a href=\"https:\/\/mueller-trade.com\/fr\/marke\/balneo-fr\/\" alt=\"View all posts in Balneo\">Des coupes fantaisistes et des mati\u00e8res agr\u00e9ables \u00e0 porter<\/a>\n                <\/div>\n                <!--<div class=\"description\">Des coupes fantaisistes et des mati\u00e8res agr\u00e9ables \u00e0 porter<\/div>--><\/div><div class=\"listing-item\"><div class=\"image\"><img decoding=\"async\" width=\"400\" height=\"120\" src=\"https:\/\/mueller-trade.com\/wp-content\/uploads\/sites\/2\/bleed-logo-1.png\" class=\"attachment-full size-full\" alt=\"Bleed Clothing\" \/><\/div>\n                <div class=\"title\">\n                    <a href=\"https:\/\/mueller-trade.com\/fr\/marke\/bleed-fr\/\" alt=\"View all posts in Bleed\">BLEED<\/a>\n                <\/div>\n                <!--<div class=\"description\">BLEED<\/div>--><\/div><div class=\"listing-item\"><div class=\"image\"><img decoding=\"async\" width=\"144\" height=\"89\" src=\"https:\/\/mueller-trade.com\/wp-content\/uploads\/sites\/2\/BP-Logo-144x89-1.png\" class=\"attachment-full size-full\" alt=\"BP Logo\" \/><\/div>\n                <div class=\"title\">\n                    <a href=\"https:\/\/mueller-trade.com\/fr\/marke\/bp-fr\/\" alt=\"View all posts in BP\">D\u00e9sol\u00e9, cet article est seulement disponible en Allemand.<\/a>\n                <\/div>\n                <!--<div class=\"description\">D\u00e9sol\u00e9, cet article est seulement disponible en Allemand.<\/div>--><\/div><div class=\"listing-item\"><div class=\"image\"><img decoding=\"async\" width=\"144\" height=\"96\" src=\"https:\/\/mueller-trade.com\/wp-content\/uploads\/sites\/2\/carpasus-144x96-1.png\" class=\"attachment-full size-full\" alt=\"Carpasus\" \/><\/div>\n                <div class=\"title\">\n                    <a href=\"https:\/\/mueller-trade.com\/fr\/marke\/carpasus-fr\/\" alt=\"View all posts in Carpasus\">Chemises durables et avec style\r\n<\/a>\n                <\/div>\n                <!--<div class=\"description\">Chemises durables et avec style\r\n<\/div>--><\/div><div class=\"listing-item\"><div class=\"image\"><img decoding=\"async\" width=\"144\" height=\"96\" src=\"https:\/\/mueller-trade.com\/wp-content\/uploads\/sites\/2\/cg-1-144x96-1.png\" class=\"attachment-full size-full\" alt=\"CG Workwear\" \/><\/div>\n                <div class=\"title\">\n                    <a href=\"https:\/\/mueller-trade.com\/fr\/marke\/cg-fr\/\" alt=\"View all posts in CG\">Qualit\u00e9 garantie pour une grande diversit\u00e9 de v\u00eatements<\/a>\n                <\/div>\n                <!--<div class=\"description\">Qualit\u00e9 garantie pour une grande diversit\u00e9 de v\u00eatements<\/div>--><\/div><div class=\"listing-item\"><div class=\"image\"><img decoding=\"async\" width=\"144\" height=\"96\" src=\"https:\/\/mueller-trade.com\/wp-content\/uploads\/sites\/2\/cg-1-144x96-1.png\" class=\"attachment-full size-full\" alt=\"CG Workwear\" \/><\/div>\n                <div class=\"title\">\n                    <a href=\"https:\/\/mueller-trade.com\/fr\/marke\/cg-workwear-fr\/\" alt=\"View all posts in CG Workwear\">Qualit\u00e9 garantie pour une grande diversit\u00e9 de v\u00eatements<\/a>\n                <\/div>\n                <!--<div class=\"description\">Qualit\u00e9 garantie pour une grande diversit\u00e9 de v\u00eatements<\/div>--><\/div><div class=\"listing-item\"><div class=\"image\"><img decoding=\"async\" width=\"109\" height=\"83\" src=\"https:\/\/mueller-trade.com\/wp-content\/uploads\/sites\/2\/chaud-devant-144x96-1-e1715180341496.png\" class=\"attachment-full size-full\" alt=\"Chaud Devant\" \/><\/div>\n                <div class=\"title\">\n                    <a href=\"https:\/\/mueller-trade.com\/fr\/marke\/chaud-devant\/\" alt=\"View all posts in Chaud Devant\">V\u00eatements de cuisine et service \u00e0 la mode<\/a>\n                <\/div>\n                <!--<div class=\"description\">V\u00eatements de cuisine et service \u00e0 la mode<\/div>--><\/div><div class=\"listing-item\"><div class=\"image\"><img decoding=\"async\" width=\"218\" height=\"62\" src=\"https:\/\/mueller-trade.com\/wp-content\/uploads\/sites\/2\/clipper-logo.png\" class=\"attachment-full size-full\" alt=\"Clipper\" \/><\/div>\n                <div class=\"title\">\n                    <a href=\"https:\/\/mueller-trade.com\/fr\/marke\/clipper-fr\/\" alt=\"View all posts in Clipper\">Clipper<\/a>\n                <\/div>\n                <!--<div class=\"description\">Clipper<\/div>--><\/div><div class=\"listing-item\"><div class=\"image\"><img decoding=\"async\" width=\"144\" height=\"96\" src=\"https:\/\/mueller-trade.com\/wp-content\/uploads\/sites\/2\/cutterandbuck-144x96-1.png\" class=\"attachment-full size-full\" alt=\"CUTTER &amp; BUCK\" \/><\/div>\n                <div class=\"title\">\n                    <a href=\"https:\/\/mueller-trade.com\/fr\/marke\/cutter-buck\/\" alt=\"View all posts in Cutter &amp; Buck\">Fabricant de v\u00eatements de golf professionnels qui conviennent parfaitement comme v\u00eatements de travail.<\/a>\n                <\/div>\n                <!--<div class=\"description\">Fabricant de v\u00eatements de golf professionnels qui conviennent parfaitement comme v\u00eatements de travail.<\/div>--><\/div><div class=\"listing-item\"><div class=\"image\"><img decoding=\"async\" width=\"144\" height=\"96\" src=\"https:\/\/mueller-trade.com\/wp-content\/uploads\/sites\/2\/deberkel-144x96-1.png\" class=\"attachment-full size-full\" alt=\"Berkel\" \/><\/div>\n                <div class=\"title\">\n                    <a href=\"https:\/\/mueller-trade.com\/fr\/marke\/de-berkel\/\" alt=\"View all posts in De Berkel\">Des v\u00eatements de travail color\u00e9s en provenance des Pays-Bas<\/a>\n                <\/div>\n                <!--<div class=\"description\">Des v\u00eatements de travail color\u00e9s en provenance des Pays-Bas<\/div>--><\/div><div class=\"listing-item\"><div class=\"image\"><img decoding=\"async\" width=\"144\" height=\"96\" src=\"https:\/\/mueller-trade.com\/wp-content\/uploads\/sites\/2\/eterna-144x96-1-png.webp\" class=\"attachment-full size-full\" alt=\"Eterna\" \/><\/div>\n                <div class=\"title\">\n                    <a href=\"https:\/\/mueller-trade.com\/fr\/marke\/eterna-fr\/\" alt=\"View all posts in Eterna\">Chemises et chemisiers de production europ\u00e9enne et de qualit\u00e9 garantie<\/a>\n                <\/div>\n                <!--<div class=\"description\">Chemises et chemisiers de production europ\u00e9enne et de qualit\u00e9 garantie<\/div>--><\/div><div class=\"listing-item\"><div class=\"image\"><img decoding=\"async\" width=\"144\" height=\"96\" src=\"https:\/\/mueller-trade.com\/wp-content\/uploads\/sites\/2\/giblors-144x96-1.png\" class=\"attachment-full size-full\" alt=\"Giblors\" \/><\/div>\n                <div class=\"title\">\n                    <a href=\"https:\/\/mueller-trade.com\/fr\/marke\/giblors-fr\/\" alt=\"View all posts in Giblor\u2019s\">V\u00eatements de travail styl\u00e9s au charme italien<\/a>\n                <\/div>\n                <!--<div class=\"description\">V\u00eatements de travail styl\u00e9s au charme italien<\/div>--><\/div><div class=\"listing-item\"><div class=\"image\"><img decoding=\"async\" width=\"144\" height=\"96\" src=\"https:\/\/mueller-trade.com\/wp-content\/uploads\/sites\/2\/goodsociety-144x96-1.png\" class=\"attachment-full size-full\" alt=\"goodsociety\" \/><\/div>\n                <div class=\"title\">\n                    <a href=\"https:\/\/mueller-trade.com\/fr\/marke\/goodsociety-fr\/\" alt=\"View all posts in goodsociety\">Jeans styl\u00e9s en coton bio dans diff\u00e9rentes coupes<\/a>\n                <\/div>\n                <!--<div class=\"description\">Jeans styl\u00e9s en coton bio dans diff\u00e9rentes coupes<\/div>--><\/div><div class=\"listing-item\"><div class=\"image\"><img decoding=\"async\" width=\"144\" height=\"96\" src=\"https:\/\/mueller-trade.com\/wp-content\/uploads\/sites\/2\/greiff-144x96-1.png\" class=\"attachment-full size-full\" alt=\"Greiff\" \/><\/div>\n                <div class=\"title\">\n                    <a href=\"https:\/\/mueller-trade.com\/fr\/marke\/greiff-fr\/\" alt=\"View all posts in Greiff\">Corporate Wear aux coupes parfaites et dans de nombreuses tailles<\/a>\n                <\/div>\n                <!--<div class=\"description\">Corporate Wear aux coupes parfaites et dans de nombreuses tailles<\/div>--><\/div><div class=\"listing-item\"><div class=\"image\"><img decoding=\"async\" width=\"144\" height=\"96\" src=\"https:\/\/mueller-trade.com\/wp-content\/uploads\/sites\/2\/hakro-144x96-1.png\" class=\"attachment-full size-full\" alt=\"Hakro\" \/><\/div>\n                <div class=\"title\">\n                    <a href=\"https:\/\/mueller-trade.com\/fr\/marke\/hakro-fr\/\" alt=\"View all posts in Hakro\">Des produits bien pens\u00e9s jusque dans les moindres d\u00e9tails, dans un \u00e9norme choix de couleurs<\/a>\n                <\/div>\n                <!--<div class=\"description\">Des produits bien pens\u00e9s jusque dans les moindres d\u00e9tails, dans un \u00e9norme choix de couleurs<\/div>--><\/div><div class=\"listing-item\"><div class=\"image\"><img decoding=\"async\" width=\"144\" height=\"96\" src=\"https:\/\/mueller-trade.com\/wp-content\/uploads\/sites\/2\/logo_ID-144x96-1.png\" class=\"attachment-full size-full\" alt=\"ID Identity\" \/><\/div>\n                <div class=\"title\">\n                    <a href=\"https:\/\/mueller-trade.com\/fr\/marke\/id-identity-fr\/\" alt=\"View all posts in ID Identity\">Un design intemporel avec une touche de modernit\u00e9<\/a>\n                <\/div>\n                <!--<div class=\"description\">Un design intemporel avec une touche de modernit\u00e9<\/div>--><\/div><div class=\"listing-item\"><div class=\"image\"><img decoding=\"async\" width=\"144\" height=\"96\" src=\"https:\/\/mueller-trade.com\/wp-content\/uploads\/sites\/2\/harvest-frost-144x96-1.png\" class=\"attachment-full size-full\" alt=\"James Harvest &amp; Frost\" \/><\/div>\n                <div class=\"title\">\n                    <a href=\"https:\/\/mueller-trade.com\/fr\/marke\/j-harvest-frost-fr\/\" alt=\"View all posts in J.HARVEST &amp; FROST\">Chemises de la plus haute qualit\u00e9 avec une coupe et un toucher parfaits<\/a>\n                <\/div>\n                <!--<div class=\"description\">Chemises de la plus haute qualit\u00e9 avec une coupe et un toucher parfaits<\/div>--><\/div><div class=\"listing-item\"><div class=\"image\"><img decoding=\"async\" width=\"1111\" height=\"173\" src=\"https:\/\/mueller-trade.com\/wp-content\/uploads\/sites\/2\/james-harvest-logo.png\" class=\"attachment-full size-full\" alt=\"James Harvest\" srcset=\"https:\/\/mueller-trade.com\/wp-content\/uploads\/sites\/2\/james-harvest-logo.png 1111w, https:\/\/mueller-trade.com\/wp-content\/uploads\/sites\/2\/james-harvest-logo-400x62.png 400w, https:\/\/mueller-trade.com\/wp-content\/uploads\/sites\/2\/james-harvest-logo-800x125.png 800w, https:\/\/mueller-trade.com\/wp-content\/uploads\/sites\/2\/james-harvest-logo-150x23.png 150w, https:\/\/mueller-trade.com\/wp-content\/uploads\/sites\/2\/james-harvest-logo-768x120.png 768w, https:\/\/mueller-trade.com\/wp-content\/uploads\/sites\/2\/james-harvest-logo-300x47.png 300w, https:\/\/mueller-trade.com\/wp-content\/uploads\/sites\/2\/james-harvest-logo-600x93.png 600w\" sizes=\"(max-width: 1111px) 100vw, 1111px\" \/><\/div>\n                <div class=\"title\">\n                    <a href=\"https:\/\/mueller-trade.com\/fr\/marke\/james-harvest-fr\/\" alt=\"View all posts in James Harvest\">Les chemises et chemisiers \u00e0 la mode<\/a>\n                <\/div>\n                <!--<div class=\"description\">Les chemises et chemisiers \u00e0 la mode<\/div>--><\/div><div class=\"listing-item\"><div class=\"image\"><img decoding=\"async\" width=\"144\" height=\"96\" src=\"https:\/\/mueller-trade.com\/wp-content\/uploads\/sites\/2\/KARLOWSKY2-144x96-1.png\" class=\"attachment-full size-full\" alt=\"Karlowsky\" \/><\/div>\n                <div class=\"title\">\n                    <a href=\"https:\/\/mueller-trade.com\/fr\/marke\/karlowsky-fr\/\" alt=\"View all posts in Karlowsky\">Produits de qualit\u00e9 sup\u00e9rieure pour la restauration et l&#039;h\u00f4tellerie professionnelles<\/a>\n                <\/div>\n                <!--<div class=\"description\">Produits de qualit\u00e9 sup\u00e9rieure pour la restauration et l'h\u00f4tellerie professionnelles<\/div>--><\/div><div class=\"listing-item\"><div class=\"image\"><img decoding=\"async\" width=\"144\" height=\"96\" src=\"https:\/\/mueller-trade.com\/wp-content\/uploads\/sites\/2\/kentaur-1-144x96-1.png\" class=\"attachment-full size-full\" alt=\"kentaur\" \/><\/div>\n                <div class=\"title\">\n                    <a href=\"https:\/\/mueller-trade.com\/fr\/marke\/kentaur-fr\/\" alt=\"View all posts in Kentaur\">Des v\u00eatements de travail innovants et styl\u00e9s en provenance du Danemark<\/a>\n                <\/div>\n                <!--<div class=\"description\">Des v\u00eatements de travail innovants et styl\u00e9s en provenance du Danemark<\/div>--><\/div><div class=\"listing-item\"><div class=\"image\"><img decoding=\"async\" width=\"144\" height=\"96\" src=\"https:\/\/mueller-trade.com\/wp-content\/uploads\/sites\/2\/printer2-144x96-1.png\" class=\"attachment-full size-full\" alt=\"Printer Active Wear\" \/><\/div>\n                <div class=\"title\">\n                    <a href=\"https:\/\/mueller-trade.com\/fr\/marke\/printer-fr\/\" alt=\"View all posts in Printer\">Active Wear<\/a>\n                <\/div>\n                <!--<div class=\"description\">Active Wear<\/div>--><\/div><div class=\"listing-item\"><div class=\"image\"><img decoding=\"async\" width=\"144\" height=\"96\" src=\"https:\/\/mueller-trade.com\/wp-content\/uploads\/sites\/2\/pure-144x96-1.png\" class=\"attachment-full size-full\" alt=\"Pure\" \/><\/div>\n                <div class=\"title\">\n                    <a href=\"https:\/\/mueller-trade.com\/fr\/marke\/pure-fr\/\" alt=\"View all posts in Pure\"><\/a>\n                <\/div>\n                <!--<div class=\"description\"><\/div>--><\/div><\/div>\n\n<p><\/p><\/div><\/div>","protected":false},"excerpt":{"rendered":"<p> [&#8230;]<\/p>\n<p><a class=\"btn btn-secondary understrap-read-more-link\" href=\"https:\/\/mueller-trade.com\/fr\/marques\/\">plus<span class=\"screen-reader-text\"> from Marques<\/span><\/a><\/p>\n","protected":false},"author":1,"featured_media":0,"parent":0,"menu_order":8,"comment_status":"closed","ping_status":"closed","template":"page-templates\/no-title.php","meta":{"_acf_changed":false,"inline_featured_image":false,"footnotes":""},"class_list":["post-12391","page","type-page","status-publish","hentry"],"yoast_head":"<title>Marques - M\u00fcller Trade<\/title>\n<meta name=\"robots\" content=\"index, follow, max-snippet:-1, max-image-preview:large, max-video-preview:-1\" \/>\n<link rel=\"canonical\" href=\"https:\/\/mueller-trade.com\/fr\/marques\/\" \/>\n<meta property=\"og:locale\" content=\"fr_FR\" \/>\n<meta property=\"og:type\" content=\"article\" \/>\n<meta property=\"og:title\" content=\"Marques - M\u00fcller Trade\" \/>\n<meta property=\"og:description\" content=\"[...]plus from Marques\" \/>\n<meta property=\"og:url\" content=\"https:\/\/mueller-trade.com\/fr\/marques\/\" \/>\n<meta property=\"og:site_name\" content=\"M\u00fcller Trade\" \/>\n<meta property=\"article:modified_time\" content=\"2024-09-26T15:26:16+00:00\" \/>\n<meta name=\"twitter:card\" content=\"summary_large_image\" \/>\n<meta name=\"twitter:label1\" content=\"Dur\u00e9e de lecture estim\u00e9e\" \/>\n\t<meta name=\"twitter:data1\" content=\"1 minute\" \/>\n<script type=\"application\/ld+json\" class=\"yoast-schema-graph\">{\"@context\":\"https:\/\/schema.org\",\"@graph\":[{\"@type\":\"WebPage\",\"@id\":\"https:\/\/mueller-trade.com\/fr\/marques\/\",\"url\":\"https:\/\/mueller-trade.com\/fr\/marques\/\",\"name\":\"Marques - M\u00fcller Trade\",\"isPartOf\":{\"@id\":\"https:\/\/mueller-trade.com\/fr\/#website\"},\"datePublished\":\"2024-04-05T09:35:38+00:00\",\"dateModified\":\"2024-09-26T15:26:16+00:00\",\"breadcrumb\":{\"@id\":\"https:\/\/mueller-trade.com\/fr\/marques\/#breadcrumb\"},\"inLanguage\":\"fr-FR\",\"potentialAction\":[{\"@type\":\"ReadAction\",\"target\":[\"https:\/\/mueller-trade.com\/fr\/marques\/\"]}]},{\"@type\":\"BreadcrumbList\",\"@id\":\"https:\/\/mueller-trade.com\/fr\/marques\/#breadcrumb\",\"itemListElement\":[{\"@type\":\"ListItem\",\"position\":1,\"name\":\"Startseite\",\"item\":\"https:\/\/mueller-trade.com\/fr\/\"},{\"@type\":\"ListItem\",\"position\":2,\"name\":\"Marques\"}]},{\"@type\":\"WebSite\",\"@id\":\"https:\/\/mueller-trade.com\/fr\/#website\",\"url\":\"https:\/\/mueller-trade.com\/fr\/\",\"name\":\"M\u00fcller Trade\",\"description\":\"VOTRE BOUTIQUE B2B DE V\u00caTEMENTS PROFESSIONNELS\",\"publisher\":{\"@id\":\"https:\/\/mueller-trade.com\/fr\/#organization\"},\"potentialAction\":[{\"@type\":\"SearchAction\",\"target\":{\"@type\":\"EntryPoint\",\"urlTemplate\":\"https:\/\/mueller-trade.com\/fr\/?s={search_term_string}\"},\"query-input\":{\"@type\":\"PropertyValueSpecification\",\"valueRequired\":true,\"valueName\":\"search_term_string\"}}],\"inLanguage\":\"fr-FR\"},{\"@type\":\"Organization\",\"@id\":\"https:\/\/mueller-trade.com\/fr\/#organization\",\"name\":\"M\u00fcller Trade Corporate Clothing\",\"url\":\"https:\/\/mueller-trade.com\/fr\/\",\"logo\":{\"@type\":\"ImageObject\",\"inLanguage\":\"fr-FR\",\"@id\":\"https:\/\/mueller-trade.com\/fr\/#\/schema\/logo\/image\/\",\"url\":\"https:\/\/mueller-trade.com\/wp-content\/uploads\/sites\/2\/cropped-cropped-mt-icon.png\",\"contentUrl\":\"https:\/\/mueller-trade.com\/wp-content\/uploads\/sites\/2\/cropped-cropped-mt-icon.png\",\"width\":512,\"height\":512,\"caption\":\"M\u00fcller Trade Corporate Clothing\"},\"image\":{\"@id\":\"https:\/\/mueller-trade.com\/fr\/#\/schema\/logo\/image\/\"}}]}<\/script>","yoast_head_json":{"title":"Marques - M\u00fcller Trade","robots":{"index":"index","follow":"follow","max-snippet":"max-snippet:-1","max-image-preview":"max-image-preview:large","max-video-preview":"max-video-preview:-1"},"canonical":"https:\/\/mueller-trade.com\/fr\/marques\/","og_locale":"fr_FR","og_type":"article","og_title":"Marques - M\u00fcller Trade","og_description":"[...]plus from Marques","og_url":"https:\/\/mueller-trade.com\/fr\/marques\/","og_site_name":"M\u00fcller Trade","article_modified_time":"2024-09-26T15:26:16+00:00","twitter_card":"summary_large_image","twitter_misc":{"Dur\u00e9e de lecture estim\u00e9e":"1 minute"},"schema":{"@context":"https:\/\/schema.org","@graph":[{"@type":"WebPage","@id":"https:\/\/mueller-trade.com\/fr\/marques\/","url":"https:\/\/mueller-trade.com\/fr\/marques\/","name":"Marques - M\u00fcller Trade","isPartOf":{"@id":"https:\/\/mueller-trade.com\/fr\/#website"},"datePublished":"2024-04-05T09:35:38+00:00","dateModified":"2024-09-26T15:26:16+00:00","breadcrumb":{"@id":"https:\/\/mueller-trade.com\/fr\/marques\/#breadcrumb"},"inLanguage":"fr-FR","potentialAction":[{"@type":"ReadAction","target":["https:\/\/mueller-trade.com\/fr\/marques\/"]}]},{"@type":"BreadcrumbList","@id":"https:\/\/mueller-trade.com\/fr\/marques\/#breadcrumb","itemListElement":[{"@type":"ListItem","position":1,"name":"Startseite","item":"https:\/\/mueller-trade.com\/fr\/"},{"@type":"ListItem","position":2,"name":"Marques"}]},{"@type":"WebSite","@id":"https:\/\/mueller-trade.com\/fr\/#website","url":"https:\/\/mueller-trade.com\/fr\/","name":"M\u00fcller Trade","description":"VOTRE BOUTIQUE B2B DE V\u00caTEMENTS PROFESSIONNELS","publisher":{"@id":"https:\/\/mueller-trade.com\/fr\/#organization"},"potentialAction":[{"@type":"SearchAction","target":{"@type":"EntryPoint","urlTemplate":"https:\/\/mueller-trade.com\/fr\/?s={search_term_string}"},"query-input":{"@type":"PropertyValueSpecification","valueRequired":true,"valueName":"search_term_string"}}],"inLanguage":"fr-FR"},{"@type":"Organization","@id":"https:\/\/mueller-trade.com\/fr\/#organization","name":"M\u00fcller Trade Corporate Clothing","url":"https:\/\/mueller-trade.com\/fr\/","logo":{"@type":"ImageObject","inLanguage":"fr-FR","@id":"https:\/\/mueller-trade.com\/fr\/#\/schema\/logo\/image\/","url":"https:\/\/mueller-trade.com\/wp-content\/uploads\/sites\/2\/cropped-cropped-mt-icon.png","contentUrl":"https:\/\/mueller-trade.com\/wp-content\/uploads\/sites\/2\/cropped-cropped-mt-icon.png","width":512,"height":512,"caption":"M\u00fcller Trade Corporate Clothing"},"image":{"@id":"https:\/\/mueller-trade.com\/fr\/#\/schema\/logo\/image\/"}}]}},"acf":[],"_links":{"self":[{"href":"https:\/\/mueller-trade.com\/fr\/wp-json\/wp\/v2\/pages\/12391"}],"collection":[{"href":"https:\/\/mueller-trade.com\/fr\/wp-json\/wp\/v2\/pages"}],"about":[{"href":"https:\/\/mueller-trade.com\/fr\/wp-json\/wp\/v2\/types\/page"}],"author":[{"embeddable":true,"href":"https:\/\/mueller-trade.com\/fr\/wp-json\/wp\/v2\/users\/1"}],"replies":[{"embeddable":true,"href":"https:\/\/mueller-trade.com\/fr\/wp-json\/wp\/v2\/comments?post=12391"}],"version-history":[{"count":4,"href":"https:\/\/mueller-trade.com\/fr\/wp-json\/wp\/v2\/pages\/12391\/revisions"}],"predecessor-version":[{"id":256891,"href":"https:\/\/mueller-trade.com\/fr\/wp-json\/wp\/v2\/pages\/12391\/revisions\/256891"}],"wp:attachment":[{"href":"https:\/\/mueller-trade.com\/fr\/wp-json\/wp\/v2\/media?parent=12391"}],"curies":[{"name":"wp","href":"https:\/\/api.w.org\/{rel}","templated":true}]}}